{"id":101,"date":"2025-10-21T19:57:35","date_gmt":"2025-10-21T17:57:35","guid":{"rendered":"https:\/\/leramoneurdeseglien.bzh\/?page_id=101"},"modified":"2025-10-21T20:45:40","modified_gmt":"2025-10-21T18:45:40","slug":"101-2","status":"publish","type":"page","link":"https:\/\/www.leramoneurdeseglien.bzh\/de\/101-2\/","title":{"rendered":"Regionale Partner"},"content":{"rendered":"<h2 class=\"wp-block-heading\">\ud83d\udd38 Unsere regionalen Partner<\/h2>\n\n\n\n<p>Wir bevorzugen Partner <strong>lokal, diplomiert und engagiert<\/strong> in der Qualit\u00e4t des Holzbrennstoffs. Die unten aufgef\u00fchrten Unternehmen beteiligen sich an einer <strong>bretonische Dynamik<\/strong> f\u00fcr nachhaltiges und verantwortungsbewusstes Heizen.<\/p>\n\n\n\n<h3 class=\"wp-block-heading\">CelticWood Energie - Rostrenen (22)<\/h3>\n\n\n\n<p>Lokaler Produzent von <strong>trockenes Holz<\/strong> und von <strong>zertifizierte Pellets<\/strong>, aus nachhaltig bewirtschafteten bretonischen W\u00e4ldern. CelticWood gew\u00e4hrleistet die <strong>Lieferung von brennfertigem Scheitholz<\/strong> in den Regionen Morbihan und C\u00f4tes-d'Armor, mit professioneller Verpackung und gleichbleibender Qualit\u00e4t. <a href=\"https:\/\/www.celticwood.fr\" target=\"_blank\" rel=\"noreferrer noopener\">Besuchen Sie die Website \u2192.<\/a><\/p>\n\n\n\n<h3 class=\"wp-block-heading\">CPS Bois - Noyal-Pontivy (56)<\/h3>\n\n\n\n<p><strong>CPS Holz<\/strong> (Central Pellets Services) ist ein bretonischer Anbieter, der sich auf den Verkauf von <strong>Holzpellets, verdichtetes Scheitholz und Brennholz<\/strong>. Das Unternehmen hat seinen Sitz in Noyal-Pontivy und liefert in den gesamten Morbihan und die zentrale Bretagne.<\/p>\n\n\n\n<ul class=\"wp-block-list\">\n<li>DIN+ zertifiziertes 100 % Nadelholzgranulat f\u00fcr optimale Leistung.<\/li>\n\n\n\n<li>Gepresstes Hochleistungsscheitholz aus recycelten S\u00e4gesp\u00e4nen.<\/li>\n\n\n\n<li>Lieferung nach Hause oder Abholung nach Vereinbarung in Noyal-Pontivy.<\/li>\n\n\n\n<li>Umweltfreundliche Produkte mit hohem Heizwert.<\/li>\n<\/ul>\n\n\n\n<p>\ud83d\udc49 Ideal f\u00fcr Privatpersonen oder Gewerbetreibende, die einen hochwertigen Brennstoff suchen, der schnell in die zentrale Bretagne geliefert wird. <a href=\"https:\/\/www.cpsbois.com\" target=\"_blank\" rel=\"noreferrer noopener\">Besuchen Sie die Website \u2192.<\/a><\/p>\n\n\n\n<h3 class=\"wp-block-heading\">Der Schornsteinfeger von Kreiz Breizh - Rostrenen (22)<\/h3>\n\n\n\n<p>Handwerker Schornsteinfeger <strong>Christophe J\u00e9gou<\/strong>, Die in Rostrenen ans\u00e4ssige Firma bietet Schornsteinfegerdienste und die Wartung von Holz- und Pellet\u00f6fen an. <strong>Pelletsverkauf<\/strong> und Pfannen.<\/p>\n\n\n\n<ul class=\"wp-block-list\">\n<li>Verkauf von Pellets, Holz\u00f6fen und Pellet\u00f6fen.<\/li>\n\n\n\n<li>Schnelle Intervention in Kreiz Breizh und Umgebung.<\/li>\n\n\n\n<li>Lokales Unternehmen, das bekannt ist und bei Google gut gelistet ist.<\/li>\n\n\n\n<li>Kontakt: 07 70 28 71 74 - <a href=\"mailto:ramoneurdukb@gmail.com\">ramoneurdukb@gmail.com<\/a><\/li>\n<\/ul>\n\n\n\n<p>\ud83d\udc49 Zuverl\u00e4ssiger Partner f\u00fcr Ihren Bedarf an Brennstoffen und die Wartung von Holzheizger\u00e4ten in der Zentralbretagne. <\/p>\n\n\n\n<h3 class=\"wp-block-heading\">ESAT de Glomel - Glomel (22)<\/h3>\n\n\n\n<p>L\u2019<strong>ESAT von Glomel<\/strong> produziert und vermarktet <strong>hochwertiges Brennholz<\/strong>, Das Holz wird aus Eichen- und Buchenholz in 33 cm oder 50 cm langen Scheiten hergestellt. Das Holz ist trocken, dicht und wird auf Rechnung an Privatpersonen oder Gewerbetreibende verkauft.<\/p>\n\n\n\n<ul class=\"wp-block-list\">\n<li>33 cm oder 50 cm lange Holzscheite, getrocknet und kalibriert.<\/li>\n\n\n\n<li>Lieferung oder Abholung vor Ort auf Anfrage.<\/li>\n\n\n\n<li>Hartholz, hohe Energieeffizienz.<\/li>\n\n\n\n<li>Kontakt: 02 96 29 86 86 - <a href=\"mailto:contact@esatdeglomel.fr\">eric.loriot@esatdeglomel.fr<\/a><\/li>\n<\/ul>\n\n\n\n<p>\ud83d\udc49 Lokaler Partner, der f\u00fcr die Qualit\u00e4t seines Scheitholzes bekannt ist, ideal f\u00fcr regelm\u00e4\u00dfiges und effizientes Heizen. <a href=\"https:\/\/www.franceboisbuche.fr\/fournisseurs-de-bois-de-chauffage\/bretagne\/cotes-darmor\/9954-esat-de-glomel\/\" target=\"_blank\" rel=\"noreferrer noopener\">Offiziellen Steckbrief ansehen \u2192.<\/a><\/p>\n\n\n\n<h3 class=\"wp-block-heading\">Sind Sie ein lokaler Anbieter?<\/h3>\n\n\n\n<p>Bieten Sie Brennholz, Pellets oder zus\u00e4tzliche Dienstleistungen zur Wartung der Ger\u00e4te an?<br>Schlie\u00dfen Sie sich unserem Netzwerk regionaler Partner an und werten Sie Ihr bretonisches Know-how auf. <a href=\"#formulaire-fournisseur\">\ud83d\udc49 Mein Unternehmen vorschlagen<\/a><\/p>\n\n\n\n<div class=\"forminator-guttenberg\"><div class=\"forminator-ui forminator-custom-form forminator-custom-form-110 forminator-design--default  forminator_ajax\" data-forminator-render=\"0\" data-form=\"forminator-module-110\" data-uid=\"69e162a942ef5\"><br\/><\/div><form\n\t\t\t\tid=\"forminator-module-110\"\n\t\t\t\tclass=\"forminator-ui forminator-custom-form forminator-custom-form-110 forminator-design--default  forminator_ajax\"\n\t\t\t\tmethod=\"post\"\n\t\t\t\tdata-forminator-render=\"0\"\n\t\t\t\tdata-form-id=\"110\"\n\t\t\t\tenctype=\"multipart\/form-data\" data-color-option=\"theme\" data-design=\"default\" data-grid=\"open\" style=\"display: none;\"\n\t\t\t\tdata-uid=\"69e162a942ef5\" action=\"\"\n\t\t\t><div role=\"alert\" aria-live=\"polite\" class=\"forminator-response-message forminator-error\" aria-hidden=\"true\"><\/div><div class=\"forminator-row\"><div id=\"name-2\" class=\"forminator-field-name forminator-col forminator-col-12\"><div class=\"forminator-field\"><label for=\"forminator-field-name-2_69e162a942ef5\" id=\"forminator-field-name-2_69e162a942ef5-label\" class=\"forminator-label\">Name und Vorname<\/label><input type=\"text\" name=\"name-2\" value=\"\" placeholder=\"\" id=\"forminator-field-name-2_69e162a942ef5\" class=\"forminator-input forminator-name--field\" aria-required=\"false\" autocomplete=\"name\" \/><\/div><\/div><\/div><div class=\"forminator-row\"><div id=\"name-1\" class=\"forminator-field-name forminator-col forminator-col-12\"><div class=\"forminator-field\"><label for=\"forminator-field-name-1_69e162a942ef5\" id=\"forminator-field-name-1_69e162a942ef5-label\" class=\"forminator-label\">Name des Unternehmens <span class=\"forminator-required\">*<\/span><\/label><input type=\"text\" name=\"name-1\" value=\"\" placeholder=\"\" id=\"forminator-field-name-1_69e162a942ef5\" class=\"forminator-input forminator-name--field\" aria-required=\"true\" autocomplete=\"name\" \/><\/div><\/div><\/div><div class=\"forminator-row\"><div id=\"email-1\" class=\"forminator-field-email forminator-col forminator-col-12\"><div class=\"forminator-field\"><label for=\"forminator-field-email-1_69e162a942ef5\" id=\"forminator-field-email-1_69e162a942ef5-label\" class=\"forminator-label\">E-Mail-Adresse <span class=\"forminator-required\">*<\/span><\/label><input type=\"email\" name=\"email-1\" value=\"\" placeholder=\"\" id=\"forminator-field-email-1_69e162a942ef5\" class=\"forminator-input forminator-email--field\" data-required=\"1\" aria-required=\"true\" autocomplete=\"email\" \/><\/div><\/div><\/div><div class=\"forminator-row\"><div id=\"phone-1\" class=\"forminator-field-phone forminator-col forminator-col-12\"><div class=\"forminator-field\"><label for=\"forminator-field-phone-1_69e162a942ef5\" id=\"forminator-field-phone-1_69e162a942ef5-label\" class=\"forminator-label\">Telefon<\/label><input type=\"text\" name=\"phone-1\" value=\"\" placeholder=\"\" id=\"forminator-field-phone-1_69e162a942ef5\" class=\"forminator-input forminator-field--phone\" data-required=\"\" aria-required=\"false\" autocomplete=\"off\" \/><\/div><\/div><\/div><div class=\"forminator-row\"><div id=\"url-1\" class=\"forminator-field-url forminator-col forminator-col-12\"><div class=\"forminator-field\"><label for=\"forminator-field-url-1_69e162a942ef5\" id=\"forminator-field-url-1_69e162a942ef5-label\" class=\"forminator-label\">Website<\/label><input type=\"url\" name=\"url-1\" value=\"\" placeholder=\"\" id=\"forminator-field-url-1_69e162a942ef5\" class=\"forminator-input forminator-website--field\" data-required=\"\" aria-required=\"false\" \/><\/div><\/div><\/div><div class=\"forminator-row\"><div id=\"select-1\" class=\"forminator-field-select forminator-col forminator-col-12\"><div class=\"forminator-field\"><label for=\"forminator-form-110__field--select-1_69e162a942ef5\" id=\"forminator-form-110__field--select-1_69e162a942ef5-label\" class=\"forminator-label\">Hauptt\u00e4tigkeit<\/label><select  id=\"forminator-form-110__field--select-1_69e162a942ef5\" class=\"forminator-select--field forminator-select2 forminator-select2-multiple\" data-required=\"\" name=\"select-1\" data-default-value=\"\" data-hidden-behavior=\"zero\" data-placeholder=\"\" data-search=\"false\" data-search-placeholder=\"\" data-checkbox=\"false\" data-allow-clear=\"false\" aria-labelledby=\"forminator-form-110__field--select-1_69e162a942ef5-label\"><option value=\"one\"  data-calculation=\"0\">Anbieter von Scheitholz<\/option><option value=\"two\"  data-calculation=\"0\">Lieferant f\u00fcr Pellets \/ Granulate<\/option><option value=\"Ramoneur-ou-fumiste\"  data-calculation=\"0\">Schornsteinfeger oder Rauchfangkehrer<\/option><option value=\"Poseur-d\u2019appareils-de-chauffage\"  data-calculation=\"0\">Installateur von Heizger\u00e4ten<\/option><option value=\"Autre\"  data-calculation=\"0\">Andere<\/option><\/select><\/div><\/div><\/div><div class=\"forminator-row\"><div id=\"textarea-1\" class=\"forminator-field-textarea forminator-col forminator-col-12\"><div class=\"forminator-field\"><label for=\"forminator-field-textarea-1_69e162a942ef5\" id=\"forminator-field-textarea-1_69e162a942ef5-label\" class=\"forminator-label\">Nachricht \/ Vorstellung des Unternehmens <span class=\"forminator-required\">*<\/span><\/label><textarea name=\"textarea-1\" placeholder=\"\" id=\"forminator-field-textarea-1_69e162a942ef5\" class=\"forminator-textarea\" rows=\"6\" style=\"min-height:140px;\" ><\/textarea><\/div><\/div><\/div><div class=\"forminator-row\"><div id=\"upload-1\" class=\"forminator-field-upload forminator-col forminator-col-12\"><div class=\"forminator-field\"><label for=\"forminator-field-upload-1_69e162a942ef5\" id=\"forminator-field-upload-1_69e162a942ef5-label\" class=\"forminator-label\">Eine Datei hochladen<\/label><div class=\"forminator-file-upload\" data-element=\"upload-1_69e162a942ef5\"><input type=\"file\" name=\"upload-1\" id=\"forminator-field-upload-1_69e162a942ef5\" class=\"forminator-input-file\" accept=\".jpg,.jpeg,.jpe,.gif,.png,.bmp,.tiff,.tif,.webp,.avif,.ico,.heic,.heif,.heics,.heifs,.asf,.asx,.wmv,.wmx,.wm,.avi,.divx,.flv,.mov,.qt,.mpeg,.mpg,.mpe,.mp4,.m4v,.ogv,.webm,.mkv,.3gp,.3gpp,.3g2,.3gp2,.txt,.asc,.c,.cc,.h,.srt,.csv,.tsv,.ics,.rtx,.vtt,.mp3,.m4a,.m4b,.aac,.ra,.ram,.wav,.x-wav,.ogg,.oga,.flac,.mid,.midi,.wma,.wax,.mka,.rtf,.pdf,.class,.tar,.zip,.gz,.gzip,.7z,.psd,.xcf,.doc,.pot,.pps,.ppt,.wri,.xla,.xls,.xlt,.xlw,.mdb,.mpp,.docx,.docm,.dotx,.dotm,.xlsx,.xlsm,.xlsb,.xltx,.xltm,.xlam,.pptx,.pptm,.ppsx,.ppsm,.potx,.potm,.ppam,.sldx,.sldm,.onetoc,.onetoc2,.onetmp,.onepkg,.oxps,.xps,.odt,.odp,.ods,.odg,.odc,.odb,.odf,.wp,.wpd,.key,.numbers,.pages\" tabindex=\"-1\"><button id=\"forminator-field-upload-1_69e162a942ef5_button\" class=\"forminator-button forminator-button-upload\" data-id=\"forminator-field-upload-1_69e162a942ef5\">Datei ausw\u00e4hlen<\/button><span data-empty-text=\"Keine Datei ausgew\u00e4hlt\">Keine Datei ausgew\u00e4hlt<\/span><button class=\"forminator-button-delete\" style=\"display: none;\"><i class=\"forminator-icon-close\" aria-hidden=\"true\"><\/i><span class=\"forminator-screen-reader-only\">Hochgeladene Datei l\u00f6schen<\/span><\/button><\/div><\/div><\/div><\/div><div class=\"forminator-row\"><div id=\"checkbox-1\" class=\"forminator-field-checkbox forminator-col forminator-col-12\"><div role=\"group\" class=\"forminator-field required\" aria-labelledby=\"forminator-checkbox-group-forminator-field-checkbox-1-69e162a942ef5-label\"><label id=\"forminator-field-checkbox-1-1-69e162a942ef5-label\" for=\"forminator-field-checkbox-1-1-69e162a942ef5\" class=\"forminator-checkbox\" title=\"Ich bin damit einverstanden, dass meine Daten verwendet werden, um erneut kontaktiert zu werden.\"><input type=\"checkbox\" name=\"checkbox-1[]\" value=\"one\" id=\"forminator-field-checkbox-1-1-69e162a942ef5\" aria-labelledby=\"forminator-field-checkbox-1-1-69e162a942ef5-label\" data-calculation=\"0\"   data-hidden-behavior=\"zero\"\/><span class=\"forminator-checkbox-box\" aria-hidden=\"true\"><\/span><span class=\"forminator-checkbox-label\">Ich bin damit einverstanden, dass meine Daten verwendet werden, um erneut kontaktiert zu werden.<\/span><\/label><\/div><\/div><\/div><input type=\"hidden\" name=\"referer_url\" value=\"\" \/><div class=\"forminator-row forminator-row-last\"><div class=\"forminator-col\"><div class=\"forminator-field\"><button class=\"forminator-button forminator-button-submit\">Senden Sie<\/button><\/div><\/div><\/div><input type=\"hidden\" id=\"forminator_nonce\" name=\"forminator_nonce\" value=\"239bbfeeaf\" \/><input type=\"hidden\" name=\"_wp_http_referer\" value=\"\/de\/wp-json\/wp\/v2\/pages\/101\" \/><input type=\"hidden\" name=\"form_id\" value=\"110\"><input type=\"hidden\" name=\"page_id\" value=\"101\"><input type=\"hidden\" name=\"form_type\" value=\"default\"><input type=\"hidden\" name=\"current_url\" value=\"https:\/\/www.leramoneurdeseglien.bzh\/de\/101-2\/\"><input type=\"hidden\" name=\"render_id\" value=\"0\"><input type=\"hidden\" name=\"action\" value=\"forminator_submit_form_custom-forms\"><input type=\"hidden\" name=\"trp-form-language\" value=\"de\"\/><\/form><\/div>","protected":false},"excerpt":{"rendered":"<p>\ud83d\udd38 Unsere regionalen Partner Wir bevorzugen lokale Partner, die ein Diplom besitzen und sich f\u00fcr die Qualit\u00e4t des Holzbrennstoffs einsetzen. Die im Folgenden vorgestellten Unternehmen tragen zu einer bretonischen Dynamik bei, die sich f\u00fcr nachhaltiges und verantwortungsbewusstes Heizen einsetzt. CelticWood \u00c9nergie - Rostrenen (22) Lokaler Produzent von trockenem Holz und zertifizierten Pellets aus nachhaltig bewirtschafteten bretonischen W\u00e4ldern. CelticWood<\/p>","protected":false},"author":1,"featured_media":0,"parent":0,"menu_order":0,"comment_status":"closed","ping_status":"closed","template":"","meta":{"_kadence_starter_templates_imported_post":false,"_kad_post_transparent":"","_kad_post_title":"","_kad_post_layout":"","_kad_post_sidebar_id":"","_kad_post_content_style":"","_kad_post_vertical_padding":"","_kad_post_feature":"","_kad_post_feature_position":"","_kad_post_header":false,"_kad_post_footer":false,"_kad_post_classname":"","footnotes":""},"class_list":["post-101","page","type-page","status-publish","hentry"],"_links":{"self":[{"href":"https:\/\/www.leramoneurdeseglien.bzh\/de\/wp-json\/wp\/v2\/pages\/101","targetHints":{"allow":["GET"]}}],"collection":[{"href":"https:\/\/www.leramoneurdeseglien.bzh\/de\/wp-json\/wp\/v2\/pages"}],"about":[{"href":"https:\/\/www.leramoneurdeseglien.bzh\/de\/wp-json\/wp\/v2\/types\/page"}],"author":[{"embeddable":true,"href":"https:\/\/www.leramoneurdeseglien.bzh\/de\/wp-json\/wp\/v2\/users\/1"}],"replies":[{"embeddable":true,"href":"https:\/\/www.leramoneurdeseglien.bzh\/de\/wp-json\/wp\/v2\/comments?post=101"}],"version-history":[{"count":12,"href":"https:\/\/www.leramoneurdeseglien.bzh\/de\/wp-json\/wp\/v2\/pages\/101\/revisions"}],"predecessor-version":[{"id":126,"href":"https:\/\/www.leramoneurdeseglien.bzh\/de\/wp-json\/wp\/v2\/pages\/101\/revisions\/126"}],"wp:attachment":[{"href":"https:\/\/www.leramoneurdeseglien.bzh\/de\/wp-json\/wp\/v2\/media?parent=101"}],"curies":[{"name":"wp","href":"https:\/\/api.w.org\/{rel}","templated":true}]}}