{"id":143,"date":"2025-10-26T13:18:52","date_gmt":"2025-10-26T12:18:52","guid":{"rendered":"https:\/\/leramoneurdeseglien.bzh\/?page_id=143"},"modified":"2025-12-24T18:27:10","modified_gmt":"2025-12-24T17:27:10","slug":"a-propos","status":"publish","type":"page","link":"https:\/\/www.leramoneurdeseglien.bzh\/de\/a-propos\/","title":{"rendered":"Schornsteinfeger Morbihan - Handwerker mit COSTIC-Diplom | Der Schornsteinfeger von S\u00e9glien"},"content":{"rendered":"<p><strong>Der Schornsteinfeger von S\u00e9glien<\/strong> ist ein Handwerksbetrieb mit Sitz in <strong>S\u00e9glien<\/strong>, im Herzen des <strong>Morbihan<\/strong>. Spezialisiert auf das <strong>Schornsteinfeger Morbihan<\/strong>, l\u2019entretien de po\u00eales \u00e0 bois , ainsi que la cr\u00e9ation de conduits de fum\u00e9e conformes aux normes <a href=\"https:\/\/www.boutique.afnor.org\/fr-fr\/norme\/nf-dtu-241-p12\/travaux-de-batiment-travaux-de-fumisterie-installation-de-systemes-devacuat\/fa179998\/323066\" target=\"_blank\" rel=\"noreferrer noopener\">DTU 24.1 und 24.2<\/a>, Ich bin in einem Umkreis von 30 km um Seglien t\u00e4tig.<\/p>\n\n\n\n<figure class=\"wp-block-image\"><img decoding=\"async\" src=\"https:\/\/leramoneurdeseglien.bzh\/wp-content\/uploads\/2025\/10\/ramonage-morbihan.jpg\" alt=\"Ramonage Morbihan \u2013 Le Ramoneur de S\u00e9glien\"\/><figcaption class=\"wp-element-caption\">Schornsteinfegereinsatz in S\u00e9glien im Departement Morbihan.<\/figcaption><\/figure>\n\n\n\n<h2 class=\"wp-block-heading\" id=\"un-professionnel-du-ramonage-au-service-de-votre-securite\">Ein professioneller Schornsteinfeger im Dienste Ihrer Sicherheit<\/h2>\n\n\n\n<p>Jede Intervention zielt darauf ab, die <strong>Sicherheit<\/strong> und die <strong>Leistung<\/strong> Ihrer Heizungsanlage.<br>Schornsteinfegen ist mehr als nur Reinigen: Es ist ein wichtiger Schritt, um Schornsteinbr\u00e4nde zu verhindern, Partikelemissionen zu begrenzen und einen guten Zug zu gew\u00e4hrleisten.<br>Ich wende rigorose und moderne Methoden an, darunter das <strong>rotierender mechanischer Schornsteinfeger<\/strong>, Das Ergebnis ist ein dauerhaftes und effektives Ergebnis.<\/p>\n\n\n\n<p>\u00dcber die Intervention hinaus nehme ich mir immer Zeit, um <strong>meine Klienten beraten<\/strong> : die Funktionsweise ihrer Anlage erkl\u00e4ren, sie \u00fcber die richtige Pflege informieren und ihnen erm\u00f6glichen <strong>den technischen Aspekt verstehen<\/strong> von meinem Beruf.<br>Dieser p\u00e4dagogische Ansatz ist ein integraler Bestandteil meiner Arbeit und tr\u00e4gt dazu bei, eine <strong>Vertrauensverh\u00e4ltnis<\/strong> nachhaltig mit jedem Haushalt.<\/p>\n\n\n\n<h2 class=\"wp-block-heading\" id=\"des-prestations-completes-en-ramonage-et-entretien\">Umfassende Leistungen bei Schornsteinfegerarbeiten und Wartung<\/h2>\n\n\n\n<ul class=\"wp-block-list\">\n<li>Schornsteinfeger f\u00fcr Holz\u00f6fen, Kamineins\u00e4tze und traditionelle Kamine<\/li>\n\n\n\n<li>Audit und Inspektion von Rauchabz\u00fcgen per Drohne<\/li>\n\n\n\n<li>Erstellen oder Nachr\u00fcsten von Leitungen nach <strong>DTU 24.1 und 24.2<\/strong><\/li>\n\n\n\n<li>Pflegetipps, um die Lebensdauer Ihrer Anlage zu verl\u00e4ngern<\/li>\n<\/ul>\n\n\n\n<p>Bei allen Interventionen wird ein <strong>digitales Schornsteinfegerzertifikat<\/strong> konform mit dem <a href=\"https:\/\/www.legifrance.gouv.fr\/jorf\/id\/JORFTEXT000047746353\" target=\"_blank\" rel=\"noreferrer noopener\">Dekret<\/a><a href=\"https:\/\/www.legifrance.gouv.fr\/jorf\/id\/JORFTEXT000047867286\" target=\"_blank\" rel=\"noreferrer noopener\">e<\/a><a href=\"https:\/\/www.legifrance.gouv.fr\/jorf\/id\/JORFTEXT000047746353\" target=\"_blank\" rel=\"noreferrer noopener\">t Nr. 2023-641<\/a>.<\/p>\n\n\n\n<h2 class=\"wp-block-heading\" id=\"pourquoi-choisir-le-ramoneur-de-seglien\">Warum sollten Sie sich f\u00fcr Le Ramoneur de S\u00e9glien entscheiden?<\/h2>\n\n\n\n<p>Ausgebildet und <strong>Absolvent des <a href=\"https:\/\/www.costic.com\/formations\/presentiel\/maintenance-chauffage\/complet-devenir-ramoneur-fumiste-preparation-au-titre\" target=\"_blank\" rel=\"noopener\">COSTIC<\/a><\/strong>, Ich lege gro\u00dfen Wert darauf, technische Genauigkeit mit einem p\u00e4dagogischen Ansatz zu verbinden. Ich erkl\u00e4re jeden Eingriff, informiere \u00fcber m\u00f6gliche Nichtkonformit\u00e4ten und schlage L\u00f6sungen vor, die auf Ihre Bed\u00fcrfnisse zugeschnitten sind. Meine Verpflichtung: eine <strong>professioneller Schornsteinfeger in Morbihan<\/strong> der die Normen, Ihre Sicherheit und Ihren Komfort beachtet.<\/p>\n\n\n\n<h2 class=\"wp-block-heading\" id=\"zone-dintervention\">Gebiet der Intervention<\/h2>\n\n\n\n<p>Ich interveniere in <strong>S\u00e9glien<\/strong> und im gesamten <strong>Morbihan<\/strong>, sowie in den angrenzenden Gemeinden der C\u00f4tes-d'Armor: Pontivy, Gu\u00e9men\u00e9-sur-Scorff, Silfiac, Plo\u00ebrdut, Guern, Sainte-Brigitte, Plouray, Malgu\u00e9nac, Persquen, Bubry, Perret, Cl\u00e9gu\u00e9rec, Neulliac, Saint-Aignan, Guerl\u00e9dan, Bon-Repos-sur-Blavet, Mellionnec, Plelauff, Plouguern\u00e9vel...<\/p>\n\n\n\n<p>Brauchen Sie einen <strong>Schornsteinfeger in Pontivy<\/strong> oder die Wartung eines Pelletofens in Cl\u00e9gu\u00e9rec? Der Schornsteinfeger von S\u00e9glien kommt zu Ihnen, um saubere, sichere und leistungsf\u00e4hige Anlagen zu gew\u00e4hrleisten.<\/p>\n\n\n\n<h3 class=\"wp-block-heading\" id=\"une-entreprise-locale-et-responsable\">Ein lokales und verantwortungsbewusstes Unternehmen<\/h3>\n\n\n\n<p>Als umweltbewusster Mensch f\u00f6rdere ich die Verwendung von <strong>zertifiziertes Holz<\/strong> und leistungsf\u00e4higen Ger\u00e4ten. Jeder Schornsteinfeger tr\u00e4gt dazu bei, die Energieeffizienz zu verbessern und den Aussto\u00df von Partikeln in die Luft zu verringern. Auf diese Weise verbinde ich Handwerkskunst mit dem Respekt vor der Natur.<\/p>\n\n\n\n<h3 class=\"wp-block-heading\" id=\"contactez-votre-artisan-ramoneur\">Kontaktieren Sie Ihren Schornsteinfeger-Handwerker<\/h3>\n\n\n\n<p>\ud83d\udcde <a href=\"tel:0607853083\">06 07 85 30 83<\/a> - <a href=\"mailto:contact@leramoneurdeseglien.bzh\">contact@leramoneurdeseglien.bzh<\/a><\/p>\n\n\n\n<p>Weitere Informationen finden Sie auch auf unseren Seiten <a href=\"https:\/\/www.leramoneurdeseglien.bzh\/de\/prestations\/\">Leistungen<\/a> und <a href=\"https:\/\/www.leramoneurdeseglien.bzh\/de\/contact\/\">Kontakt<\/a>.<\/p>\n\n\n\n<div class=\"wp-block-rank-math-toc-block\" id=\"rank-math-toc\"><h2>Inhaltsverzeichnis<\/h2><nav><ul><li class=\"\"><a href=\"#un-professionnel-du-ramonage-au-service-de-votre-securite\">Ein professioneller Schornsteinfeger im Dienste Ihrer Sicherheit<\/a><\/li><li class=\"\"><a href=\"#des-prestations-completes-en-ramonage-et-entretien\">Umfassende Leistungen bei Schornsteinfegerarbeiten und Wartung<\/a><\/li><li class=\"\"><a href=\"#pourquoi-choisir-le-ramoneur-de-seglien\">Warum sollten Sie sich f\u00fcr Le Ramoneur de S\u00e9glien entscheiden?<\/a><\/li><li class=\"\"><a href=\"#zone-dintervention\">Gebiet der Intervention<\/a><ul><li class=\"\"><a href=\"#une-entreprise-locale-et-responsable\">Ein lokales und verantwortungsbewusstes Unternehmen<\/a><\/li><li class=\"\"><a href=\"#contactez-votre-artisan-ramoneur\">Kontaktieren Sie Ihren Schornsteinfeger-Handwerker<\/a><\/li><\/ul><\/li><\/ul><\/nav><\/div>","protected":false},"excerpt":{"rendered":"<p>Le Ramoneur de S\u00e9glien est une entreprise artisanale bas\u00e9e \u00e0 S\u00e9glien, au c\u0153ur du Morbihan. Sp\u00e9cialis\u00e9 dans le ramonage Morbihan, l\u2019entretien de po\u00eales \u00e0 bois , ainsi que la cr\u00e9ation de conduits de fum\u00e9e conformes aux normes DTU 24.1 et 24.2, j\u2019interviens dans un secteur de 30km autour de s\u00e9glien Un professionnel du ramonage au&#8230;<\/p>","protected":false},"author":1,"featured_media":0,"parent":0,"menu_order":0,"comment_status":"closed","ping_status":"closed","template":"","meta":{"_kadence_starter_templates_imported_post":false,"_kad_post_transparent":"","_kad_post_title":"","_kad_post_layout":"","_kad_post_sidebar_id":"","_kad_post_content_style":"","_kad_post_vertical_padding":"","_kad_post_feature":"","_kad_post_feature_position":"","_kad_post_header":false,"_kad_post_footer":false,"_kad_post_classname":"","footnotes":""},"class_list":["post-143","page","type-page","status-publish","hentry"],"_links":{"self":[{"href":"https:\/\/www.leramoneurdeseglien.bzh\/de\/wp-json\/wp\/v2\/pages\/143","targetHints":{"allow":["GET"]}}],"collection":[{"href":"https:\/\/www.leramoneurdeseglien.bzh\/de\/wp-json\/wp\/v2\/pages"}],"about":[{"href":"https:\/\/www.leramoneurdeseglien.bzh\/de\/wp-json\/wp\/v2\/types\/page"}],"author":[{"embeddable":true,"href":"https:\/\/www.leramoneurdeseglien.bzh\/de\/wp-json\/wp\/v2\/users\/1"}],"replies":[{"embeddable":true,"href":"https:\/\/www.leramoneurdeseglien.bzh\/de\/wp-json\/wp\/v2\/comments?post=143"}],"version-history":[{"count":7,"href":"https:\/\/www.leramoneurdeseglien.bzh\/de\/wp-json\/wp\/v2\/pages\/143\/revisions"}],"predecessor-version":[{"id":362,"href":"https:\/\/www.leramoneurdeseglien.bzh\/de\/wp-json\/wp\/v2\/pages\/143\/revisions\/362"}],"wp:attachment":[{"href":"https:\/\/www.leramoneurdeseglien.bzh\/de\/wp-json\/wp\/v2\/media?parent=143"}],"curies":[{"name":"wp","href":"https:\/\/api.w.org\/{rel}","templated":true}]}}