{"id":147,"date":"2025-10-26T14:00:49","date_gmt":"2025-10-26T13:00:49","guid":{"rendered":"https:\/\/leramoneurdeseglien.bzh\/?page_id=147"},"modified":"2025-10-26T14:24:52","modified_gmt":"2025-10-26T13:24:52","slug":"147-2","status":"publish","type":"page","link":"https:\/\/www.leramoneurdeseglien.bzh\/de\/147-2\/","title":{"rendered":"Video-Inspektion"},"content":{"rendered":"<h1 class=\"wp-block-heading\">Video-Inspektion und Photogrammetrie von Rauchabz\u00fcgen - hochpr\u00e4zise visuelle Diagnose<\/h1>\n\n\n\n<p>In S\u00e9glien und im gesamten Morbihan f\u00fchre ich <strong>Video-Inspektionen von Rauchabz\u00fcgen<\/strong> zur Kontrolle der Leere nach dem Schornsteinfegen und bald auch <strong>3D-Diagnosen durch Photogrammetrie<\/strong> um den inneren Zustand jedes Kanals genau zu analysieren. Spitzentechnologie im Dienste der Sicherheit, der Einhaltung von Vorschriften und der Energieeffizienz.<\/p>\n\n\n\n<h2 class=\"wp-block-heading\">Video-Inspektion nach dem Schrubben<\/h2>\n\n\n\n<p>Nach jedem Schornsteinfeger schlage ich eine <strong>Videoinspektion auf Leere<\/strong> mit dem \u00fcberpr\u00fcft werden kann, ob der Kanal vollkommen frei ist, ohne Hindernisse oder gef\u00e4hrliche Ablagerungen. Dieser visuelle Schritt best\u00e4tigt die unmittelbare Sicherheit der Installation, bevor das Ger\u00e4t wieder in Betrieb genommen wird.<\/p>\n\n\n\n<ul class=\"wp-block-list\">\n<li>Pr\u00fcfung der Leere und Unversehrtheit der Leitung<\/li>\n\n\n\n<li>Erkennen von Rissen, Ru\u00dfabf\u00e4llen, Nestern oder Umleitungen<\/li>\n\n\n\n<li>Bilder und Beobachtungen in den Interventionsbericht integriert<\/li>\n<\/ul>\n\n\n\n<h2 class=\"wp-block-heading\">Vertiefte Videodiagnose (in Entwicklung)<\/h2>\n\n\n\n<p>Demn\u00e4chst werde ich einen <strong>unabh\u00e4ngige Videodiagnose<\/strong> dank einer <strong>hochaufl\u00f6sende Drehkamera<\/strong> und ein <strong>integriertes LED-Beleuchtungssystem<\/strong>. Diese Leistung wird Folgendes erm\u00f6glichen <strong>kartografieren und genau messen<\/strong> die inneren Defekte einer Leitung - Risse, Korrosion, offene Verbindungen, Umleitungen - zu erkennen und eine <strong>illustrierter Bericht innerhalb von 48 Stunden<\/strong>.<\/p>\n\n\n\n<p><em>Service auf Kostenvoranschlag erh\u00e4ltlich, abh\u00e4ngig von der H\u00f6he und der Konfiguration des Schachts.<\/em><\/p>\n\n\n\n<h2 class=\"wp-block-heading\">3D-Photogrammetrie von Kan\u00e4len - ein neuer Blick auf das Unsichtbare<\/h2>\n\n\n\n<p>In der Entwicklungsphase beruht dieses innovative Verfahren auf der <strong>Photogrammetrie<\/strong> Die dreidimensionale Rekonstruktion des Inneren eines Kanals anhand von Videosequenzen, die w\u00e4hrend der Inspektion aufgenommen wurden.<\/p>\n\n\n\n<p>Diese 3D-Modellierung wird es erm\u00f6glichen :<\/p>\n\n\n\n<ul class=\"wp-block-list\">\n<li>von <strong>die gesamte Geometrie der Leitung visualisieren<\/strong> : Winkel, Umlenkungen, Querschnitts\u00e4nderungen ;<\/li>\n\n\n\n<li>d\u2019<strong>Belastungszonen bewerten<\/strong> oder strukturelle Schw\u00e4che ;<\/li>\n\n\n\n<li>von <strong>einen digitalen Zwilling behalten<\/strong> der Leitung f\u00fcr die zeitliche \u00dcberwachung ;<\/li>\n\n\n\n<li>d\u2019<strong>die R\u00fcckverfolgbarkeit der Interventionen verbessern<\/strong> und Transparenz gegen\u00fcber Kunden und Versicherern.<\/li>\n<\/ul>\n\n\n\n<p>Diese Technologie von <strong>Photogrammetrie von Rauchabz\u00fcgen<\/strong> wird den Schornsteinfeger von S\u00e9glien als einen der wenigen Fachleute positionieren, die in der Lage sind, eine <strong>visuelle Expertise in 3D<\/strong> von Haus- und Gemeinschaftsr\u00e4uchereien.<\/p>\n\n\n\n<p><a href=\"https:\/\/www.leramoneurdeseglien.bzh\/de\/je-souhaite-un-audit-avant-achat-vente\/\">Entdecken Sie die Installationspr\u00fcfung<\/a><\/p>\n\n\n\n<h2 class=\"wp-block-heading\">Gebiet der Intervention<\/h2>\n\n\n\n<p>Basiert in <strong>S\u00e9glien (56160)<\/strong>, Ich bin in Pontivy, Cl\u00e9gu\u00e9rec, Gu\u00e9men\u00e9-sur-Scorff und im ganzen Land t\u00e4tig. <strong>Morbihan (56)<\/strong>. Auf Anfrage auch in die Nachbargemeinden und angrenzenden Departements versetzbar.<\/p>\n\n\n\n<p><strong>Wichtig :<\/strong> diese Inspektion ist kein Ersatz f\u00fcr einen <strong>umfassendes regulatorisches Audit<\/strong> noch ein <strong>normative Berechnung EN 13384-1<\/strong>. Eine umfassende Bewertung von Compliance und Leistung finden Sie unter <a href=\"https:\/\/www.leramoneurdeseglien.bzh\/de\/je-souhaite-un-audit-avant-achat-vente\/\">Audit vor dem Kauf oder Verkauf<\/a>.<\/p>\n\n\n\n<h2 class=\"wp-block-heading\">H\u00e4ufig gestellte Fragen<\/h2>\n\n\n\n<p> <\/p>\n\n\n\n<div class=\"wp-block-esab-accordion esab-b5zh59h0\" data-mode=\"global\"><div class=\"esab__container\">\n<div class=\"wp-block-esab-accordion-child\"><div class=\"esab__head\" role=\"button\" aria-expanded=\"false\"><div class=\"esab__heading_txt\"><p class=\"esab__heading_tag\">Was ist Photogrammetrie?<\/p><\/div><div class=\"esab__icon\"><div class=\"esab__collapse\"> <svg version=\"1.2\" viewbox=\"0 0 24 24\" width=\"24\" height=\"24\"><path fill-rule=\"evenodd\" d=\"m3.5 20.5c-4.7-4.7-4.7-12.3 0-17 4.7-4.7 12.3-4.7 17 0 4.6 4.7 4.6 12.3 0 17-4.7 4.6-12.3 4.6-17 0zm0.9-0.9c4.2 4.2 11 4.2 15.2 0 4.2-4.2 4.2-11 0-15.2-4.2-4.3-11-4.3-15.2 0-4.3 4.2-4.3 11 0 15.2z\"><\/path><path d=\"m11.4 15.9v-3.3h-3.3c-0.3 0-0.6-0.3-0.6-0.6 0-0.4 0.3-0.6 0.6-0.6h3.3v-3.3c0-0.3 0.3-0.6 0.6-0.6 0.3 0 0.6 0.3 0.6 0.6v3.3h3.3c0.3 0 0.6 0.2 0.6 0.6q0 0.2-0.2 0.4-0.2 0.2-0.4 0.2h-3.3v3.3q0 0.2-0.2 0.4-0.2 0.2-0.4 0.2c-0.4 0-0.6-0.3-0.6-0.6z\"><\/path><\/svg> <\/div><div class=\"esab__expand\"> <svg version=\"1.2\" viewbox=\"0 0 24 24\" width=\"24\" height=\"24\"><path fill-rule=\"evenodd\" d=\"m12 24c-6.6 0-12-5.4-12-12 0-6.6 5.4-12 12-12 6.6 0 12 5.4 12 12 0 6.6-5.4 12-12 12zm10.6-12c0-5.9-4.7-10.6-10.6-10.6-5.9 0-10.6 4.7-10.6 10.6 0 5.9 4.7 10.6 10.6 10.6 5.9 0 10.6-4.7 10.6-10.6z\"><\/path><path d=\"m5.6 11.3h12.8v1.4h-12.8z\"><\/path><\/svg> <\/div><\/div><\/div><div class=\"esab__body\">\n<p>Dies ist eine Technik aus der Topografie und Architektur, die ein 3D-Modell aus Videobildern rekonstruiert. Bei Rauchabz\u00fcgen kann man den Rauchabzug aus allen Winkeln betrachten und die Verformungen messen. <\/p>\n<\/div><\/div>\n\n\n\n<div class=\"wp-block-esab-accordion-child\"><div class=\"esab__head\" role=\"button\" aria-expanded=\"false\"><div class=\"esab__heading_txt\"><p class=\"esab__heading_tag\">Warum sollte man eine Leitung in 3D modellieren?<\/p><\/div><div class=\"esab__icon\"><div class=\"esab__collapse\"> <svg version=\"1.2\" viewbox=\"0 0 24 24\" width=\"24\" height=\"24\"><path fill-rule=\"evenodd\" d=\"m3.5 20.5c-4.7-4.7-4.7-12.3 0-17 4.7-4.7 12.3-4.7 17 0 4.6 4.7 4.6 12.3 0 17-4.7 4.6-12.3 4.6-17 0zm0.9-0.9c4.2 4.2 11 4.2 15.2 0 4.2-4.2 4.2-11 0-15.2-4.2-4.3-11-4.3-15.2 0-4.3 4.2-4.3 11 0 15.2z\"><\/path><path d=\"m11.4 15.9v-3.3h-3.3c-0.3 0-0.6-0.3-0.6-0.6 0-0.4 0.3-0.6 0.6-0.6h3.3v-3.3c0-0.3 0.3-0.6 0.6-0.6 0.3 0 0.6 0.3 0.6 0.6v3.3h3.3c0.3 0 0.6 0.2 0.6 0.6q0 0.2-0.2 0.4-0.2 0.2-0.4 0.2h-3.3v3.3q0 0.2-0.2 0.4-0.2 0.2-0.4 0.2c-0.4 0-0.6-0.3-0.6-0.6z\"><\/path><\/svg> <\/div><div class=\"esab__expand\"> <svg version=\"1.2\" viewbox=\"0 0 24 24\" width=\"24\" height=\"24\"><path fill-rule=\"evenodd\" d=\"m12 24c-6.6 0-12-5.4-12-12 0-6.6 5.4-12 12-12 6.6 0 12 5.4 12 12 0 6.6-5.4 12-12 12zm10.6-12c0-5.9-4.7-10.6-10.6-10.6-5.9 0-10.6 4.7-10.6 10.6 0 5.9 4.7 10.6 10.6 10.6 5.9 0 10.6-4.7 10.6-10.6z\"><\/path><path d=\"m5.6 11.3h12.8v1.4h-12.8z\"><\/path><\/svg> <\/div><\/div><\/div><div class=\"esab__body\">\n<p>Um seinen strukturellen Zustand zu dokumentieren, Risiken zu antizipieren und Verrohrungs- oder Renovierungsarbeiten mit un\u00fcbertroffener Genauigkeit zu planen. 3D wird zu einem zuverl\u00e4ssigen visuellen technischen Beweis.<\/p>\n<\/div><\/div>\n\n\n\n<div class=\"wp-block-esab-accordion-child\"><div class=\"esab__head\" role=\"button\" aria-expanded=\"false\"><div class=\"esab__heading_txt\"><p class=\"esab__heading_tag\">Wie lange dauert die Analyse?<\/p><\/div><div class=\"esab__icon\"><div class=\"esab__collapse\"> <svg version=\"1.2\" viewbox=\"0 0 24 24\" width=\"24\" height=\"24\"><path fill-rule=\"evenodd\" d=\"m3.5 20.5c-4.7-4.7-4.7-12.3 0-17 4.7-4.7 12.3-4.7 17 0 4.6 4.7 4.6 12.3 0 17-4.7 4.6-12.3 4.6-17 0zm0.9-0.9c4.2 4.2 11 4.2 15.2 0 4.2-4.2 4.2-11 0-15.2-4.2-4.3-11-4.3-15.2 0-4.3 4.2-4.3 11 0 15.2z\"><\/path><path d=\"m11.4 15.9v-3.3h-3.3c-0.3 0-0.6-0.3-0.6-0.6 0-0.4 0.3-0.6 0.6-0.6h3.3v-3.3c0-0.3 0.3-0.6 0.6-0.6 0.3 0 0.6 0.3 0.6 0.6v3.3h3.3c0.3 0 0.6 0.2 0.6 0.6q0 0.2-0.2 0.4-0.2 0.2-0.4 0.2h-3.3v3.3q0 0.2-0.2 0.4-0.2 0.2-0.4 0.2c-0.4 0-0.6-0.3-0.6-0.6z\"><\/path><\/svg> <\/div><div class=\"esab__expand\"> <svg version=\"1.2\" viewbox=\"0 0 24 24\" width=\"24\" height=\"24\"><path fill-rule=\"evenodd\" d=\"m12 24c-6.6 0-12-5.4-12-12 0-6.6 5.4-12 12-12 6.6 0 12 5.4 12 12 0 6.6-5.4 12-12 12zm10.6-12c0-5.9-4.7-10.6-10.6-10.6-5.9 0-10.6 4.7-10.6 10.6 0 5.9 4.7 10.6 10.6 10.6 5.9 0 10.6-4.7 10.6-10.6z\"><\/path><path d=\"m5.6 11.3h12.8v1.4h-12.8z\"><\/path><\/svg> <\/div><\/div><\/div><div class=\"esab__body\">\n<p>Die Inspektion dauert durchschnittlich 30 bis 60 Minuten. Der Bericht, einschlie\u00dflich der Video- oder 3D-Aufnahmen, wird geliefert unter <strong>48 Stunden<\/strong>.<\/p>\n<\/div><\/div>\n\n\n\n<div class=\"wp-block-esab-accordion-child\"><div class=\"esab__head\" role=\"button\" aria-expanded=\"false\"><div class=\"esab__heading_txt\"><p class=\"esab__heading_tag\">Welche Leitungen k\u00f6nnen inspiziert werden?<\/p><\/div><div class=\"esab__icon\"><div class=\"esab__collapse\"> <svg version=\"1.2\" viewbox=\"0 0 24 24\" width=\"24\" height=\"24\"><path fill-rule=\"evenodd\" d=\"m3.5 20.5c-4.7-4.7-4.7-12.3 0-17 4.7-4.7 12.3-4.7 17 0 4.6 4.7 4.6 12.3 0 17-4.7 4.6-12.3 4.6-17 0zm0.9-0.9c4.2 4.2 11 4.2 15.2 0 4.2-4.2 4.2-11 0-15.2-4.2-4.3-11-4.3-15.2 0-4.3 4.2-4.3 11 0 15.2z\"><\/path><path d=\"m11.4 15.9v-3.3h-3.3c-0.3 0-0.6-0.3-0.6-0.6 0-0.4 0.3-0.6 0.6-0.6h3.3v-3.3c0-0.3 0.3-0.6 0.6-0.6 0.3 0 0.6 0.3 0.6 0.6v3.3h3.3c0.3 0 0.6 0.2 0.6 0.6q0 0.2-0.2 0.4-0.2 0.2-0.4 0.2h-3.3v3.3q0 0.2-0.2 0.4-0.2 0.2-0.4 0.2c-0.4 0-0.6-0.3-0.6-0.6z\"><\/path><\/svg> <\/div><div class=\"esab__expand\"> <svg version=\"1.2\" viewbox=\"0 0 24 24\" width=\"24\" height=\"24\"><path fill-rule=\"evenodd\" d=\"m12 24c-6.6 0-12-5.4-12-12 0-6.6 5.4-12 12-12 6.6 0 12 5.4 12 12 0 6.6-5.4 12-12 12zm10.6-12c0-5.9-4.7-10.6-10.6-10.6-5.9 0-10.6 4.7-10.6 10.6 0 5.9 4.7 10.6 10.6 10.6 5.9 0 10.6-4.7 10.6-10.6z\"><\/path><path d=\"m5.6 11.3h12.8v1.4h-12.8z\"><\/path><\/svg> <\/div><\/div><\/div><div class=\"esab__body\">\n<p>Alle Typen: ein- oder doppelwandiger Edelstahl, flexible Schl\u00e4uche, Terrakotta-T\u00f6pfe, gemauerte Leitungen. Abgeleitete Konfigurationen k\u00f6nnen innerhalb der Grenzen der Zugangssicherheit inspiziert werden.<\/p>\n<\/div><\/div>\n\n\n\n<div class=\"wp-block-esab-accordion-child\"><div class=\"esab__head\" role=\"button\" aria-expanded=\"false\"><div class=\"esab__heading_txt\"><p class=\"esab__heading_tag\">Ist das von der Versicherung abgedeckt?<\/p><\/div><div class=\"esab__icon\"><div class=\"esab__collapse\"> <svg version=\"1.2\" viewbox=\"0 0 24 24\" width=\"24\" height=\"24\"><path fill-rule=\"evenodd\" d=\"m3.5 20.5c-4.7-4.7-4.7-12.3 0-17 4.7-4.7 12.3-4.7 17 0 4.6 4.7 4.6 12.3 0 17-4.7 4.6-12.3 4.6-17 0zm0.9-0.9c4.2 4.2 11 4.2 15.2 0 4.2-4.2 4.2-11 0-15.2-4.2-4.3-11-4.3-15.2 0-4.3 4.2-4.3 11 0 15.2z\"><\/path><path d=\"m11.4 15.9v-3.3h-3.3c-0.3 0-0.6-0.3-0.6-0.6 0-0.4 0.3-0.6 0.6-0.6h3.3v-3.3c0-0.3 0.3-0.6 0.6-0.6 0.3 0 0.6 0.3 0.6 0.6v3.3h3.3c0.3 0 0.6 0.2 0.6 0.6q0 0.2-0.2 0.4-0.2 0.2-0.4 0.2h-3.3v3.3q0 0.2-0.2 0.4-0.2 0.2-0.4 0.2c-0.4 0-0.6-0.3-0.6-0.6z\"><\/path><\/svg> <\/div><div class=\"esab__expand\"> <svg version=\"1.2\" viewbox=\"0 0 24 24\" width=\"24\" height=\"24\"><path fill-rule=\"evenodd\" d=\"m12 24c-6.6 0-12-5.4-12-12 0-6.6 5.4-12 12-12 6.6 0 12 5.4 12 12 0 6.6-5.4 12-12 12zm10.6-12c0-5.9-4.7-10.6-10.6-10.6-5.9 0-10.6 4.7-10.6 10.6 0 5.9 4.7 10.6 10.6 10.6 5.9 0 10.6-4.7 10.6-10.6z\"><\/path><path d=\"m5.6 11.3h12.8v1.4h-12.8z\"><\/path><\/svg> <\/div><\/div><\/div><div class=\"esab__body\">\n<p>Video- und photogrammetrische Inspektionen dienen als <strong>technischer Nachweis<\/strong> aber sie stellen keine Versicherungsdiagnose dar. Sie sind eine sinnvolle Erg\u00e4nzung zu einem <a href=\"https:\/\/www.leramoneurdeseglien.bzh\/de\/je-souhaite-un-audit-avant-achat-vente\/\">Installationsaudit<\/a>.<\/p>\n<\/div><\/div>\n<\/div><\/div>","protected":false},"excerpt":{"rendered":"<p>Video-Inspektion und Photogrammetrie von Rauchabz\u00fcgen - hochpr\u00e4zise visuelle Diagnose In S\u00e9glien und im gesamten Morbihan f\u00fchre ich Video-Inspektionen von Rauchabz\u00fcgen durch, um die Leere nach dem Kehren zu kontrollieren, und bald auch 3D-Diagnosen durch Photogrammetrie, um den inneren Zustand jedes Rauchabzugs genau zu analysieren. Eine Spitzentechnologie in der...<\/p>","protected":false},"author":1,"featured_media":0,"parent":0,"menu_order":0,"comment_status":"closed","ping_status":"closed","template":"","meta":{"_kadence_starter_templates_imported_post":false,"_kad_post_transparent":"","_kad_post_title":"","_kad_post_layout":"","_kad_post_sidebar_id":"","_kad_post_content_style":"","_kad_post_vertical_padding":"","_kad_post_feature":"","_kad_post_feature_position":"","_kad_post_header":false,"_kad_post_footer":false,"_kad_post_classname":"","footnotes":""},"class_list":["post-147","page","type-page","status-publish","hentry"],"_links":{"self":[{"href":"https:\/\/www.leramoneurdeseglien.bzh\/de\/wp-json\/wp\/v2\/pages\/147","targetHints":{"allow":["GET"]}}],"collection":[{"href":"https:\/\/www.leramoneurdeseglien.bzh\/de\/wp-json\/wp\/v2\/pages"}],"about":[{"href":"https:\/\/www.leramoneurdeseglien.bzh\/de\/wp-json\/wp\/v2\/types\/page"}],"author":[{"embeddable":true,"href":"https:\/\/www.leramoneurdeseglien.bzh\/de\/wp-json\/wp\/v2\/users\/1"}],"replies":[{"embeddable":true,"href":"https:\/\/www.leramoneurdeseglien.bzh\/de\/wp-json\/wp\/v2\/comments?post=147"}],"version-history":[{"count":10,"href":"https:\/\/www.leramoneurdeseglien.bzh\/de\/wp-json\/wp\/v2\/pages\/147\/revisions"}],"predecessor-version":[{"id":165,"href":"https:\/\/www.leramoneurdeseglien.bzh\/de\/wp-json\/wp\/v2\/pages\/147\/revisions\/165"}],"wp:attachment":[{"href":"https:\/\/www.leramoneurdeseglien.bzh\/de\/wp-json\/wp\/v2\/media?parent=147"}],"curies":[{"name":"wp","href":"https:\/\/api.w.org\/{rel}","templated":true}]}}