{"id":22,"date":"2025-10-19T19:34:38","date_gmt":"2025-10-19T19:34:38","guid":{"rendered":"https:\/\/leramoneurdeseglien.bzh\/?page_id=22"},"modified":"2025-12-24T18:28:55","modified_gmt":"2025-12-24T17:28:55","slug":"prestations","status":"publish","type":"page","link":"https:\/\/www.leramoneurdeseglien.bzh\/de\/prestations\/","title":{"rendered":"Leistungen"},"content":{"rendered":"<h1 class=\"wp-block-heading\">\ud83d\udd25 Unsere Leistungen<\/h1>\n\n\n\n<h2 class=\"wp-block-heading\">\ud83e\uddf1 Schornsteinfegen von Holz-, Pellet-, \u00d6l- und Gasger\u00e4ten<\/h2>\n\n\n\n<p>Regelm\u00e4\u00dfiges Schornsteinfegen garantiert die <strong>Sicherheit<\/strong>, Die <strong>Leistung<\/strong> und die <strong>Nachhaltigkeit<\/strong> Ihrer Heizungsanlage.<br>Ich helfe bei allen Haushalts- und semiprofessionellen Ger\u00e4ten :<\/p>\n\n\n\n<ul class=\"wp-block-list\">\n<li>\u00d6fen und Kamineins\u00e4tze in <strong>Holzscheit<\/strong><\/li>\n\n\n\n<li>Heizkessel <strong>Heiz\u00f6l<\/strong> und <strong>Gas<\/strong><\/li>\n\n\n\n<li>Offene Feuerstellen, Herde und Zusatzheizger\u00e4te<\/li>\n<\/ul>\n\n\n\n<p>Jede Intervention umfasst :<\/p>\n\n\n\n<ul class=\"wp-block-list\">\n<li>Die <strong>vollst\u00e4ndige mechanische Reinigung des Kanals<\/strong> (B\u00fcrsten pro Igel)<\/li>\n\n\n\n<li>Die <strong>Entstauben des Feuerraums und des Verbindungsrohrs<\/strong><\/li>\n\n\n\n<li>Die <strong>Sichtkontrolle<\/strong> von Sch\u00e4chten und Luken<\/li>\n\n\n\n<li>Die Ausstellung eines <strong>Schornsteinfegerbescheinigung gem\u00e4\u00df DTU 24.1 \/ 24.2<\/strong><\/li>\n<\/ul>\n\n\n\n<blockquote class=\"wp-block-quote is-layout-flow wp-block-quote-is-layout-flow\">\n<p>Jede beobachtete Anomalie (gerissener Schornstein, Ablagerungen, Bel\u00fcftungsprobleme usw.) wird protokolliert und es werden pers\u00f6nliche technische Ratschl\u00e4ge erteilt.<\/p>\n<\/blockquote>\n\n\n\n<hr class=\"wp-block-separator has-alpha-channel-opacity\"\/>\n\n\n\n<h2 class=\"wp-block-heading\">\ud83d\udd0d Audit und Diagnose vor der Installation<\/h2>\n\n\n\n<p>Vor dem Einbau eines Ofens oder der Wiederinbetriebnahme eines bestehenden Schornsteins f\u00fchre ich eine <strong>technisches Voraudit<\/strong> um die Machbarkeit und Konformit\u00e4t der Einrichtung zu bewerten.<\/p>\n\n\n\n<p>Diese Pr\u00fcfung umfasst :<\/p>\n\n\n\n<ul class=\"wp-block-list\">\n<li>L\u2019<strong>Rauchrohrinspektion<\/strong> (Wasserdichtheit, Abmessungen, Materialien)<\/li>\n\n\n\n<li>Die <strong>Kontrolle der Sicherheitsabst\u00e4nde<\/strong> und der Zufuhr von Verbrennungsluft<\/li>\n\n\n\n<li>L\u2019<strong>Ziehungsanalyse<\/strong> und die Messung von Depressionen<\/li>\n\n\n\n<li>Die \u00dcberpr\u00fcfung von <strong>Dachausl\u00e4sse und Rohrkappen<\/strong><\/li>\n\n\n\n<li>Falls n\u00f6tig, kann eine <strong>Inspektion aus der Luft mit einer Drohne<\/strong> um den Stamm und die nicht zug\u00e4nglichen Bereiche zu bewerten<\/li>\n<\/ul>\n\n\n\n<blockquote class=\"wp-block-quote is-layout-flow wp-block-quote-is-layout-flow\">\n<p>Dieses Audit bildet eine zuverl\u00e4ssige Grundlage vor der Erstellung oder dem Austausch von Ger\u00e4ten und garantiert die <strong>\u00dcbereinstimmung mit den DTU und den Anforderungen der Versicherungen<\/strong>.<\/p>\n<\/blockquote>\n\n\n\n<hr class=\"wp-block-separator has-alpha-channel-opacity\"\/>\n\n\n\n<h2 class=\"wp-block-heading\">\ud83e\uddf4 Reinigungsmittel und Haushaltssicherheit<\/h2>\n\n\n\n<p>Bei meinen Interventionen stelle ich eine Auswahl an <strong>zus\u00e4tzliche Produkte und Ausr\u00fcstung<\/strong> die die Lebensdauer der Einrichtungen verl\u00e4ngern und die Sicherheit der Bewohner erh\u00f6hen sollen:<\/p>\n\n\n\n<ul class=\"wp-block-list\">\n<li><strong>Glas- und Oberfl\u00e4chenreiniger<\/strong> f\u00fcr Holz- und Pellet\u00f6fen<\/li>\n\n\n\n<li><strong>Schornsteinfeger- und Anti-Schmutz-Granulat<\/strong> Fachleute<\/li>\n\n\n\n<li><strong>Aerosole f\u00fcr Entfetter, Schmiermittel und technische Reiniger<\/strong><\/li>\n\n\n\n<li><strong>X-Sense Rauch- und Kohlenmonoxidmelder<\/strong>, NF EN 14604 zertifiziert<\/li>\n<\/ul>\n\n\n\n<blockquote class=\"wp-block-quote is-layout-flow wp-block-quote-is-layout-flow\">\n<p>Diese Ger\u00e4te werden direkt im Rahmen des Interviews angeboten, ihre Nutzung erkl\u00e4rt und ihre Funktionsf\u00e4higkeit \u00fcberpr\u00fcft.<\/p>\n<\/blockquote>\n\n\n\n<hr class=\"wp-block-separator has-alpha-channel-opacity\"\/>\n\n\n\n<h2 class=\"wp-block-heading\">\ud83e\uddf1 Erstellung und Renovierung von Rauchabz\u00fcgen<\/h2>\n\n\n\n<p>Ich realisiere die <strong>Schaffung, Anpassung oder Renovierung<\/strong> von Rauchabz\u00fcgen f\u00fcr \u00d6fen, Heizkessel und Kamineins\u00e4tze.<\/p>\n\n\n\n<p>Die Arbeiten werden nach den Vorschriften der <strong>DTU 24.1 und 24.2<\/strong> :<\/p>\n\n\n\n<ul class=\"wp-block-list\">\n<li>Technische Studie und Dimensionierung der Leitung<\/li>\n\n\n\n<li><strong>Starre oder flexible Edelstahlrohre<\/strong> je nach Konfiguration<\/li>\n\n\n\n<li>Verlegen von <strong>doppelwandige isolierte Leitungen<\/strong> (Edelstahl oder emailliert)<\/li>\n\n\n\n<li><strong>Durchf\u00fchrungen durch B\u00f6den und Dachb\u00f6den<\/strong> mit CE-zertifiziertem Zubeh\u00f6r<\/li>\n\n\n\n<li>Verlegen von <strong>H\u00fcte, Soline und Dachausl\u00e4sse<\/strong> angepasst<\/li>\n<\/ul>\n\n\n\n<p>F\u00fcr jede Einrichtung wird ein <strong>abschlie\u00dfende visuelle Kontrolle<\/strong> und einem <strong>Ziehungstest<\/strong>.<\/p>\n\n\n\n<hr class=\"wp-block-separator has-alpha-channel-opacity\"\/>\n\n\n\n<h2 class=\"wp-block-heading\">\ud83d\ude81 H\u00f6heninspektion mit Drohne<\/h2>\n\n\n\n<p>Bestimmte Dachbereiche oder Schornsteinst\u00fcmpfe erfordern einen besonderen Ansatz.<br>Dank der Inspektion durch <strong>Drohne<\/strong>, Ich kann:<\/p>\n\n\n\n<ul class=\"wp-block-list\">\n<li>Stubben und Ausg\u00e4nge von Leitungen sicher kontrollieren<\/li>\n\n\n\n<li>Risse, Infiltrationen oder Zuganomalien identifizieren<\/li>\n\n\n\n<li>Stellen Sie einen <strong>genauer visueller Bericht<\/strong> begleitet von hochaufl\u00f6senden Klischees<\/li>\n<\/ul>\n\n\n\n<blockquote class=\"wp-block-quote is-layout-flow wp-block-quote-is-layout-flow\">\n<p>Diese Technologie erm\u00f6glicht es mir, jeden Eingriff genau zu dokumentieren, ohne unn\u00f6tige Demontage oder Risiken f\u00fcr den Versicherungsschutz.<\/p>\n<\/blockquote>\n\n\n\n<hr class=\"wp-block-separator has-alpha-channel-opacity\"\/>\n\n\n\n<h2 class=\"wp-block-heading\">\ud83e\uddfe Zertifizierung, \u00dcberwachung und R\u00fcckverfolgbarkeit<\/h2>\n\n\n\n<p>F\u00fcr jede Intervention wird ein <strong>vollst\u00e4ndiger Bericht<\/strong> :<\/p>\n\n\n\n<ul class=\"wp-block-list\">\n<li>Schornsteinfegerbescheinigung oder Wartungsnachweis<\/li>\n\n\n\n<li>Technischer Bericht bei Anomalien<\/li>\n\n\n\n<li>Pers\u00f6nliche Beratung zur Verbesserung von Sicherheit, Leistung und Komfort<\/li>\n<\/ul>\n\n\n\n<blockquote class=\"wp-block-quote is-layout-flow wp-block-quote-is-layout-flow\">\n<p>Mein Ziel: einen <strong>klare, dokumentierte und transparente Nachverfolgung<\/strong> an jeden Kunden, f\u00fcr eine gesunde, vorschriftsm\u00e4\u00dfige und dauerhafte Installation.<\/p>\n<\/blockquote>\n\n\n\n<hr class=\"wp-block-separator has-alpha-channel-opacity\"\/>\n\n\n\n<h2 class=\"wp-block-heading\">\ud83d\udccd Einsatzgebiet<\/h2>\n\n\n\n<p>Ich interveniere zu <strong>S\u00e9glien (56160)<\/strong> und die Nachbargemeinden :<br><strong>Gu\u00e9men\u00e9-sur-Scorff, Cl\u00e9gu\u00e9rec, Locmalo, Plo\u00ebrdut, Persquen, Silfiac, Ste-Brigitte, plelauff, Gouarec, Mellionnec, Lango\u00eblan, Guern, Neulliac, St-Aignan, Guerledan, Bon-repos-sur-Blavet, Perret, Inguiniel, Malgu\u00e9nac, Bubry<\/strong>, In den USA und in der Umgebung.<\/p>\n\n\n\n<blockquote class=\"wp-block-quote is-layout-flow wp-block-quote-is-layout-flow\">\n<p>F\u00fcr die Anforderung eines Kostenvoranschlags oder einer Diagnose, <\/p>\n\n\n\n<p>kontaktieren Sie mich unter <strong>06 07 85 30 83<\/strong><\/p>\n\n\n\n<p>per E-Mail an <strong><a>contact@leramoneurdeseglien.bzh<\/a><\/strong><\/p>\n<\/blockquote>","protected":false},"excerpt":{"rendered":"<p>\ud83d\udd25 Nos prestations \ud83e\uddf1 Ramonage d\u2019appareils bois, granul\u00e9s, fioul et gaz Le ramonage r\u00e9gulier garantit la s\u00e9curit\u00e9, la performance et la durabilit\u00e9 de votre installation de chauffage.J\u2019interviens sur l\u2019ensemble des appareils domestiques et semi-professionnels : Chaque intervention comprend : Toute anomalie observ\u00e9e (conduit fissur\u00e9, d\u00e9p\u00f4t de bistre, probl\u00e8me de ventilation, etc.) fait l\u2019objet d\u2019un compte&#8230;<\/p>","protected":false},"author":1,"featured_media":0,"parent":0,"menu_order":2,"comment_status":"closed","ping_status":"closed","template":"","meta":{"_kadence_starter_templates_imported_post":false,"_kad_post_transparent":"","_kad_post_title":"","_kad_post_layout":"","_kad_post_sidebar_id":"","_kad_post_content_style":"","_kad_post_vertical_padding":"","_kad_post_feature":"","_kad_post_feature_position":"","_kad_post_header":false,"_kad_post_footer":false,"_kad_post_classname":"","footnotes":""},"class_list":["post-22","page","type-page","status-publish","hentry"],"_links":{"self":[{"href":"https:\/\/www.leramoneurdeseglien.bzh\/de\/wp-json\/wp\/v2\/pages\/22","targetHints":{"allow":["GET"]}}],"collection":[{"href":"https:\/\/www.leramoneurdeseglien.bzh\/de\/wp-json\/wp\/v2\/pages"}],"about":[{"href":"https:\/\/www.leramoneurdeseglien.bzh\/de\/wp-json\/wp\/v2\/types\/page"}],"author":[{"embeddable":true,"href":"https:\/\/www.leramoneurdeseglien.bzh\/de\/wp-json\/wp\/v2\/users\/1"}],"replies":[{"embeddable":true,"href":"https:\/\/www.leramoneurdeseglien.bzh\/de\/wp-json\/wp\/v2\/comments?post=22"}],"version-history":[{"count":4,"href":"https:\/\/www.leramoneurdeseglien.bzh\/de\/wp-json\/wp\/v2\/pages\/22\/revisions"}],"predecessor-version":[{"id":364,"href":"https:\/\/www.leramoneurdeseglien.bzh\/de\/wp-json\/wp\/v2\/pages\/22\/revisions\/364"}],"wp:attachment":[{"href":"https:\/\/www.leramoneurdeseglien.bzh\/de\/wp-json\/wp\/v2\/media?parent=22"}],"curies":[{"name":"wp","href":"https:\/\/api.w.org\/{rel}","templated":true}]}}