{"id":293,"date":"2025-10-31T19:30:32","date_gmt":"2025-10-31T18:30:32","guid":{"rendered":"https:\/\/leramoneurdeseglien.bzh\/?page_id=293"},"modified":"2025-11-01T21:19:09","modified_gmt":"2025-11-01T20:19:09","slug":"chauffage-bois-energie-propre","status":"publish","type":"page","link":"https:\/\/www.leramoneurdeseglien.bzh\/de\/chauffage-bois-energie-propre\/","title":{"rendered":"Heizen mit Holz: Energie mit Zukunft"},"content":{"rendered":"<p><br><br>Heizen mit Holz: saubere und nachhaltige Energie - Le Ramoneur de S\u00e9glien<\/p>\n\n\n\n<h1 class=\"wp-block-heading\">Heizen mit Holz - eine saubere und anspruchsvolle Energieform<\/h1>\n\n\n\n<p>Holz wird oft f\u00e4lschlicherweise beschuldigt, die Umwelt zu verschmutzen. In Wirklichkeit ist es die <strong>schlechte Verbrennung<\/strong> der die Umwelt verschmutzt, nicht das Holz selbst. Bei richtiger Anwendung, mit einem geeigneten Ger\u00e4t und trockenem Holz geh\u00f6rt das Heizen mit Holz zu den <strong>die sparsamsten, nachhaltigsten und klimafreundlichsten Systeme<\/strong>.<\/p>\n\n\n\n<p>In den letzten Jahren hat sich jedoch ein anderer Diskurs durchgesetzt. Der des <strong>vollelektrisch<\/strong>, Diese Wende ist nicht neutral: Sie entspricht m\u00e4chtigen wirtschaftlichen Interessen. Die gro\u00dfen Energie- und Industriekonzerne sehen in dieser Abh\u00e4ngigkeit von der Elektrizit\u00e4t einen endlosen Markt: den einer voll vernetzten Bev\u00f6lkerung, die vom Netz, den Tarifen und der Energiepolitik abh\u00e4ngig ist.<\/p>\n\n\n\n<p>Man erz\u00e4hlt uns von \u00abemissionsfreien\u00bb Elektroautos, \u00abtugendhaften\u00bb W\u00e4rmepumpen und \u00abholzfreien\u00bb St\u00e4dten. Doch hinter diesen Slogans ist die Realit\u00e4t komplexer: Die Herstellung von Batterien, die Gewinnung seltener Metalle, die Stromerzeugung und die geplante Obsoleszenz verursachen erhebliche Umweltkosten, die oft weit \u00fcber unsere Grenzen hinaus verlagert werden. Dieses Modell gibt vor, sauber zu sein, doch es verlagert die Umweltverschmutzung lediglich - es beseitigt sie nicht.<\/p>\n\n\n\n<p>Umgekehrt ist der <strong>Energieholz<\/strong> beruht auf einem Zyklus <strong>kurz, lokal und beherrschbar<\/strong>. Es ist nicht von einem nationalen Netz oder von Mineralien aus anderen L\u00e4ndern abh\u00e4ngig. Es wird hier geerntet, verarbeitet und verwertet, in unseren W\u00e4ldern, Gemeinden und Gebieten. Holz ist kein Industrieprodukt: Es ist eine lebendige Ressource, die Teil des \u00f6kologischen und sozialen Gleichgewichts unserer l\u00e4ndlichen Gebiete ist. Es ist auch eine der wenigen Energien, die es den Haushalten und Handwerkern noch erm\u00f6glicht, ihre Arbeit zu behalten. <strong>autonom<\/strong> und <strong>Verantwortliche<\/strong>.<\/p>\n\n\n\n<p>Die Europ\u00e4ische Union spricht unter dem Druck einiger Lobbyisten regelm\u00e4\u00dfig \u00fcber die M\u00f6glichkeit von <strong>das Heizen mit Holz einschr\u00e4nken oder verbieten<\/strong> in den n\u00e4chsten Jahrzehnten im Namen einer zentralisierten und vereinheitlichten Energiewende. Eine solche Entscheidung w\u00fcrde dem gesunden Menschenverstand, der Realit\u00e4t vor Ort und dem Know-how tausender Handwerker widersprechen, die jeden Tag daran arbeiten, diese Energie sauberer, sicherer und leistungsf\u00e4higer zu machen.<\/p>\n\n\n\n<p>Die Verteidigung des Heizens mit Holz bedeutet nicht, sich dem Fortschritt zu widersetzen: Es bedeutet, daran zu erinnern, dass die <strong>echte \u00d6kologie<\/strong> l\u00e4sst sich nicht in B\u00fcros verordnen, sondern wird vor Ort mit gesundem Menschenverstand, Augenma\u00df und Respekt aufgebaut. Es bedeutet, sich f\u00fcr eine Energie zu entscheiden <strong>menschlich, lokal und beherrschbar<\/strong>, Sie ist nicht von Lobbyisten oder den Weltm\u00e4rkten abh\u00e4ngig, sondern von Kompetenz, Disziplin und guter Arbeit.<\/p>\n\n\n\n<h2 class=\"wp-block-heading\">Eine klare Flamme: das Zeichen f\u00fcr eine vollst\u00e4ndige und saubere Verbrennung<\/h2>\n\n\n\n<p>Angesichts dieser von der Realit\u00e4t abgekoppelten Reden w\u00e4hle ich jeden Tag das Terrain, die Flamme, das Material. Denn jenseits von Expertendiskussionen l\u00e4sst sich die Wahrheit einer Energie in ihrer Verbrennung ablesen. Die <strong>Holz<\/strong>, Wenn es richtig brennt, spricht es die Sprache des gesunden Menschenverstandes: die Sprache des Feuers, das w\u00e4rmt, ohne zu ersticken, das leuchtet, ohne zu rauchen, und das h\u00e4lt, ohne zu zerst\u00f6ren.<\/p>\n\n\n\n<p><strong>Ein gutes Feuer<\/strong> ist an seiner Flamme zu erkennen: klar, lebhaft und gleichm\u00e4\u00dfig. Sie spiegelt eine <strong>vollst\u00e4ndige Verbrennung<\/strong>, Die Luft und das Holz befinden sich in einem nat\u00fcrlichen Gleichgewicht. Dies ist ein Zeichen daf\u00fcr, dass der Schornstein gut funktioniert, der Zug stabil ist und die Anlage in Harmonie mit ihrer Umgebung arbeitet. Eine dunkle, langsame oder unregelm\u00e4\u00dfige Flamme ist dagegen ein Zeichen f\u00fcr einen schlechten Zustand. <strong>Zuganomalie<\/strong>, ein <strong>zu feuchtes Holz<\/strong> oder ein <strong>falsche Lufteinstellung<\/strong>. In diesen F\u00e4llen wird die Verbrennung unvollst\u00e4ndig: Sie verbraucht mehr, heizt weniger und verschmutzt den Schornstein.<\/p>\n\n\n\n<p>Meine Rolle als\u2019<strong>Handwerker mit COSTIC-Diplom<\/strong>, ist es, jedem zu helfen <strong>diese Zeichen verstehen und deuten<\/strong>. Der Zug, die Qualit\u00e4t der Flamme, die Farbe der Ablagerungen, die Ger\u00e4usche im Schornstein: All das erz\u00e4hlt vom Zustand der Anlage. Meine Aufgabe ist es <strong>beobachten, erkl\u00e4ren und korrigieren<\/strong> was die Flamme enth\u00fcllt. Es ist ein Ansatz, der sowohl <strong>technisch und erzieherisch<\/strong>&nbsp;: Dem Eigent\u00fcmer die richtigen Reflexe vermitteln, um sein Ger\u00e4t zu warten, eine gute Verbrennung zu erkennen und St\u00f6rungen zu vermeiden, bevor sie auftreten.<\/p>\n\n\n\n<p>Jedes Feuer ist ein lebendiges Gleichgewicht zwischen der Luft, dem Brennstoff und der Leitung. Wenn diese drei Elemente gut aufeinander abgestimmt sind, wird das Heizen mit Holz zu einem <strong>sicheres, sauberes und nachhaltiges Vergn\u00fcgen<\/strong>. Das ist es, was ich bei jedem Einsatz zu gew\u00e4hrleisten versuche: eine Heizung, die das Heim w\u00e4rmt, ohne die Luft zum Atmen zu beeintr\u00e4chtigen.<\/p>\n\n\n\n<h2 class=\"wp-block-heading\">Leistung, Sicherheit und Konsistenz der Einrichtung<\/h2>\n\n\n\n<p>Eine effiziente Holzheizung beruht auf einem Gleichgewicht zwischen drei Elementen:<\/p>\n\n\n\n<ul class=\"wp-block-list\">\n<li>Eine <strong>geeignetes Ger\u00e4t<\/strong> der Konfiguration der Wohnung und den tats\u00e4chlichen Bed\u00fcrfnissen ;<\/li>\n\n\n\n<li>Eine <strong>konformer Rauchabzug<\/strong> zu den Normen <strong>DTU 24.1 und 24.2<\/strong>, Die Schule ist sehr gut ausgebaut und gepflegt;<\/li>\n\n\n\n<li>Eine <strong>trockenes, hochwertiges Holz<\/strong>, Die Luftfeuchtigkeit ist ein Garant f\u00fcr eine vollst\u00e4ndige Verbrennung und einen guten Wirkungsgrad.<\/li>\n<\/ul>\n\n\n\n<p>Wenn diese Bedingungen erf\u00fcllt sind, wird das Heizen mit Holz zu einer wirklich sauberen, lokalen und nachhaltigen Energie. Diese Koh\u00e4renz versuche ich bei jeder Intervention zu gew\u00e4hrleisten, ob es sich nun um eine <strong>Schornsteinfeger<\/strong>, einer <strong>Diagnose<\/strong> oder einer <strong>Erstellen eines Kanals<\/strong>.<\/p>\n\n\n\n<h2 class=\"wp-block-heading\">Begleiten Sie jeden Kunden auf dem Weg zu einer verantwortungsvollen Nutzung<\/h2>\n\n\n\n<p>Meine Arbeit beschr\u00e4nkt sich nicht nur auf das Schornsteinfegen, sondern umfasst auch die folgenden Aufgaben <strong>informieren und beraten<\/strong> meine Kunden, damit sie das Beste aus ihrem Ger\u00e4t herausholen. Die regelm\u00e4\u00dfige Wartung, die Wahl des Brennstoffs, die Einhaltung der Luftstr\u00f6me und der Sicherheitsabst\u00e4nde sind allesamt wesentliche Punkte, f\u00fcr die ich mir die Zeit nehme, sie zu erkl\u00e4ren, damit ein <strong>sicheres und leistungsstarkes Heizen<\/strong>.<\/p>\n\n\n\n<p>Dieser Bildungsansatz ist ein integraler Bestandteil meines Berufs: Er wertet die Verwendung von Holz als nachhaltige Energie auf und zeigt, dass Leistung nie im Widerspruch zu Verantwortung steht.<\/p>\n\n\n\n<h2 class=\"wp-block-heading\">Kontakt und pers\u00f6nliche Beratung<\/h2>\n\n\n\n<p>Bei Fragen zu Ihrer Holzanlage, ihrer Wartung oder ihrer Konformit\u00e4t, <a href=\"https:\/\/www.leramoneurdeseglien.bzh\/de\/contact\/\" target=\"_blank\" rel=\"noreferrer noopener\">kontaktieren Sie mich \u00fcber das Formular<\/a> oder im <strong>06\u00a007\u00a085\u00a030\u00a083<\/strong>. Ich interveniere in <strong>S\u00e9glien<\/strong> und in der <strong>Morbihan<\/strong>, sowie in den angrenzenden Gemeinden der <strong>C\u00f4tes-d'Armor<\/strong>.<\/p>\n\n\n\n<p>Quellen: <a href=\"https:\/\/agirpourlatransition.ademe.fr\/particuliers\/amenager-maison\/chauffer\/chauffage-bois-moins-consommer-moins-polluer\" target=\"_blank\" rel=\"noopener\">https:\/\/agirpourlatransition.ademe.fr<\/a> <br>               <a href=\"https:\/\/energy.ec.europa.eu\/strategy\/energy-union_en?prefLang=fr\" data-type=\"link\" data-id=\"https:\/\/energy.ec.europa.eu\/strategy\/energy-union_en?prefLang=fr\" target=\"_blank\" rel=\"noopener\">https:\/\/energy.ec.europa.eu\/strategy\/<\/a><\/p>\n\n\n\n<p><\/p>","protected":false},"excerpt":{"rendered":"<p>Heizen mit Holz: saubere und nachhaltige Energie - Le Ramoneur de S\u00e9glien Heizen mit Holz, eine saubere und anspruchsvolle Energie Holz wird oft zu Unrecht beschuldigt, die Umwelt zu verschmutzen. In Wirklichkeit ist es die schlechte Verbrennung, die die Umwelt verschmutzt, nicht das Holz selbst. Bei richtiger Anwendung, mit einem geeigneten Ger\u00e4t und trockenem Holz kann das Heizen...<\/p>","protected":false},"author":1,"featured_media":0,"parent":0,"menu_order":0,"comment_status":"closed","ping_status":"closed","template":"","meta":{"_kadence_starter_templates_imported_post":false,"_kad_post_transparent":"","_kad_post_title":"","_kad_post_layout":"","_kad_post_sidebar_id":"","_kad_post_content_style":"","_kad_post_vertical_padding":"","_kad_post_feature":"","_kad_post_feature_position":"","_kad_post_header":false,"_kad_post_footer":false,"_kad_post_classname":"","footnotes":""},"class_list":["post-293","page","type-page","status-publish","hentry"],"_links":{"self":[{"href":"https:\/\/www.leramoneurdeseglien.bzh\/de\/wp-json\/wp\/v2\/pages\/293","targetHints":{"allow":["GET"]}}],"collection":[{"href":"https:\/\/www.leramoneurdeseglien.bzh\/de\/wp-json\/wp\/v2\/pages"}],"about":[{"href":"https:\/\/www.leramoneurdeseglien.bzh\/de\/wp-json\/wp\/v2\/types\/page"}],"author":[{"embeddable":true,"href":"https:\/\/www.leramoneurdeseglien.bzh\/de\/wp-json\/wp\/v2\/users\/1"}],"replies":[{"embeddable":true,"href":"https:\/\/www.leramoneurdeseglien.bzh\/de\/wp-json\/wp\/v2\/comments?post=293"}],"version-history":[{"count":3,"href":"https:\/\/www.leramoneurdeseglien.bzh\/de\/wp-json\/wp\/v2\/pages\/293\/revisions"}],"predecessor-version":[{"id":304,"href":"https:\/\/www.leramoneurdeseglien.bzh\/de\/wp-json\/wp\/v2\/pages\/293\/revisions\/304"}],"wp:attachment":[{"href":"https:\/\/www.leramoneurdeseglien.bzh\/de\/wp-json\/wp\/v2\/media?parent=293"}],"curies":[{"name":"wp","href":"https:\/\/api.w.org\/{rel}","templated":true}]}}