{"id":310,"date":"2025-11-07T22:18:55","date_gmt":"2025-11-07T21:18:55","guid":{"rendered":"https:\/\/leramoneurdeseglien.bzh\/?page_id=310"},"modified":"2025-11-08T10:16:18","modified_gmt":"2025-11-08T09:16:18","slug":"donnees-personnelles","status":"publish","type":"page","link":"https:\/\/www.leramoneurdeseglien.bzh\/de\/donnees-personnelles\/","title":{"rendered":"Pers\u00f6nliche Daten"},"content":{"rendered":"<h6 class=\"wp-block-heading\" id=\"dp-title\">Letzte Aktualisierung: 7. November 2025<\/h6>\n\n\n\n<h2 class=\"wp-block-heading\" id=\"rgpd\">1. Einhaltung der DSGVO<\/h2>\n\n\n\n<p>Die <strong>Allgemeine Datenschutzverordnung (DSGVO)<\/strong> - Verordnung (EU) 2016\/679 - sch\u00fctzt Ihre Privatsph\u00e4re, indem sie die Erhebung, Verarbeitung und Aufbewahrung Ihrer personenbezogenen Daten regelt. <strong>Der Schornsteinfeger von S\u00e9glien<\/strong> verpflichtet sich zu Verarbeitungen, die mit der DSGVO und dem Gesetz \u00fcber Informatik und Freiheiten im Einklang stehen.<\/p>\n\n\n\n<h2 class=\"wp-block-heading\" id=\"responsable\">2. Verantwortlicher f\u00fcr die Verarbeitung<\/h2>\n\n\n\n<p><strong>Der Schornsteinfeger von S\u00e9glien - Julien Doghramadjian<\/strong><br>56160 S\u00e9glien (Morbihan)<br>Tel. : <a href=\"tel:+33607853083\">06 07 85 30 83<\/a><br>E-Mail: <a href=\"mailto:contact@leramoneurdeseglien.bzh\">contact@leramoneurdeseglien.bzh<\/a><\/p>\n\n\n\n<h2 class=\"wp-block-heading\" id=\"donnees-collectees\">3. Gesammelte Daten<\/h2>\n\n\n\n<p>Wir k\u00f6nnen \u00fcber das Kontaktformular oder w\u00e4hrend unseres beruflichen Austauschs Folgendes sammeln:<\/p>\n\n\n\n<ul class=\"wp-block-list\">\n<li>Name*, Vorname<\/li>\n\n\n\n<li>Postanschrift*<\/li>\n\n\n\n<li>Telefonnummer*<\/li>\n\n\n\n<li>E-Mail-Adresse*<\/li>\n\n\n\n<li>Art des Ger\u00e4ts oder der betroffenen Leistung*.<\/li>\n\n\n\n<li>Fotografien<\/li>\n<\/ul>\n\n\n\n<p>Die mit einem Sternchen (*) gekennzeichneten Felder sind f\u00fcr die Bearbeitung Ihrer Anfrage erforderlich.<\/p>\n\n\n\n<h2 class=\"wp-block-heading\" id=\"finalites\">4. Zweck der Verarbeitung<\/h2>\n\n\n\n<ul class=\"wp-block-list\">\n<li>Beantworten Sie Ihre Kontaktanfragen und erstellen Sie Kostenvoranschl\u00e4ge,<\/li>\n\n\n\n<li>Interventionen organisieren und durchf\u00fchren,<\/li>\n\n\n\n<li>Sicherstellung der Kundenbetreuung (Wartungshistorie, R\u00fcckverfolgbarkeit),<\/li>\n\n\n\n<li>Einhaltung unserer gesetzlichen Verpflichtungen (Rechnungsstellung, Garantien).<\/li>\n<\/ul>\n\n\n\n<p>Es werden keine Daten f\u00fcr Werbezwecke verwendet.<\/p>\n\n\n\n<h2 class=\"wp-block-heading\" id=\"bases-legales\">5. Rechtliche Grundlagen<\/h2>\n\n\n\n<ul class=\"wp-block-list\">\n<li><strong>Durchf\u00fchrung von vorvertraglichen oder vertraglichen Ma\u00dfnahmen<\/strong> (Kostenvoranschlag, Intervention, Nachbereitung),<\/li>\n\n\n\n<li><strong>Rechtm\u00e4\u00dfiges Interesse<\/strong> um einen zuverl\u00e4ssigen und pers\u00f6nlichen Service zu bieten.<\/li>\n<\/ul>\n\n\n\n<h2 class=\"wp-block-heading\" id=\"securite-conservation\">6. Vertraulichkeit, Sicherheit und Aufbewahrung<\/h2>\n\n\n\n<p>Ihre Daten sind <strong>streng vertraulich<\/strong>. Sie werden so lange aufbewahrt, wie es f\u00fcr die Bearbeitung Ihrer Akte erforderlich ist, und dann gem\u00e4\u00df unserer internen Politik archiviert oder gel\u00f6scht (zur Orientierung : <strong>bis zu 3 Jahren<\/strong> nach dem letzten Kontakt f\u00fcr Anfragen ohne vertragliche Folgema\u00dfnahmen).<\/p>\n\n\n\n<p>Sie werden auf <strong>sichere Server<\/strong>, Die Software <strong>Goopi<\/strong>, bearbeitet von <strong>Genlog (N\u00eemes)<\/strong>, eine Branchenl\u00f6sung f\u00fcr professionelle Schornsteinfeger und Rauchfangkehrer. Das Hosting erfolgt in Frankreich oder innerhalb der Europ\u00e4ischen Union.<\/p>\n\n\n\n<p>Wir verkaufen Ihre Daten nicht und f\u00fchren keine Transfers au\u00dferhalb der EU durch. Der Zugriff ist auf Personen und Dienstleister beschr\u00e4nkt, die dazu ordnungsgem\u00e4\u00df befugt sind, und zwar ausschlie\u00dflich zu den oben beschriebenen Zwecken.<\/p>\n\n\n\n<h2 class=\"wp-block-heading\" id=\"droits\">7. Ihre Rechte<\/h2>\n\n\n\n<p>Gem\u00e4\u00df der DSGVO haben Sie folgende Rechte:<\/p>\n\n\n\n<ul class=\"wp-block-list\">\n<li><strong>Zugang<\/strong> zu Ihren Daten,<\/li>\n\n\n\n<li><strong>Schleifen<\/strong> ungenaue Daten,<\/li>\n\n\n\n<li><strong>L\u00f6schen<\/strong> (\u201cRecht auf Vergessenwerden\u201d), sofern anwendbar,<\/li>\n\n\n\n<li><strong>Begrenzung<\/strong> der Behandlung,<\/li>\n\n\n\n<li><strong>Opposition<\/strong> zur Behandlung,<\/li>\n\n\n\n<li><strong>\u00dcbertragbarkeit<\/strong> wenn anwendbar.<\/li>\n<\/ul>\n\n\n\n<p>Um Ihre Rechte auszu\u00fcben : <a href=\"mailto:contact@leramoneurdeseglien.bzh\">contact@leramoneurdeseglien.bzh<\/a>.<br>Sie k\u00f6nnen eine Beschwerde auch an die <a href=\"https:\/\/www.cnil.fr\" target=\"_blank\" rel=\"noopener\">CNIL<\/a>.<\/p>\n\n\n\n<h2 class=\"wp-block-heading\" id=\"destinataires\">8. Adressaten<\/h2>\n\n\n\n<p>Die Daten werden verarbeitet von <strong>Der Schornsteinfeger von S\u00e9glien<\/strong> und ggf. durch <strong>Subunternehmer<\/strong> (Hosting, Business-Tools), die zu strikter Vertraulichkeit und zu Verpflichtungen im Einklang mit der DSGVO verpflichtet sind.<\/p>\n\n\n\n<h2 class=\"wp-block-heading\" id=\"cookies\">9. Cookies und R\u00fcckverfolgbarkeit<\/h2>\n\n\n\n<p>Die Seite <strong>leramoneurdeseglien.bzh<\/strong> legt ab <strong>keine Cookies f\u00fcr die Verfolgung von Werbung<\/strong> noch ein Profiling-Tool. Die einzigen Daten, die gesammelt werden, stammen aus dem Kontaktformular, in voller Transparenz und mit Ihrer Zustimmung.<\/p>\n\n\n\n<h2 class=\"wp-block-heading\" id=\"maj\">10. Aktualisieren<\/h2>\n\n\n\n<p>Diese Richtlinie kann sich \u00e4ndern, um gesetzlichen oder technischen \u00c4nderungen Rechnung zu tragen. Die jeweils aktuelle Version wird stets auf dieser Seite ver\u00f6ffentlicht.<\/p>\n\n\n\n<h2 class=\"wp-block-heading\" id=\"hebergement\">11. Hosting und Datenkontrolle<\/h2>\n\n\n\n<p>Die Seite <strong>leramoneurdeseglien.bzh<\/strong> ist auf einem privaten Server untergebracht, der direkt von <strong>Der Schornsteinfeger von S\u00e9glien<\/strong>, in einem Rechenzentrum <strong>Hetzner Online GmbH<\/strong> die sich in Deutschland (Europ\u00e4ische Union) befindet. Dieses Hosting unter direkter Kontrolle garantiert, dass <strong>die Daten werden nicht durch unn\u00f6tige externe Dienste geleitet<\/strong> und dass sie weiterhin auf sicheren Infrastrukturen gespeichert werden, die der DSGVO entsprechen.<\/p>","protected":false},"excerpt":{"rendered":"<p>Letzte Aktualisierung: 7. November 2025 1. Einhaltung der DSGVO Die Allgemeine Datenschutzverordnung (DSGVO) - Verordnung (EU) 2016\/679 - sch\u00fctzt Ihre Privatsph\u00e4re, indem sie die Erhebung, Verarbeitung und Aufbewahrung Ihrer personenbezogenen Daten regelt. Le Ramoneur de S\u00e9glien verpflichtet sich zu einer DSGVO-konformen Verarbeitung und...<\/p>","protected":false},"author":1,"featured_media":0,"parent":0,"menu_order":0,"comment_status":"closed","ping_status":"closed","template":"","meta":{"_kadence_starter_templates_imported_post":false,"_kad_post_transparent":"","_kad_post_title":"","_kad_post_layout":"","_kad_post_sidebar_id":"","_kad_post_content_style":"","_kad_post_vertical_padding":"","_kad_post_feature":"","_kad_post_feature_position":"","_kad_post_header":false,"_kad_post_footer":false,"_kad_post_classname":"","footnotes":""},"class_list":["post-310","page","type-page","status-publish","hentry"],"_links":{"self":[{"href":"https:\/\/www.leramoneurdeseglien.bzh\/de\/wp-json\/wp\/v2\/pages\/310","targetHints":{"allow":["GET"]}}],"collection":[{"href":"https:\/\/www.leramoneurdeseglien.bzh\/de\/wp-json\/wp\/v2\/pages"}],"about":[{"href":"https:\/\/www.leramoneurdeseglien.bzh\/de\/wp-json\/wp\/v2\/types\/page"}],"author":[{"embeddable":true,"href":"https:\/\/www.leramoneurdeseglien.bzh\/de\/wp-json\/wp\/v2\/users\/1"}],"replies":[{"embeddable":true,"href":"https:\/\/www.leramoneurdeseglien.bzh\/de\/wp-json\/wp\/v2\/comments?post=310"}],"version-history":[{"count":5,"href":"https:\/\/www.leramoneurdeseglien.bzh\/de\/wp-json\/wp\/v2\/pages\/310\/revisions"}],"predecessor-version":[{"id":317,"href":"https:\/\/www.leramoneurdeseglien.bzh\/de\/wp-json\/wp\/v2\/pages\/310\/revisions\/317"}],"wp:attachment":[{"href":"https:\/\/www.leramoneurdeseglien.bzh\/de\/wp-json\/wp\/v2\/media?parent=310"}],"curies":[{"name":"wp","href":"https:\/\/api.w.org\/{rel}","templated":true}]}}