{"id":337,"date":"2025-11-08T18:03:27","date_gmt":"2025-11-08T17:03:27","guid":{"rendered":"https:\/\/leramoneurdeseglien.bzh\/?page_id=337"},"modified":"2025-11-08T18:16:20","modified_gmt":"2025-11-08T17:16:20","slug":"assurances-garanties","status":"publish","type":"page","link":"https:\/\/www.leramoneurdeseglien.bzh\/de\/assurances-garanties\/","title":{"rendered":"Versicherungen &amp; Garantien"},"content":{"rendered":"<h1 class=\"wp-block-heading\">Berufliche Versicherungen und Garantien<\/h1>\n\n\n\n<p><strong>Der Schornsteinfeger von S\u00e9glien<\/strong> \u00fcbt seine T\u00e4tigkeit unter strikter Einhaltung der gesetzlichen Verpflichtungen aus, die f\u00fcr das Bau- und Heizungsgewerbe gelten. Das Unternehmen ist versichert in <strong>Berufshaftpflicht<\/strong> und in <strong>Zehnjahresgarantie<\/strong> bei der <strong>MAAF Versicherungen S.A.<\/strong><\/p>\n\n\n\n<ul class=\"wp-block-list\">\n<li><strong>Vertrag :<\/strong> Multirisque Professionelle BTP<\/li>\n\n\n\n<li><strong>Policennummer :<\/strong> 156199381 G - MCE - 001<\/li>\n\n\n\n<li><strong>Versicherer :<\/strong> MAAF Assurances S.A. - 79036 Niort Cedex 9 - Unternehmen, das dem Code des assurances (Versicherungsgesetzbuch) unterliegt<\/li>\n<\/ul>\n\n\n\n<p>Zu den garantierten Aktivit\u00e4ten geh\u00f6ren unter anderem:<\/p>\n\n\n\n<ul class=\"wp-block-list\">\n<li>Die <strong>Schornsteinfeger<\/strong> von allen Arten von Leitungen ;<\/li>\n\n\n\n<li>Die Arbeit von <strong>Rauchfangkehrer<\/strong> und die Schaffung oder Sanierung von Rauchabz\u00fcgen ;<\/li>\n\n\n\n<li>L\u2019<strong>Installation und Wartung<\/strong> von Holz\u00f6fen, Pellet\u00f6fen, Heizkesseln, W\u00e4rmepumpen, Klimaanlagen und thermischen Solarsystemen ;<\/li>\n\n\n\n<li>Die <strong>Wartung<\/strong> und die Fehlerbehebung bei Heizungs- und L\u00fcftungsanlagen.<\/li>\n<\/ul>\n\n\n\n<p>Diese Garantien decken Sch\u00e4den :<\/p>\n\n\n\n<ul class=\"wp-block-list\">\n<li>die sich w\u00e4hrend der Ausf\u00fchrung der Arbeiten ereignet haben (<strong>RC Betrieb<\/strong>),<\/li>\n\n\n\n<li>infolge eines Fehlers oder Defekts nach der Intervention (<strong>Berufshaftpflicht<\/strong>),<\/li>\n\n\n\n<li>und St\u00f6rungen, die unter die <strong>Zehnjahresgarantie<\/strong> wenn die Anlage in das Bauwerk eingebaut ist.<\/li>\n<\/ul>\n\n\n\n<p>Die Garantieh\u00f6chstgrenzen sind festgelegt auf :<\/p>\n\n\n\n<ul class=\"wp-block-list\">\n<li>8.000.000 \u20ac f\u00fcr Personensch\u00e4den ;<\/li>\n\n\n\n<li>2.500.000 \u20ac f\u00fcr materielle und immaterielle Folgesch\u00e4den ;<\/li>\n\n\n\n<li>200.000 \u20ac f\u00fcr unfallbedingte Umweltsch\u00e4den.<\/li>\n<\/ul>\n\n\n\n<p>Offizielle Bescheinigungen (Zehnjahresvertrag, Versicherung, Kbis usw.) k\u00f6nnen <strong>auf Anfrage mitgeteilt<\/strong> f\u00fcr jedes Projekt, das ihre Vorlage erfordert.<\/p>\n\n\n\n<p><em>Diese Seite dient dazu, unsere Kunden \u00fcber die Versicherungsgarantien des Unternehmens zu informieren, ohne dass Dokumente mit pers\u00f6nlichen oder vertraulichen Daten ver\u00f6ffentlicht werden.<\/em><\/p>","protected":false},"excerpt":{"rendered":"<p>Versicherungen und Berufsgarantien Der Schornsteinfeger von S\u00e9glien \u00fcbt seine T\u00e4tigkeit unter strikter Einhaltung der gesetzlichen Verpflichtungen aus, die f\u00fcr das Bau- und Heizungsgewerbe gelten. Das Unternehmen ist bei der MAAF Assurances S.A. gegen Berufshaftpflicht und zehnj\u00e4hrige Garantie versichert. Die garantierten T\u00e4tigkeiten umfassen insbesondere: Diese Garantien decken Sch\u00e4den ab:...<\/p>","protected":false},"author":1,"featured_media":0,"parent":0,"menu_order":0,"comment_status":"closed","ping_status":"closed","template":"","meta":{"_kadence_starter_templates_imported_post":false,"_kad_post_transparent":"","_kad_post_title":"","_kad_post_layout":"","_kad_post_sidebar_id":"","_kad_post_content_style":"","_kad_post_vertical_padding":"","_kad_post_feature":"","_kad_post_feature_position":"","_kad_post_header":false,"_kad_post_footer":false,"_kad_post_classname":"","footnotes":""},"class_list":["post-337","page","type-page","status-publish","hentry"],"_links":{"self":[{"href":"https:\/\/www.leramoneurdeseglien.bzh\/de\/wp-json\/wp\/v2\/pages\/337","targetHints":{"allow":["GET"]}}],"collection":[{"href":"https:\/\/www.leramoneurdeseglien.bzh\/de\/wp-json\/wp\/v2\/pages"}],"about":[{"href":"https:\/\/www.leramoneurdeseglien.bzh\/de\/wp-json\/wp\/v2\/types\/page"}],"author":[{"embeddable":true,"href":"https:\/\/www.leramoneurdeseglien.bzh\/de\/wp-json\/wp\/v2\/users\/1"}],"replies":[{"embeddable":true,"href":"https:\/\/www.leramoneurdeseglien.bzh\/de\/wp-json\/wp\/v2\/comments?post=337"}],"version-history":[{"count":3,"href":"https:\/\/www.leramoneurdeseglien.bzh\/de\/wp-json\/wp\/v2\/pages\/337\/revisions"}],"predecessor-version":[{"id":341,"href":"https:\/\/www.leramoneurdeseglien.bzh\/de\/wp-json\/wp\/v2\/pages\/337\/revisions\/341"}],"wp:attachment":[{"href":"https:\/\/www.leramoneurdeseglien.bzh\/de\/wp-json\/wp\/v2\/media?parent=337"}],"curies":[{"name":"wp","href":"https:\/\/api.w.org\/{rel}","templated":true}]}}