{"id":42,"date":"2025-10-20T20:15:15","date_gmt":"2025-10-20T18:15:15","guid":{"rendered":"https:\/\/leramoneurdeseglien.bzh\/?page_id=42"},"modified":"2025-10-26T21:25:56","modified_gmt":"2025-10-26T20:25:56","slug":"appareils-a-buches-de-bois","status":"publish","type":"page","link":"https:\/\/www.leramoneurdeseglien.bzh\/de\/appareils-a-buches-de-bois\/","title":{"rendered":"Ger\u00e4te mit Holzscheiten"},"content":{"rendered":"<h1 class=\"wp-block-heading\" id=\"\ud83d\udd25-ramonage-poele-bois-morbihan-le-ramoneur-de-seglien\">\ud83d\udd25 Schornsteinfeger Holzofen Morbihan - Le Ramoneur de S\u00e9glien<\/h1>\n\n\n\n<figure class=\"wp-block-image\"><img decoding=\"async\" src=\"https:\/\/leramoneurdeseglien.bzh\/wp-content\/uploads\/2025\/10\/ramonage-poele-bois-morbihan.jpg\" alt=\"Ramonage po\u00eale bois Morbihan \u2013 Le Ramoneur de S\u00e9glien\"\/><figcaption class=\"wp-element-caption\">Rotierender maschineller Schornsteinfeger eines Holzofens in Morbihan.<\/figcaption><\/figure>\n\n\n\n<p>Die <strong>Schornsteinfeger Holzofen Morbihan<\/strong> ist ein wichtiger Vorgang, um die Sicherheit, Leistung und Langlebigkeit Ihrer Anlage zu gew\u00e4hrleisten. Ein sauberer Schornstein sorgt f\u00fcr eine bessere Verbrennung, verringert die Umweltverschmutzung und sch\u00fctzt Ihr Haus vor Brandgefahr. So l\u00e4uft ein kompletter Eingriff ab, der durchgef\u00fchrt wird von <strong>Der Schornsteinfeger von S\u00e9glien<\/strong>, Handwerker mit COSTIC-Diplom.<\/p>\n\n\n\n<h2 class=\"wp-block-heading\" id=\"\ud83d\udd52-1-arrivee-et-prise-de-contact\">\ud83d\udd52 1. Ankunft und Kontaktaufnahme<\/h2>\n\n\n\n<p>P\u00fcnktlich (oder fast p\u00fcnktlich, je nach bretonischem Verkehr!) erscheine ich bei Ihnen, um Ihre <strong>Schornsteinfeger Holzofen Morbihan<\/strong>. Wir tauschen uns kurz aus, um die Art des Ger\u00e4ts (Ofen, Einsatz, Kamin, Herd) zu ermitteln und das Material an den Schacht anzupassen.<\/p>\n\n\n\n<h2 class=\"wp-block-heading\" id=\"\ud83e\uddf0-2-preparation-du-chantier\">\ud83e\uddf0 2. Vorbereitung der Baustelle<\/h2>\n\n\n\n<p>Bevor ich beginne, sichere ich den Einsatzbereich mit :<\/p>\n\n\n\n<ul class=\"wp-block-list\">\n<li>Bodenschutz gegen Staub ;<\/li>\n\n\n\n<li>Eine Plane \u00fcber dem Herd, um Spritzer zu vermeiden ;<\/li>\n\n\n\n<li>Ein professioneller Staubsauger, um den feinen Ru\u00df aufzufangen (bitte eine Steckdose bereitstellen \u26a1).<\/li>\n<\/ul>\n\n\n\n<p><em>\ud83d\udca1 Tipp: Wie vor einem Zahnarzttermin sollten Sie daran denken, den Aschenbecher zu leeren und Ihren Ofen leicht zu reinigen, das erleichtert den Eingriff und macht ihn f\u00fcr alle angenehmer.<\/em><\/p>\n\n\n\n<h2 class=\"wp-block-heading\" id=\"\ud83e\uddf9-3-ramonage-mecanique-rotatif\">\ud83e\uddf9 3. Rotierender mechanischer Schornsteinfeger<\/h2>\n\n\n\n<p>Die <strong>Schornsteinfeger Holzofen Morbihan<\/strong> erfolgt nach der Methode <strong>mechanisch rotierend<\/strong> Die flexible, mit einem Schrauber verbundene Rute treibt einen Igel an, der dem Durchmesser und der Beschaffenheit des Rohrs angepasst ist. Diese Technik ist leistungsstark und gleichzeitig schonend f\u00fcr das Futterrohr: Sie l\u00f6st effektiv Ru\u00df- und leichte Bistreablagerungen, ohne das Futterrohr zu besch\u00e4digen.<\/p>\n\n\n\n<p>Ergebnis: ein <strong>vollkommen saubere Leitung<\/strong>, ein <strong>wiederhergestellte Auflage<\/strong> und eine <strong>stabilere Verbrennung<\/strong> f\u00fcr Ihre n\u00e4chsten Feuer. Sie profitieren von einem leistungsst\u00e4rkeren Ger\u00e4t, einer besseren Luftqualit\u00e4t und mehr Sicherheit.<\/p>\n\n\n\n<h2 class=\"wp-block-heading\" id=\"\ud83c\udfa5-4-controle-camera\">\ud83c\udfa5 4. Kamerasteuerung<\/h2>\n\n\n\n<p>Nachdem ich den Kanal gereinigt habe, f\u00fchre ich eine <strong>Kamerasteuerung<\/strong> um zu \u00fcberpr\u00fcfen :<\/p>\n\n\n\n<ul class=\"wp-block-list\">\n<li>Die vollst\u00e4ndige Leere des Kanals ;<\/li>\n\n\n\n<li>Das Fehlen von Rissen, Ablenkungen, Verstopfungen oder verh\u00e4rtetem Bister ;<\/li>\n\n\n\n<li>Der Zustand des Rohres und der Dichtungen.<\/li>\n<\/ul>\n\n\n\n<p>Die aufgenommenen Bilder und Fotos werden archiviert und in Ihre <strong>Schornsteinfegerbericht<\/strong>.<\/p>\n\n\n\n<h2 class=\"wp-block-heading\" id=\"\ud83d\ude81-5-verification-en-souche-par-drone\">\ud83d\ude81 5. \u00dcberpr\u00fcfung am Baumstumpf (durch Drohne)<\/h2>\n\n\n\n<p>In \u00dcbereinstimmung mit dem\u2019<a href=\"https:\/\/www.legifrance.gouv.fr\/jorf\/id\/JORFTEXT000047746353\" target=\"_blank\" rel=\"noreferrer noopener\">Erlass vom 20. Juli 2023<\/a>, Die Kontrolle des Dachaustritts durch eine Drohne stellt sicher, dass :<\/p>\n\n\n\n<ul class=\"wp-block-list\">\n<li>Der Hut ist in gutem Zustand und sitzt fest ;<\/li>\n\n\n\n<li>Der Schacht ist nicht durch Tr\u00fcmmer oder Nester verstopft ;<\/li>\n\n\n\n<li>Die Ringbel\u00fcftung und der Regenschutz sind konform.<\/li>\n<\/ul>\n\n\n\n<p>Diese Kontrolle erg\u00e4nzt den Schornsteinfeger und stellt sicher, dass die Anlage auf ihrer gesamten H\u00f6he den Vorschriften entspricht.<\/p>\n\n\n\n<h2 class=\"wp-block-heading\" id=\"\ud83d\udccb-6-audit-visuel-de-linstallation\">\ud83d\udccb 6. Visuelle Pr\u00fcfung der Einrichtung<\/h2>\n\n\n\n<p>W\u00e4hrend jeder <strong>Schornsteinfeger Holzofen Morbihan<\/strong>, Ich f\u00fchre eine <strong>vollst\u00e4ndiges visuelles Audit<\/strong> der Einrichtung :<\/p>\n\n\n\n<ul class=\"wp-block-list\">\n<li>\u00dcberpr\u00fcfung der Luftzufuhr und der Bel\u00fcftung ;<\/li>\n\n\n\n<li>Zustand der Verbindungsleitung ;<\/li>\n\n\n\n<li>Ablesen des Typenschildes des Kaminofens (falls vorhanden) ;<\/li>\n\n\n\n<li>Inspektion der sichtbaren Teile des Rauchabzugs.<\/li>\n<\/ul>\n\n\n\n<p>Alle diese Informationen werden dokumentiert und archiviert, um eine vollst\u00e4ndige R\u00fcckverfolgbarkeit Ihres Gespr\u00e4chs zu gew\u00e4hrleisten.<\/p>\n\n\n\n<h2 class=\"wp-block-heading\" id=\"\ud83d\udce8-7-compte-rendu-et-certificat-numerique\">\ud83d\udce8 7. Protokoll und digitales Zertifikat<\/h2>\n\n\n\n<p>Am Ende jedes <strong>Schornsteinfeger Holzofen Morbihan<\/strong>, Ich schreibe einen <strong>digitales Schornsteinfegerzertifikat<\/strong> den gesetzlichen Anforderungen entspricht. Er enth\u00e4lt die Beobachtungen, Fotos (Kamera, Drohne, Luftzufuhr) und eventuelle Bemerkungen. Sie erhalten ihn innerhalb weniger Stunden nach der Intervention per E-Mail.<\/p>\n\n\n\n<h2 class=\"wp-block-heading\" id=\"\ud83d\udd12-pourquoi-un-tel-soin\">\ud83d\udd12 Warum eine solche Sorgfalt?<\/h2>\n\n\n\n<p>Weil ein <strong>professioneller Schornsteinfeger<\/strong>, Es ist vor allem eine Frage der <strong>Sicherheit, Leistung und Konformit\u00e4t<\/strong>. Ein sauberer und gepflegter Schacht ist :<\/p>\n\n\n\n<ul class=\"wp-block-list\">\n<li>Ein optimaler Zug und eine sauberere Verbrennung ;<\/li>\n\n\n\n<li>Geringerer Verbrauch und bessere Leistung ;<\/li>\n\n\n\n<li>Eine l\u00e4ngere Lebensdauer des Ofens und der Leitung ;<\/li>\n\n\n\n<li>V\u00f6llige Ruhe gegen\u00fcber Ihrer Hausratversicherung.<\/li>\n<\/ul>\n\n\n\n<h3 class=\"wp-block-heading\" id=\"\ud83e\uddef-le-conseil-du-ramoneur\">\ud83e\uddef Der Rat des Schornsteinfegers<\/h3>\n\n\n\n<p>Ein Holzofen ist wie ein Musikinstrument: Er funktioniert am besten, wenn er gestimmt ist. <strong>Leeren Sie regelm\u00e4\u00dfig die Asche, reinigen Sie das Fenster, lassen Sie es atmen<\/strong>... und er wird es Ihnen mit einer hellen Flamme und milder W\u00e4rme den ganzen Winter \u00fcber vergelten.<\/p>\n\n\n\n<h3 class=\"wp-block-heading\" id=\"\ud83d\udccd-zone-dintervention\">\ud83d\udccd Einsatzgebiet<\/h3>\n\n\n\n<p>Basiert in <strong>S\u00e9glien<\/strong>, Ich interveniere f\u00fcr den <strong>Schornsteinfeger Holzofen Morbihan<\/strong> und in den angrenzenden Gemeinden der C\u00f4tes-d'Armor: Pontivy, Gu\u00e9men\u00e9-sur-Scorff, Cl\u00e9gu\u00e9rec, Plo\u00ebrdut, Bubry, Malgu\u00e9nac, Persquen, Plouray, Guerl\u00e9dan, Mellionnec, Plelauff, Plouguern\u00e9vel...<\/p>\n\n\n\n<h4 class=\"wp-block-heading\" id=\"\ud83d\udcde-contact\">\ud83d\udcde Kontakt<\/h4>\n\n\n\n<p>F\u00fcr einen <strong>Schornsteinfeger Holzofen Morbihan<\/strong> professionell :<br>\ud83d\udcde <a href=\"tel:0607853083\">06 07 85 30 83<\/a><br>\u2709\ufe0f <a href=\"mailto:contact@leramoneurdeseglien.bzh\">contact@leramoneurdeseglien.bzh<\/a><br><strong>Der Schornsteinfeger von S\u00e9glien<\/strong> - Handwerker mit COSTIC-Diplom.<\/p>\n\n\n\n<div class=\"wp-block-rank-math-toc-block\" id=\"rank-math-toc\"><h2>Inhaltsverzeichnis<\/h2><nav><ul><li class=\"\"><a href=\"#\ud83d\udd25-ramonage-poele-bois-morbihan-le-ramoneur-de-seglien\">\ud83d\udd25 Schornsteinfeger Holzofen Morbihan - Le Ramoneur de S\u00e9glien<\/a><ul><li class=\"\"><a href=\"#\ud83d\udd52-1-arrivee-et-prise-de-contact\">\ud83d\udd52 1. Ankunft und Kontaktaufnahme<\/a><\/li><li class=\"\"><a href=\"#\ud83e\uddf0-2-preparation-du-chantier\">\ud83e\uddf0 2. Vorbereitung der Baustelle<\/a><\/li><li class=\"\"><a href=\"#\ud83e\uddf9-3-ramonage-mecanique-rotatif\">\ud83e\uddf9 3. Rotierender mechanischer Schornsteinfeger<\/a><\/li><li class=\"\"><a href=\"#\ud83c\udfa5-4-controle-camera\">\ud83c\udfa5 4. Kamerasteuerung<\/a><\/li><li class=\"\"><a href=\"#\ud83d\ude81-5-verification-en-souche-par-drone\">\ud83d\ude81 5. \u00dcberpr\u00fcfung am Baumstumpf (durch Drohne)<\/a><\/li><li class=\"\"><a href=\"#\ud83d\udccb-6-audit-visuel-de-linstallation\">\ud83d\udccb 6. Visuelle Pr\u00fcfung der Einrichtung<\/a><\/li><li class=\"\"><a href=\"#\ud83d\udce8-7-compte-rendu-et-certificat-numerique\">\ud83d\udce8 7. Protokoll und digitales Zertifikat<\/a><\/li><li class=\"\"><a href=\"#\ud83d\udd12-pourquoi-un-tel-soin\">\ud83d\udd12 Warum eine solche Sorgfalt?<\/a><ul><li class=\"\"><a href=\"#\ud83e\uddef-le-conseil-du-ramoneur\">\ud83e\uddef Der Rat des Schornsteinfegers<\/a><\/li><li class=\"\"><a href=\"#\ud83d\udccd-zone-dintervention\">\ud83d\udccd Einsatzgebiet<\/a><ul><li class=\"\"><a href=\"#\ud83d\udcde-contact\">\ud83d\udcde Kontakt<\/a><\/li><\/ul><\/li><\/ul><\/li><\/ul><\/li><\/ul><\/nav><\/div>","protected":false},"excerpt":{"rendered":"<p>\ud83d\udd25 Ramonage po\u00eale bois Morbihan \u2013 Le Ramoneur de S\u00e9glien Le ramonage po\u00eale bois Morbihan est une op\u00e9ration essentielle pour garantir la s\u00e9curit\u00e9, la performance et la long\u00e9vit\u00e9 de votre installation. Un conduit propre assure une meilleure combustion, r\u00e9duit la pollution et prot\u00e8ge votre habitation contre les risques d\u2019incendie. Voici comment se d\u00e9roule une intervention&#8230;<\/p>","protected":false},"author":1,"featured_media":0,"parent":0,"menu_order":0,"comment_status":"closed","ping_status":"closed","template":"","meta":{"_kadence_starter_templates_imported_post":false,"_kad_post_transparent":"","_kad_post_title":"","_kad_post_layout":"","_kad_post_sidebar_id":"","_kad_post_content_style":"","_kad_post_vertical_padding":"","_kad_post_feature":"","_kad_post_feature_position":"","_kad_post_header":false,"_kad_post_footer":false,"_kad_post_classname":"","footnotes":""},"class_list":["post-42","page","type-page","status-publish","hentry"],"_links":{"self":[{"href":"https:\/\/www.leramoneurdeseglien.bzh\/de\/wp-json\/wp\/v2\/pages\/42","targetHints":{"allow":["GET"]}}],"collection":[{"href":"https:\/\/www.leramoneurdeseglien.bzh\/de\/wp-json\/wp\/v2\/pages"}],"about":[{"href":"https:\/\/www.leramoneurdeseglien.bzh\/de\/wp-json\/wp\/v2\/types\/page"}],"author":[{"embeddable":true,"href":"https:\/\/www.leramoneurdeseglien.bzh\/de\/wp-json\/wp\/v2\/users\/1"}],"replies":[{"embeddable":true,"href":"https:\/\/www.leramoneurdeseglien.bzh\/de\/wp-json\/wp\/v2\/comments?post=42"}],"version-history":[{"count":9,"href":"https:\/\/www.leramoneurdeseglien.bzh\/de\/wp-json\/wp\/v2\/pages\/42\/revisions"}],"predecessor-version":[{"id":279,"href":"https:\/\/www.leramoneurdeseglien.bzh\/de\/wp-json\/wp\/v2\/pages\/42\/revisions\/279"}],"wp:attachment":[{"href":"https:\/\/www.leramoneurdeseglien.bzh\/de\/wp-json\/wp\/v2\/media?parent=42"}],"curies":[{"name":"wp","href":"https:\/\/api.w.org\/{rel}","templated":true}]}}