{"id":82,"date":"2025-10-21T08:15:21","date_gmt":"2025-10-21T06:15:21","guid":{"rendered":"https:\/\/leramoneurdeseglien.bzh\/?page_id=82"},"modified":"2025-10-26T21:30:44","modified_gmt":"2025-10-26T20:30:44","slug":"bois-de-chauffage","status":"publish","type":"page","link":"https:\/\/www.leramoneurdeseglien.bzh\/de\/bois-de-chauffage\/","title":{"rendered":"Brennholz"},"content":{"rendered":"<h1 class=\"wp-block-heading\" id=\"\ud83d\udd25-bois-de-chauffage-cadre-reglementaire-et-garanties-de-conformite\">\ud83d\udd25 Brennholz: Rechtsrahmen und Konformit\u00e4tsgarantien<\/h1>\n\n\n\n<h2 class=\"wp-block-heading\" id=\"1-la-reglementation-francaise-du-bois-de-chauffage\">1. Die franz\u00f6sischen Regelungen f\u00fcr Brennholz<\/h2>\n\n\n\n<p>Seit dem <strong>1. September 2022<\/strong>, Der Verkauf von Brennholz an Privatpersonen wird durch das <strong>Dekret Nr. 2022-446 vom 30. M\u00e4rz 2022<\/strong> und die\u2019<strong>Erlass vom 30. M\u00e4rz 2022<\/strong> in Bezug auf die Vermarktung von <em>\u201cgebrauchsfertiges\u201d oder \u201cbrennfertiges\u201d Holz\u201d<\/em>.<br>Diese Texte sollen den Verbrauchern qualitativ hochwertiges, sicheres und umweltfreundliches Holz garantieren und gleichzeitig die Feinstaubemissionen aus der Verbrennung reduzieren.<\/p>\n\n\n\n<p>Gewerbetreibende sind nun verpflichtet, klare und \u00fcberpr\u00fcfbare Informationen \u00fcber die Qualit\u00e4t des verkauften Holzes zu liefern, darunter :<\/p>\n\n\n\n<ul class=\"wp-block-list\">\n<li>Die Baumart (Eiche, Buche, Hainbuche, Esche usw.)<\/li>\n\n\n\n<li>Die L\u00e4nge der Holzscheite<\/li>\n\n\n\n<li>Der Feuchtigkeitsgehalt<\/li>\n\n\n\n<li>das verkaufte Volumen (in Ster, Sch\u00fcttkubikmetern oder gleichwertig)<\/li>\n\n\n\n<li>Der Ursprung des Holzes<\/li>\n\n\n\n<li>Der Status des Trocknens :\n<ul class=\"wp-block-list\">\n<li><strong>Trockenes oder \u201cgebrauchsfertiges\u201d Holz :<\/strong> Feuchtigkeit \u2264 23 %<\/li>\n\n\n\n<li><strong>Holz zum Trocknen :<\/strong> Feuchtigkeit &gt; 23 %<\/li>\n<\/ul>\n<\/li>\n<\/ul>\n\n\n\n<h2 class=\"wp-block-heading\" id=\"2-le-bois-pret-a-bruler\">2. Brennfertiges\u00ab Holz\u00bb<\/h2>\n\n\n\n<p>Der Begriff <strong>\u00abbrennfertiges Holz\u00bb<\/strong> (oder \u00abtrockenes Holz\u00bb) darf nur verwendet werden, wenn das Holz die in dem oben genannten Erlass festgelegten Kriterien erf\u00fcllt, d. h. :<\/p>\n\n\n\n<ul class=\"wp-block-list\">\n<li>Feuchtigkeitsgehalt von h\u00f6chstens 23 %, gemessen an der Rohmasse.<\/li>\n\n\n\n<li>Gesch\u00fctzte und bel\u00fcftete Lagerung vor der Lieferung.<\/li>\n\n\n\n<li>Obligatorische Angabe auf der Rechnung oder dem Lieferschein :\n<ul class=\"wp-block-list\">\n<li>\u201cGebrauchsfertiges Holz\u201d oder \u201cHolz zum Trocknen\u201d.<\/li>\n<\/ul>\n<\/li>\n<\/ul>\n\n\n\n<p>Diese Unterscheidung ist <strong>obligatorisch auf jeder Rechnung<\/strong>, Der Verbraucher sollte sich \u00fcber die tats\u00e4chliche Qualit\u00e4t des gekauften Produkts informieren k\u00f6nnen.<\/p>\n\n\n\n<h2 class=\"wp-block-heading\" id=\"3-les-labels-et-normes-de-qualite\">3. G\u00fctesiegel und Qualit\u00e4tsstandards<\/h2>\n\n\n\n<p>Einige Lieferanten verpflichten sich freiwillig zu einer Zertifizierung, die f\u00fcr Qualit\u00e4t und Transparenz steht:<\/p>\n\n\n\n<ul class=\"wp-block-list\">\n<li><strong>NF Feste Biobrennstoffe<\/strong> : Einhaltung der Norm NF EN ISO 17225-5.<\/li>\n\n\n\n<li><strong>Label France Bois B\u00fbche<\/strong> : einheimisches, gut abgelagertes Holz aus nachhaltig bewirtschafteten W\u00e4ldern.<\/li>\n<\/ul>\n\n\n\n<p>Diese Siegel sind nicht verpflichtend, stellen aber eine <strong>Zusatzgarantie<\/strong> f\u00fcr den Verbraucher und f\u00fcr die Nachhaltigkeit der Branche.<\/p>\n\n\n\n<h2 class=\"wp-block-heading\" id=\"4-pourquoi-privilegier-un-bois-sec\">4. Warum sollte man trockenes Holz bevorzugen?<\/h2>\n\n\n\n<p>Eine <strong>feuchtes Holz<\/strong> verbrennt schlecht, verstopft den Schornstein, f\u00f6rdert die Bildung von Kesselstein und verringert die Leistung des Ofens oder Kamins.<br>Umgekehrt ist ein <strong>gut getrocknetes Holz<\/strong> sichert :<\/p>\n\n\n\n<ul class=\"wp-block-list\">\n<li>Eine vollst\u00e4ndige und sauberere Verbrennung,<\/li>\n\n\n\n<li>Eine bessere Energieeffizienz,<\/li>\n\n\n\n<li>Eine deutliche Verringerung der Partikelemissionen,<\/li>\n\n\n\n<li>Eine l\u00e4ngere Lebensdauer des Rauchfangs.<\/li>\n<\/ul>\n\n\n\n<h2 class=\"wp-block-heading\" id=\"5-facturation-et-mentions-obligatoires\">5. Rechnungsstellung und Pflichtangaben<\/h2>\n\n\n\n<p>Jeder Kauf von Brennholz muss von einer <strong>Rechnung<\/strong> vervollst\u00e4ndigt:<\/p>\n\n\n\n<ul class=\"wp-block-list\">\n<li>Name und Adresse des Verk\u00e4ufers,<\/li>\n\n\n\n<li>Datum der Lieferung,<\/li>\n\n\n\n<li>Bezeichnung des Produkts : \u201cHolz zum Trocknen\u201d oder \u201cgebrauchsfertiges Holz\u201d,<\/li>\n\n\n\n<li>Essenz, L\u00e4nge, Volumen, Feuchtigkeitsgehalt,<\/li>\n\n\n\n<li>Preis pro Einheit und Gesamtpreis inkl. MwSt,<\/li>\n\n\n\n<li>Anwendbarer Mehrwertsteuersatz (<strong>5,5 %<\/strong> f\u00fcr den Hausgebrauch).<\/li>\n<\/ul>\n\n\n\n<p>Diese Transparenz sch\u00fctzt den Verbraucher und erm\u00f6glicht eine vollst\u00e4ndige R\u00fcckverfolgbarkeit des Brennstoffs.<\/p>\n\n\n\n<div class=\"wp-block-rank-math-toc-block\" id=\"rank-math-toc\"><h2>Table of Contents<\/h2><nav><ul><li><a href=\"#\ud83d\udd25-bois-de-chauffage-cadre-reglementaire-et-garanties-de-conformite\">\ud83d\udd25 Brennholz: Rechtsrahmen und Konformit\u00e4tsgarantien<\/a><ul><li><a href=\"#1-la-reglementation-francaise-du-bois-de-chauffage\">1. Die franz\u00f6sischen Regelungen f\u00fcr Brennholz<\/a><\/li><li><a href=\"#2-le-bois-pret-a-bruler\">2. Brennfertiges\u00ab Holz\u00bb<\/a><\/li><li><a href=\"#3-les-labels-et-normes-de-qualite\">3. G\u00fctesiegel und Qualit\u00e4tsstandards<\/a><\/li><li><a href=\"#4-pourquoi-privilegier-un-bois-sec\">4. Warum sollte man trockenes Holz bevorzugen?<\/a><\/li><li><a href=\"#5-facturation-et-mentions-obligatoires\">5. Rechnungsstellung und Pflichtangaben<\/a><\/li><\/ul><\/li><\/ul><\/nav><\/div>","protected":false},"excerpt":{"rendered":"<p>\ud83d\udd25 Bois de chauffage : cadre r\u00e9glementaire et garanties de conformit\u00e9 1. La r\u00e9glementation fran\u00e7aise du bois de chauffage Depuis le 1er septembre 2022, la vente de bois de chauffage aux particuliers est encadr\u00e9e par le d\u00e9cret n\u00b0 2022-446 du 30 mars 2022 et l\u2019arr\u00eat\u00e9 du 30 mars 2022 relatifs \u00e0 la commercialisation du bois&#8230;<\/p>","protected":false},"author":1,"featured_media":0,"parent":0,"menu_order":0,"comment_status":"closed","ping_status":"closed","template":"","meta":{"_kadence_starter_templates_imported_post":false,"_kad_post_transparent":"","_kad_post_title":"","_kad_post_layout":"","_kad_post_sidebar_id":"","_kad_post_content_style":"","_kad_post_vertical_padding":"","_kad_post_feature":"","_kad_post_feature_position":"","_kad_post_header":false,"_kad_post_footer":false,"_kad_post_classname":"","footnotes":""},"class_list":["post-82","page","type-page","status-publish","hentry"],"_links":{"self":[{"href":"https:\/\/www.leramoneurdeseglien.bzh\/de\/wp-json\/wp\/v2\/pages\/82","targetHints":{"allow":["GET"]}}],"collection":[{"href":"https:\/\/www.leramoneurdeseglien.bzh\/de\/wp-json\/wp\/v2\/pages"}],"about":[{"href":"https:\/\/www.leramoneurdeseglien.bzh\/de\/wp-json\/wp\/v2\/types\/page"}],"author":[{"embeddable":true,"href":"https:\/\/www.leramoneurdeseglien.bzh\/de\/wp-json\/wp\/v2\/users\/1"}],"replies":[{"embeddable":true,"href":"https:\/\/www.leramoneurdeseglien.bzh\/de\/wp-json\/wp\/v2\/comments?post=82"}],"version-history":[{"count":4,"href":"https:\/\/www.leramoneurdeseglien.bzh\/de\/wp-json\/wp\/v2\/pages\/82\/revisions"}],"predecessor-version":[{"id":281,"href":"https:\/\/www.leramoneurdeseglien.bzh\/de\/wp-json\/wp\/v2\/pages\/82\/revisions\/281"}],"wp:attachment":[{"href":"https:\/\/www.leramoneurdeseglien.bzh\/de\/wp-json\/wp\/v2\/media?parent=82"}],"curies":[{"name":"wp","href":"https:\/\/api.w.org\/{rel}","templated":true}]}}