{"id":86,"date":"2025-10-21T19:20:28","date_gmt":"2025-10-21T17:20:28","guid":{"rendered":"https:\/\/leramoneurdeseglien.bzh\/?page_id=86"},"modified":"2025-10-21T19:21:01","modified_gmt":"2025-10-21T17:21:01","slug":"86-2","status":"publish","type":"page","link":"https:\/\/www.leramoneurdeseglien.bzh\/de\/86-2\/","title":{"rendered":"Schornsteinfeger Partner"},"content":{"rendered":"<h1 class=\"wp-block-heading\">Unsere Schornsteinfeger-Partner<\/h1>\n\n\n\n<p>Alle auf dieser Seite vorgestellten Fachkr\u00e4fte sind <strong>Absolventen und Qualifizierte<\/strong> im Bereich des Schornsteinfegers und der Rauchfangkehrerei. Sie \u00fcben ihre T\u00e4tigkeit unter Einhaltung der <strong>geltende Normen<\/strong> und stellen einen <strong>konformes Zertifikat<\/strong> von Versicherungen anerkannt. <img decoding=\"async\" src=\"https:\/\/static.wixstatic.com\/media\/7e0f36_690c55a54df94a41932c4bcd4b0d7fc8~mv2.jpg\/v1\/fit\/w_1200,h_600,al_c\/7e0f36_690c55a54df94a41932c4bcd4b0d7fc8~mv2.jpg\" alt=\"Pimpompin Ramonage\"><\/p>\n\n\n\n<h2 class=\"wp-block-heading\">Pimpompin<\/h2>\n\n\n\n<p><strong>Pimpompin<\/strong> ist ein handwerklicher Schornsteinfeger mit Sitz in <strong>Martignas-sur-Jalle<\/strong> (Gironde), die im gesamten Departement t\u00e4tig ist: Bordeaux, M\u00e9rignac, Le Haillan und die umliegenden Gemeinden.<\/p>\n\n\n\n<ul class=\"wp-block-list\">\n<li>Bietet Pauschalangebote f\u00fcr Schornsteinfeger sowie Behandlungen von <strong>Dachentmoosung<\/strong>.<\/li>\n\n\n\n<li>Hervorhebung der j\u00fcngsten Vorschriften: Das Dekret vom 20. Juli 2023 schreibt nun eine <strong>obligatorischer j\u00e4hrlicher Schornsteinfeger<\/strong> f\u00fcr Ger\u00e4te mit festen Brennstoffen.<\/li>\n\n\n\n<li>Handwerker <strong>diplomierter, qualifizierter und zertifizierter Fachmann f\u00fcr Schornsteinfeger- und Rauchfangkehrerarbeiten<\/strong>.<\/li>\n\n\n\n<li>Einen Termin vereinbaren <strong>ausschlie\u00dflich online<\/strong>, In der Heizsaison k\u00f6nnen Sie mit dem \u00abFAST RAMO\u00bb-Paket die Kosten f\u00fcr die Heizung \u00fcbernehmen.<\/li>\n\n\n\n<li>Preistransparenz: klare Preisauszeichnung (z. B.: 149 \u20ac mit dem Code FAST RAMO).<\/li>\n\n\n\n<li>Lokales Engagement und klare Kommunikation \u00fcber gesetzliche Verpflichtungen.<\/li>\n<\/ul>\n\n\n\n<p>\ud83d\udc49 Wenn Sie in der Gironde wohnen und einen Schornsteinfeger oder eine Dachbehandlung ben\u00f6tigen, <strong>Pimpompin<\/strong> ist ein seri\u00f6ser, moderner und vorschriftsm\u00e4\u00dfiger Partner. <a href=\"https:\/\/www.pimpompin.com\/\" target=\"_blank\" rel=\"noreferrer noopener\">Besuchen Sie ihre Website \u2192.<\/a><img decoding=\"async\" src=\"https:\/\/www.pagesjaunes.fr\/media\/newdam\/e1\/66\/31\/00\/00\/80\/f3\/bb\/34\/65\/6855e16631000080f3bb3465\/6855e16631000080f3bb3466.jpg\" alt=\"Le Vaillant Ramonage &amp; Frelons\"><\/p>\n\n\n\n<h2 class=\"wp-block-heading\">Le Vaillant Schornsteinfeger &amp; Hornissen<\/h2>\n\n\n\n<p><strong>Le Vaillant Schornsteinfeger &amp; Hornissen<\/strong> ist ein professioneller Schornsteinfeger, der in den <strong>C\u00f4tes-d'Armor<\/strong> (und punktuell in Eure-et-Loir). Er legt Wert auf einen umfassenden Ansatz des <strong>leistungsstarkes, umweltfreundliches und sicheres Heizen<\/strong>.<\/p>\n\n\n\n<ul class=\"wp-block-list\">\n<li>Spezialisiert auf <strong>Wartung, Diagnose und Schornsteinfeger<\/strong> von Kaminsch\u00e4chten.<\/li>\n\n\n\n<li>Schornsteinfeger <strong>Absolvent der COSTIC<\/strong> (Wissenschaftlicher und Technischer Ausschuss der Klimaindustrie).<\/li>\n\n\n\n<li>Stellt einen <strong>anerkanntes Zertifikat<\/strong> von Hausversicherungen anerkannt.<\/li>\n\n\n\n<li>Haupteinsatzgebiet: Paimpol, Saint-Quay-Portrieux, Binic, Guingamp, Lannion, Perros-Guirec, und Erweiterungen nach Chartres, Dreux, Nogent-le-Roi, Maintenon.<\/li>\n\n\n\n<li>Adresse: 1 Lieu-dit Vin Pont N\u00e9vez - 22260 Quemper-Gu\u00e9zennec<\/li>\n\n\n\n<li>Telefon: 06 14 70 18 03<\/li>\n\n\n\n<li>Spricht auch f\u00fcr die <strong>Vernichtung von Wespen- und Hornissennestern<\/strong>.<\/li>\n<\/ul>\n\n\n\n<p>\ud83d\udc49 Wenn Sie sich in den C\u00f4tes-d'Armor oder im D\u00e9partement Eure-et-Loir befinden, <strong>Le Vaillant Schornsteinfeger &amp; Hornissen<\/strong> ist ein vertrauensw\u00fcrdiger Partner, der sowohl technisch versiert als auch reaktionsschnell ist. <a href=\"https:\/\/www.levaillant-ramonage.com\/\" target=\"_blank\" rel=\"noreferrer noopener\">Besuchen Sie ihre Website \u2192.<\/a><\/p>","protected":false},"excerpt":{"rendered":"<p>Nos Ramoneurs Partenaires Tous les professionnels pr\u00e9sent\u00e9s sur cette page sont dipl\u00f4m\u00e9s et qualifi\u00e9s dans le domaine du ramonage et de la fumisterie. Ils exercent dans le respect des normes en vigueur et d\u00e9livrent un certificat conforme reconnu par les assurances. Pimpompin Pimpompin est un artisan ramoneur bas\u00e9 \u00e0 Martignas-sur-Jalle (Gironde), intervenant dans tout le&#8230;<\/p>","protected":false},"author":1,"featured_media":0,"parent":0,"menu_order":0,"comment_status":"closed","ping_status":"closed","template":"","meta":{"_kadence_starter_templates_imported_post":false,"_kad_post_transparent":"","_kad_post_title":"","_kad_post_layout":"","_kad_post_sidebar_id":"","_kad_post_content_style":"","_kad_post_vertical_padding":"","_kad_post_feature":"","_kad_post_feature_position":"","_kad_post_header":false,"_kad_post_footer":false,"_kad_post_classname":"","footnotes":""},"class_list":["post-86","page","type-page","status-publish","hentry"],"_links":{"self":[{"href":"https:\/\/www.leramoneurdeseglien.bzh\/de\/wp-json\/wp\/v2\/pages\/86","targetHints":{"allow":["GET"]}}],"collection":[{"href":"https:\/\/www.leramoneurdeseglien.bzh\/de\/wp-json\/wp\/v2\/pages"}],"about":[{"href":"https:\/\/www.leramoneurdeseglien.bzh\/de\/wp-json\/wp\/v2\/types\/page"}],"author":[{"embeddable":true,"href":"https:\/\/www.leramoneurdeseglien.bzh\/de\/wp-json\/wp\/v2\/users\/1"}],"replies":[{"embeddable":true,"href":"https:\/\/www.leramoneurdeseglien.bzh\/de\/wp-json\/wp\/v2\/comments?post=86"}],"version-history":[{"count":2,"href":"https:\/\/www.leramoneurdeseglien.bzh\/de\/wp-json\/wp\/v2\/pages\/86\/revisions"}],"predecessor-version":[{"id":88,"href":"https:\/\/www.leramoneurdeseglien.bzh\/de\/wp-json\/wp\/v2\/pages\/86\/revisions\/88"}],"wp:attachment":[{"href":"https:\/\/www.leramoneurdeseglien.bzh\/de\/wp-json\/wp\/v2\/media?parent=86"}],"curies":[{"name":"wp","href":"https:\/\/api.w.org\/{rel}","templated":true}]}}