{"id":145,"date":"2025-10-26T13:19:18","date_gmt":"2025-10-26T12:19:18","guid":{"rendered":"https:\/\/leramoneurdeseglien.bzh\/?page_id=145"},"modified":"2025-11-11T18:26:07","modified_gmt":"2025-11-11T17:26:07","slug":"contact","status":"publish","type":"page","link":"https:\/\/www.leramoneurdeseglien.bzh\/en\/contact\/","title":{"rendered":"Contact"},"content":{"rendered":"<div class=\"forminator-guttenberg\"><div class=\"forminator-ui forminator-custom-form forminator-custom-form-223 forminator-design--default  forminator_ajax\" data-forminator-render=\"0\" data-form=\"forminator-module-223\" data-uid=\"69e1719ae20e4\"><br\/><\/div><form\n\t\t\t\tid=\"forminator-module-223\"\n\t\t\t\tclass=\"forminator-ui forminator-custom-form forminator-custom-form-223 forminator-design--default  forminator_ajax\"\n\t\t\t\tmethod=\"post\"\n\t\t\t\tdata-forminator-render=\"0\"\n\t\t\t\tdata-form-id=\"223\"\n\t\t\t\tenctype=\"multipart\/form-data\" data-color-option=\"theme\" data-design=\"default\" data-grid=\"open\" style=\"display: none;\"\n\t\t\t\tdata-uid=\"69e1719ae20e4\" action=\"\"\n\t\t\t><div role=\"alert\" aria-live=\"polite\" class=\"forminator-response-message forminator-error\" aria-hidden=\"true\"><\/div><div class=\"forminator-row\"><div id=\"name-1\" class=\"forminator-field-name forminator-col forminator-col-6\"><div class=\"forminator-field\"><label for=\"forminator-field-name-1_69e1719ae20e4\" id=\"forminator-field-name-1_69e1719ae20e4-label\" class=\"forminator-label\">Name <span class=\"forminator-required\">*<\/span><\/label><input type=\"text\" name=\"name-1\" value=\"\" placeholder=\"Fernandel\" id=\"forminator-field-name-1_69e1719ae20e4\" class=\"forminator-input forminator-name--field\" aria-required=\"true\" autocomplete=\"name\" \/><\/div><\/div><div id=\"name-2\" class=\"forminator-field-name forminator-col forminator-col-6\"><div class=\"forminator-field\"><label for=\"forminator-field-name-2_69e1719ae20e4\" id=\"forminator-field-name-2_69e1719ae20e4-label\" class=\"forminator-label\">First name<\/label><input type=\"text\" name=\"name-2\" value=\"\" placeholder=\"Jean\" id=\"forminator-field-name-2_69e1719ae20e4\" class=\"forminator-input forminator-name--field\" aria-required=\"false\" autocomplete=\"name\" \/><\/div><\/div><\/div><div class=\"forminator-row\"><div id=\"checkbox-1\" class=\"forminator-field-checkbox forminator-col forminator-col-12\"><div role=\"group\" class=\"forminator-field\" aria-labelledby=\"forminator-checkbox-group-forminator-field-checkbox-1-69e1719ae20e4-label\"><span id=\"forminator-checkbox-group-forminator-field-checkbox-1-69e1719ae20e4-label\" class=\"forminator-label\">Would you like a chimney sweep?<\/span><label id=\"forminator-field-checkbox-1-1-69e1719ae20e4-label\" for=\"forminator-field-checkbox-1-1-69e1719ae20e4\" class=\"forminator-checkbox forminator-checkbox-inline\" title=\"Yes\"><input type=\"checkbox\" name=\"checkbox-1[]\" value=\"one\" id=\"forminator-field-checkbox-1-1-69e1719ae20e4\" aria-labelledby=\"forminator-field-checkbox-1-1-69e1719ae20e4-label\" data-calculation=\"0\"   data-hidden-behavior=\"zero\"\/><span class=\"forminator-checkbox-box\" aria-hidden=\"true\"><\/span><span class=\"forminator-checkbox-label\">Yes<\/span><\/label><label id=\"forminator-field-checkbox-1-2-69e1719ae20e4-label\" for=\"forminator-field-checkbox-1-2-69e1719ae20e4\" class=\"forminator-checkbox forminator-checkbox-inline\" title=\"No, I&#039;m contacting you for another reason.\"><input type=\"checkbox\" name=\"checkbox-1[]\" value=\"Non,-je-vous-contacte-pour-une-autre-raison.\" id=\"forminator-field-checkbox-1-2-69e1719ae20e4\" aria-labelledby=\"forminator-field-checkbox-1-2-69e1719ae20e4-label\" data-calculation=\"0\"   data-hidden-behavior=\"zero\"\/><span class=\"forminator-checkbox-box\" aria-hidden=\"true\"><\/span><span class=\"forminator-checkbox-label\">No, I'm contacting you for another reason.<\/span><\/label><\/div><\/div><\/div><div class=\"forminator-row\"><div id=\"select-2\" class=\"forminator-field-select forminator-col forminator-col-12\"><div class=\"forminator-field\"><label for=\"forminator-form-223__field--select-2_69e1719ae20e4\" id=\"forminator-form-223__field--select-2_69e1719ae20e4-label\" class=\"forminator-label\">Your request concerns...<\/label><select  id=\"forminator-form-223__field--select-2_69e1719ae20e4\" class=\"forminator-select--field forminator-select2 forminator-select2-multiple\" data-required=\"\" name=\"select-2\" data-default-value=\"\" data-hidden-behavior=\"zero\" data-placeholder=\"Pr\u00e9cisez votre demande.\" data-search=\"false\" data-search-placeholder=\"Pr\u00e9cisez votre demande.\" data-checkbox=\"false\" data-allow-clear=\"false\" aria-labelledby=\"forminator-form-223__field--select-2_69e1719ae20e4-label\"><option value=\"\"  >Specify your request.<\/option><option value=\"one\"  data-calculation=\"0\">Creating a conduit?<\/option><option value=\"two\"  data-calculation=\"0\">Fitting an appliance?<\/option><option value=\"Le-nettoyage-de-gouti\u00e8res?\"  data-calculation=\"0\">Cleaning gutters?<\/option><option value=\"Le-d\u00e9moussage-de-toiture?\"  data-calculation=\"0\">Roof moss removal?<\/option><option value=\"L&#039;achat-de-mat\u00e9riel?\"  data-calculation=\"0\">Buying equipment?<\/option><option value=\"Une-information-g\u00e9n\u00e9rale?\"  data-calculation=\"0\">General information?<\/option><\/select><\/div><\/div><\/div><div class=\"forminator-row\"><div id=\"select-1\" class=\"forminator-field-select forminator-col forminator-col-12\"><div class=\"forminator-field\"><label for=\"forminator-form-223__field--select-1_69e1719ae20e4\" id=\"forminator-form-223__field--select-1_69e1719ae20e4-label\" class=\"forminator-label\">Type of appliance <span class=\"forminator-required\">*<\/span><\/label><select multiple id=\"forminator-form-223__field--select-1_69e1719ae20e4\" class=\"forminator-select--field forminator-select2 forminator-select2-multiple\" data-required=\"1\" name=\"select-1[]\" data-default-value=\"\" data-hidden-behavior=\"zero\" data-placeholder=\"Vous souhaitez faire ramoner...\" data-search=\"false\" data-search-placeholder=\"Search\" data-checkbox=\"false\" data-allow-clear=\"true\" aria-labelledby=\"forminator-form-223__field--select-1_69e1719ae20e4-label\"><option value=\"one\"  data-calculation=\"0\">Un appareil \u00e0 bois b\u00fbches (Po\u00eale, Cuisini\u00e8re, Insert ou foyer ferm\u00e9)<\/option><option value=\"Une chaudi\u00e8re \u00e0 fioul\"  data-calculation=\"0\">An oil-fired boiler<\/option><option value=\"Chaudi\u00e8re-\u00e0-b\u00fbches\"  data-calculation=\"0\">A log boiler<\/option><option value=\"Chaudi\u00e8re-\u00e0-gaz\"  data-calculation=\"0\">A gas boiler<\/option><option value=\"\u00c2tre-(Grande-chemin\u00e9e-en-pierre)\"  data-calculation=\"0\">A hearth (large stone fireplace)<\/option><option value=\"\u00c2tre-(Petite-chemin\u00e9e)\"  data-calculation=\"0\">Un petit \u00e2tre (Small fireplace)<\/option><\/select><\/div><\/div><\/div><div class=\"forminator-row\"><div id=\"address-2\" class=\"forminator-field-address forminator-col forminator-col-12\"><div class=\"forminator-row\"><div id=\"address-2-street_address\" class=\"forminator-col\"><div class=\"forminator-field\"><label for=\"forminator-field-address-2-street_address_69e1719ae20e4\" id=\"forminator-field-address-2-street_address_69e1719ae20e4-label\" class=\"forminator-label\">Votre adresse compl\u00e8te <span class=\"forminator-required\">*<\/span><\/label><input type=\"text\" name=\"address-2-street_address\" placeholder=\"Pensez au num\u00e9ro de rue\" id=\"forminator-field-address-2-street_address_69e1719ae20e4\" class=\"forminator-input\" data-required=\"1\" aria-required=\"true\" autocomplete=\"address-line1\" value=\"\" \/><\/div><\/div><\/div><\/div><\/div><div class=\"forminator-row\"><div id=\"address-1\" class=\"forminator-field-address forminator-col forminator-col-12\"><div class=\"forminator-row\"><div id=\"address-1-street_address\" class=\"forminator-col\"><div class=\"forminator-field\"><label for=\"forminator-field-address-1-street_address_69e1719ae20e4\" id=\"forminator-field-address-1-street_address_69e1719ae20e4-label\" class=\"forminator-label\">Postal address <span class=\"forminator-required\">*<\/span><\/label><span id=\"forminator-field-address-1-street_address_69e1719ae20e4-description\" class=\"forminator-description\">Street number and name, postcode, town<\/span><input type=\"text\" name=\"address-1-street_address\" placeholder=\"13 rue de la Bogue, 13005, Marseille\" id=\"forminator-field-address-1-street_address_69e1719ae20e4\" class=\"forminator-input\" data-required=\"1\" aria-required=\"true\" autocomplete=\"address-line1\" value=\"\" aria-describedby=\"forminator-field-address-1-street_address_69e1719ae20e4-description\" \/><\/div><\/div><\/div><\/div><\/div><div class=\"forminator-row\"><div id=\"phone-2\" class=\"forminator-field-phone forminator-col forminator-col-12\"><div class=\"forminator-field\"><label for=\"forminator-field-phone-2_69e1719ae20e4\" id=\"forminator-field-phone-2_69e1719ae20e4-label\" class=\"forminator-label\">Telephone <span class=\"forminator-required\">*<\/span><\/label><input type=\"text\" name=\"phone-2\" value=\"\" placeholder=\"\" id=\"forminator-field-phone-2_69e1719ae20e4\" class=\"forminator-input forminator-field--phone\" data-required=\"1\" aria-required=\"true\" autocomplete=\"off\" \/><\/div><\/div><\/div><div class=\"forminator-row\"><div id=\"phone-1\" class=\"forminator-field-phone forminator-col forminator-col-6\"><div class=\"forminator-field\"><label for=\"forminator-field-phone-1_69e1719ae20e4\" id=\"forminator-field-phone-1_69e1719ae20e4-label\" class=\"forminator-label\">Phone number <span class=\"forminator-required\">*<\/span><\/label><input type=\"text\" name=\"phone-1\" value=\"\" placeholder=\"06 00 00 00 00\" id=\"forminator-field-phone-1_69e1719ae20e4\" class=\"forminator-input forminator-field--phone\" data-required=\"1\" aria-required=\"true\" autocomplete=\"tel-national\" data-national_mode=\"enabled\" data-country=\"fr\" data-validation=\"standard\" \/><\/div><\/div><div id=\"email-1\" class=\"forminator-field-email forminator-col forminator-col-6\"><div class=\"forminator-field\"><label for=\"forminator-field-email-1_69e1719ae20e4\" id=\"forminator-field-email-1_69e1719ae20e4-label\" class=\"forminator-label\">E-mail address <span class=\"forminator-required\">*<\/span><\/label><input type=\"email\" name=\"email-1\" value=\"\" placeholder=\"jean.fern@ndel.fr\" id=\"forminator-field-email-1_69e1719ae20e4\" class=\"forminator-input forminator-email--field\" data-required=\"true\" aria-required=\"true\" autocomplete=\"email\" \/><\/div><\/div><\/div><div class=\"forminator-row\"><div id=\"upload-1\" class=\"forminator-field-upload forminator-col forminator-col-12\"><div class=\"forminator-field\"><label for=\"forminator-field-upload-1_69e1719ae20e4\" id=\"forminator-field-upload-1_69e1719ae20e4-label\" class=\"forminator-label\">Add photos<\/label><span id=\"forminator-field-upload-1_69e1719ae20e4-description\" class=\"forminator-description\">To help me understand my work at your home, please attach a photo or two of your installation.<\/span><div class=\"forminator-file-upload\" data-element=\"upload-1_69e1719ae20e4\" aria-describedby=\"forminator-field-upload-1_69e1719ae20e4-description\"><input type=\"file\" name=\"upload-1\" id=\"forminator-field-upload-1_69e1719ae20e4\" class=\"forminator-input-file\" accept=\".jpg,.jpeg,.jpe,.gif,.png,.bmp,.tiff,.tif,.webp,.avif,.ico,.heic,.heif,.heics,.heifs,.asf,.asx,.wmv,.wmx,.wm,.avi,.divx,.flv,.mov,.qt,.mpeg,.mpg,.mpe,.mp4,.m4v,.ogv,.webm,.mkv,.3gp,.3gpp,.3g2,.3gp2,.txt,.asc,.c,.cc,.h,.srt,.csv,.tsv,.ics,.rtx,.vtt,.mp3,.m4a,.m4b,.aac,.ra,.ram,.wav,.x-wav,.ogg,.oga,.flac,.mid,.midi,.wma,.wax,.mka,.rtf,.pdf,.class,.tar,.zip,.gz,.gzip,.7z,.psd,.xcf,.doc,.pot,.pps,.ppt,.wri,.xla,.xls,.xlt,.xlw,.mdb,.mpp,.docx,.docm,.dotx,.dotm,.xlsx,.xlsm,.xlsb,.xltx,.xltm,.xlam,.pptx,.pptm,.ppsx,.ppsm,.potx,.potm,.ppam,.sldx,.sldm,.onetoc,.onetoc2,.onetmp,.onepkg,.oxps,.xps,.odt,.odp,.ods,.odg,.odc,.odb,.odf,.wp,.wpd,.key,.numbers,.pages,.geojson,.json,.txt\" tabindex=\"-1\"><button id=\"forminator-field-upload-1_69e1719ae20e4_button\" class=\"forminator-button forminator-button-upload\" data-id=\"forminator-field-upload-1_69e1719ae20e4\">Choose File<\/button><span data-empty-text=\"No file chosen\">No file chosen<\/span><button class=\"forminator-button-delete\" style=\"display: none;\"><i class=\"forminator-icon-close\" aria-hidden=\"true\"><\/i><span class=\"forminator-screen-reader-only\">Delete uploaded file<\/span><\/button><\/div><\/div><\/div><\/div><div class=\"forminator-row\"><div id=\"textarea-3\" class=\"forminator-field-textarea forminator-col forminator-col-12\"><div class=\"forminator-field\"><label for=\"forminator-field-textarea-3_69e1719ae20e4\" id=\"forminator-field-textarea-3_69e1719ae20e4-label\" class=\"forminator-label\">Message <span class=\"forminator-required\">*<\/span><\/label><span id=\"forminator-field-textarea-3_69e1719ae20e4-description\" class=\"forminator-description\">Do you already have an appliance and would you prefer logs or pellets?<\/span><textarea name=\"textarea-3\" placeholder=\"Please specify your request.\" id=\"forminator-field-textarea-3_69e1719ae20e4\" class=\"forminator-textarea\" rows=\"6\" style=\"min-height:140px;\" aria-describedby=\"forminator-field-textarea-3_69e1719ae20e4-description\" ><\/textarea><\/div><\/div><\/div><div class=\"forminator-row\"><div id=\"textarea-1\" class=\"forminator-field-textarea forminator-col forminator-col-12\"><div class=\"forminator-field\"><label for=\"forminator-field-textarea-1_69e1719ae20e4\" id=\"forminator-field-textarea-1_69e1719ae20e4-label\" class=\"forminator-label\">Message <span class=\"forminator-required\">*<\/span><\/label><span id=\"forminator-field-textarea-1_69e1719ae20e4-description\" class=\"forminator-description\"><span data-limit=\"180\" data-type=\"characters\" data-editor=\"\">0 \/ 180<\/span><\/span><textarea name=\"textarea-1\" placeholder=\"Tell me something...\" id=\"forminator-field-textarea-1_69e1719ae20e4\" class=\"forminator-textarea\" rows=\"6\" style=\"min-height:140px;\" maxlength=\"180\" ><\/textarea><\/div><\/div><\/div><div class=\"forminator-row\"><div id=\"consent-1\" class=\"forminator-field-consent forminator-col forminator-col-12\"><div class=\"forminator-field\"><label for=\"forminator-field-consent-1_69e1719ae20e4\" id=\"forminator-field-consent-1_69e1719ae20e4-label\" class=\"forminator-label\">RGPD &amp; personal data protection <span class=\"forminator-required\">*<\/span><\/label><div class=\"forminator-checkbox__wrapper\"><label id=\"forminator-field-consent-1_69e1719ae20e4__label\" class=\"forminator-checkbox forminator-consent\"><input type=\"checkbox\" name=\"consent-1\" id=\"forminator-field-consent-1_69e1719ae20e4\" value=\"checked\" aria-labelledby=\"forminator-field-consent-1_69e1719ae20e4-label\" aria-describedby=\"forminator-field-consent-1_69e1719ae20e4__description\" data-required=\"true\" aria-required=\"true\" \/><span class=\"forminator-checkbox-box\" aria-hidden=\"true\"><\/span><\/label><div id=\"forminator-field-consent-1_69e1719ae20e4__description\" class=\"forminator-checkbox__label forminator-consent__label\"><p>By submitting this form, I authorise <strong data-end=\"352\" data-start=\"326\">Le Ramoneur de S\u00e9glien<\/strong> to collect and process the personal data provided in order to respond to my contact request, in accordance with the law. <a rel=\"noopener\" target=\"_blank\" href=\"https:\/\/www.leramoneurdeseglien.bzh\/en\/donnees-personnelles\/\">privacy policy<\/a>, and I acknowledge that I have read and accepted the <a rel=\"noopener\" target=\"_blank\" href=\"https:\/\/www.leramoneurdeseglien.bzh\/en\/conditions-generales-de-ventes\/\">Terms and conditions of sale<\/a>.<\/p><\/div><\/div><\/div><\/div><\/div><input type=\"hidden\" name=\"referer_url\" value=\"\" \/><div class=\"forminator-row forminator-row-last\"><div class=\"forminator-col\"><div class=\"forminator-field\"><button class=\"forminator-button forminator-button-submit\">Send<\/button><\/div><\/div><\/div><input type=\"hidden\" id=\"forminator_nonce\" name=\"forminator_nonce\" value=\"d227a40052\" \/><input type=\"hidden\" name=\"_wp_http_referer\" value=\"\/en\/wp-json\/wp\/v2\/pages\/145\" \/><input type=\"hidden\" name=\"form_id\" value=\"223\"><input type=\"hidden\" name=\"page_id\" value=\"145\"><input type=\"hidden\" name=\"form_type\" value=\"default\"><input type=\"hidden\" name=\"current_url\" value=\"https:\/\/www.leramoneurdeseglien.bzh\/en\/contact\/\"><input type=\"hidden\" name=\"render_id\" value=\"0\"><input type=\"hidden\" name=\"action\" value=\"forminator_submit_form_custom-forms\"><input type=\"hidden\" name=\"trp-form-language\" value=\"en\"\/><\/form><\/div>\n\n\n<div class=\"wp-block-image\">\n<figure class=\"aligncenter size-full\"><img loading=\"lazy\" decoding=\"async\" width=\"500\" height=\"500\" src=\"https:\/\/leramoneurdeseglien.bzh\/wp-content\/uploads\/2025\/11\/qr_download.png\" alt=\"\" class=\"wp-image-351\" srcset=\"https:\/\/www.leramoneurdeseglien.bzh\/wp-content\/uploads\/2025\/11\/qr_download.png 500w, https:\/\/www.leramoneurdeseglien.bzh\/wp-content\/uploads\/2025\/11\/qr_download-300x300.png 300w, https:\/\/www.leramoneurdeseglien.bzh\/wp-content\/uploads\/2025\/11\/qr_download-150x150.png 150w, https:\/\/www.leramoneurdeseglien.bzh\/wp-content\/uploads\/2025\/11\/qr_download-12x12.png 12w\" sizes=\"auto, (max-width: 500px) 100vw, 500px\" \/><\/figure>\n<\/div>\n\n\n<p><a href=\"https:\/\/g.page\/r\/XXXXXXXXXXXX\/review\" target=\"_blank\" rel=\"noreferrer noopener\"><\/a><\/p>\n\n\n\n<p><a href=\"https:\/\/g.page\/r\/XXXXXXXXXXXX\/review\" target=\"_blank\" rel=\"noreferrer noopener\"><\/a><\/p>\n\n\n\n<h1 class=\"wp-block-heading\">Contact us<\/h1>\n\n\n\n<p>Do you have a question, a quote or an appointment to schedule? Fill in the form above or contact me directly:<\/p>\n\n\n\n<p>\ud83d\udcde <strong><a href=\"tel:0607853083\">06 07 85 30 83<\/a><\/strong><br>\ud83d\udce7 <a href=\"mailto:contact@leramoneurdeseglien.bzh\">contact@leramoneurdeseglien.bzh<\/a><br>\ud83d\udccd S\u00e9glien and surrounding area (Pontivy, Cl\u00e9gu\u00e9rec, Gu\u00e9men\u00e9-sur-Scorff...)<\/p>\n\n\n\n<p>\ud83d\udd12 Your information is confidential. It will never be shared.<\/p>","protected":false},"excerpt":{"rendered":"<p>Contact us A question, a quote or an appointment to schedule? Fill in the form above or contact me directly: \ud83d\udcde 06 07 85 30 83\ud83d\udce7 contact@leramoneurdeseglien.bzh\ud83d\udccd S\u00e9glien and surrounding areas (Pontivy, Cl\u00e9gu\u00e9rec, Gu\u00e9men\u00e9-sur-Scorff...) \ud83d\udd12 Your information is confidential. It will never be shared.<\/p>","protected":false},"author":1,"featured_media":0,"parent":0,"menu_order":0,"comment_status":"closed","ping_status":"closed","template":"","meta":{"_kadence_starter_templates_imported_post":false,"_kad_post_transparent":"","_kad_post_title":"","_kad_post_layout":"","_kad_post_sidebar_id":"","_kad_post_content_style":"","_kad_post_vertical_padding":"","_kad_post_feature":"","_kad_post_feature_position":"","_kad_post_header":false,"_kad_post_footer":false,"_kad_post_classname":"","footnotes":""},"class_list":["post-145","page","type-page","status-publish","hentry"],"_links":{"self":[{"href":"https:\/\/www.leramoneurdeseglien.bzh\/en\/wp-json\/wp\/v2\/pages\/145","targetHints":{"allow":["GET"]}}],"collection":[{"href":"https:\/\/www.leramoneurdeseglien.bzh\/en\/wp-json\/wp\/v2\/pages"}],"about":[{"href":"https:\/\/www.leramoneurdeseglien.bzh\/en\/wp-json\/wp\/v2\/types\/page"}],"author":[{"embeddable":true,"href":"https:\/\/www.leramoneurdeseglien.bzh\/en\/wp-json\/wp\/v2\/users\/1"}],"replies":[{"embeddable":true,"href":"https:\/\/www.leramoneurdeseglien.bzh\/en\/wp-json\/wp\/v2\/comments?post=145"}],"version-history":[{"count":11,"href":"https:\/\/www.leramoneurdeseglien.bzh\/en\/wp-json\/wp\/v2\/pages\/145\/revisions"}],"predecessor-version":[{"id":352,"href":"https:\/\/www.leramoneurdeseglien.bzh\/en\/wp-json\/wp\/v2\/pages\/145\/revisions\/352"}],"wp:attachment":[{"href":"https:\/\/www.leramoneurdeseglien.bzh\/en\/wp-json\/wp\/v2\/media?parent=145"}],"curies":[{"name":"wp","href":"https:\/\/api.w.org\/{rel}","templated":true}]}}