{"id":101,"date":"2025-10-21T19:57:35","date_gmt":"2025-10-21T17:57:35","guid":{"rendered":"https:\/\/leramoneurdeseglien.bzh\/?page_id=101"},"modified":"2025-10-21T20:45:40","modified_gmt":"2025-10-21T18:45:40","slug":"101-2","status":"publish","type":"page","link":"https:\/\/www.leramoneurdeseglien.bzh\/nl\/101-2\/","title":{"rendered":"Regionale partners"},"content":{"rendered":"<h2 class=\"wp-block-heading\">Onze regionale partners<\/h2>\n\n\n\n<p>We geven de voorkeur aan partners <strong>lokaal, gekwalificeerd en toegewijd<\/strong> in de kwaliteit van houtbrandstof. De onderstaande bedrijven nemen deel aan een <strong>Bretonse dynamiek<\/strong> voor duurzame en verantwoorde verwarming.<\/p>\n\n\n\n<h3 class=\"wp-block-heading\">Keltisch hout \u00c9nergie - Rostrenen (22)<\/h3>\n\n\n\n<p>Lokale producent van <strong>droog hout<\/strong> en <strong>gecertificeerde korrels<\/strong>, uit duurzaam beheerde bossen in Bretagne. CelticWood garandeert <strong>levering van brandklare houtblokken<\/strong> in Morbihan en C\u00f4tes-d'Armor, met professionele verpakking en constante kwaliteit. <a href=\"https:\/\/www.celticwood.fr\" target=\"_blank\" rel=\"noreferrer noopener\">Bezoek \u2192<\/a><\/p>\n\n\n\n<h3 class=\"wp-block-heading\">CPS Bois - Noyal-Pontivy (56)<\/h3>\n\n\n\n<p><strong>CPS Hout<\/strong> (Central Pellets Services) is een Bretoense leverancier gespecialiseerd in de verkoop van <strong>houtpellets, verdichte houtblokken en brandhout<\/strong>. Het bedrijf is gevestigd in Noyal-Pontivy en levert in heel Morbihan en centraal Bretagne.<\/p>\n\n\n\n<ul class=\"wp-block-list\">\n<li>DIN+ gecertificeerde 100 % naaldhoutkorrels voor optimale prestaties.<\/li>\n\n\n\n<li>Hoogwaardige geperste houtblokken gemaakt van gerecycled zaagsel.<\/li>\n\n\n\n<li>Thuisbezorging of afhalen op afspraak in Noyal-Pontivy.<\/li>\n\n\n\n<li>Milieuvriendelijke producten met een hoge calorische waarde.<\/li>\n<\/ul>\n\n\n\n<p>\ud83d\udc49 Ideaal voor particulieren of professionals die op zoek zijn naar kwaliteitsbrandstof, snel geleverd in centraal Bretagne. <a href=\"https:\/\/www.cpsbois.com\" target=\"_blank\" rel=\"noreferrer noopener\">Bezoek \u2192<\/a><\/p>\n\n\n\n<h3 class=\"wp-block-heading\">Le Ramoneur du Kreiz Breizh - Rostrenen (22)<\/h3>\n\n\n\n<p>Schoorsteenveger <strong>Christophe J\u00e9gou<\/strong>, gevestigd in Rostrenen, biedt schoorsteenveeg- en onderhoudsdiensten voor houtkachels en pelletkachels, evenals het <strong>verkoop van pellets<\/strong> en kachels.<\/p>\n\n\n\n<ul class=\"wp-block-list\">\n<li>Verkoop van pellets, houtkachels en pelletkachels.<\/li>\n\n\n\n<li>Snelle reactie in Kreiz Breizh en omgeving.<\/li>\n\n\n\n<li>Lokaal bedrijf, goed bekend en goed vermeld op Google.<\/li>\n\n\n\n<li>Contact: 07 70 28 71 74 <a href=\"mailto:ramoneurdukb@gmail.com\">ramoneurdukb@gmail.com<\/a><\/li>\n<\/ul>\n\n\n\n<p>\ud83d\udc49 Een betrouwbare partner voor uw brandstofbehoeften en onderhoud van houtgestookte toestellen in Midden-Bretagne. <\/p>\n\n\n\n<h3 class=\"wp-block-heading\">ESAT de Glomel - Glomel (22)<\/h3>\n\n\n\n<p>L\u2019<strong>ESAT de Glomel<\/strong> produceert en verkoopt <strong>brandhout van hoge kwaliteit<\/strong>, Het hout wordt geleverd in stammen van 33 cm of 50 cm, gemaakt van eiken en beuken. Het hout is droog, dicht en wordt op factuur verkocht aan particulieren of professionals.<\/p>\n\n\n\n<ul class=\"wp-block-list\">\n<li>Stammen van 33 cm of 50 cm, gedroogd en gesorteerd.<\/li>\n\n\n\n<li>Levering op locatie of ophalen op verzoek.<\/li>\n\n\n\n<li>Hardhout, hoge energieprestaties.<\/li>\n\n\n\n<li>Contact: 02 96 29 86 86 <a href=\"mailto:contact@esatdeglomel.fr\">eric.loriot@esatdeglomel.fr<\/a><\/li>\n<\/ul>\n\n\n\n<p>\ud83d\udc49 Een lokale partner die bekend staat om de kwaliteit van zijn houtblokken, ideaal voor regelmatige, effici\u00ebnte verwarming. <a href=\"https:\/\/www.franceboisbuche.fr\/fournisseurs-de-bois-de-chauffage\/bretagne\/cotes-darmor\/9954-esat-de-glomel\/\" target=\"_blank\" rel=\"noreferrer noopener\">Zie de offici\u00eble pagina \u2192<\/a><\/p>\n\n\n\n<h3 class=\"wp-block-heading\">Ben je een lokale leverancier?<\/h3>\n\n\n\n<p>Bieden jullie brandhout, pellets of aanvullende diensten om jullie toestellen te onderhouden?<br>Sluit je aan bij ons netwerk van regionale partners en promoot je Bretonse expertise. <a href=\"#formulaire-fournisseur\">Mijn bedrijf voorstellen<\/a><\/p>\n\n\n\n<div class=\"forminator-guttenberg\"><div class=\"forminator-ui forminator-custom-form forminator-custom-form-110 forminator-design--default  forminator_ajax\" data-forminator-render=\"0\" data-form=\"forminator-module-110\" data-uid=\"69e162baa6210\"><br\/><\/div><form\n\t\t\t\tid=\"forminator-module-110\"\n\t\t\t\tclass=\"forminator-ui forminator-custom-form forminator-custom-form-110 forminator-design--default  forminator_ajax\"\n\t\t\t\tmethod=\"post\"\n\t\t\t\tdata-forminator-render=\"0\"\n\t\t\t\tdata-form-id=\"110\"\n\t\t\t\tenctype=\"multipart\/form-data\" data-color-option=\"theme\" data-design=\"default\" data-grid=\"open\" style=\"display: none;\"\n\t\t\t\tdata-uid=\"69e162baa6210\" action=\"\"\n\t\t\t><div role=\"alert\" aria-live=\"polite\" class=\"forminator-response-message forminator-error\" aria-hidden=\"true\"><\/div><div class=\"forminator-row\"><div id=\"name-2\" class=\"forminator-field-name forminator-col forminator-col-12\"><div class=\"forminator-field\"><label for=\"forminator-field-name-2_69e162baa6210\" id=\"forminator-field-name-2_69e162baa6210-label\" class=\"forminator-label\">Volledige naam<\/label><input type=\"text\" name=\"name-2\" value=\"\" placeholder=\"\" id=\"forminator-field-name-2_69e162baa6210\" class=\"forminator-input forminator-name--field\" aria-required=\"false\" autocomplete=\"name\" \/><\/div><\/div><\/div><div class=\"forminator-row\"><div id=\"name-1\" class=\"forminator-field-name forminator-col forminator-col-12\"><div class=\"forminator-field\"><label for=\"forminator-field-name-1_69e162baa6210\" id=\"forminator-field-name-1_69e162baa6210-label\" class=\"forminator-label\">Bedrijfsnaam <span class=\"forminator-required\">*<\/span><\/label><input type=\"text\" name=\"name-1\" value=\"\" placeholder=\"\" id=\"forminator-field-name-1_69e162baa6210\" class=\"forminator-input forminator-name--field\" aria-required=\"true\" autocomplete=\"name\" \/><\/div><\/div><\/div><div class=\"forminator-row\"><div id=\"email-1\" class=\"forminator-field-email forminator-col forminator-col-12\"><div class=\"forminator-field\"><label for=\"forminator-field-email-1_69e162baa6210\" id=\"forminator-field-email-1_69e162baa6210-label\" class=\"forminator-label\">E-mailadres <span class=\"forminator-required\">*<\/span><\/label><input type=\"email\" name=\"email-1\" value=\"\" placeholder=\"\" id=\"forminator-field-email-1_69e162baa6210\" class=\"forminator-input forminator-email--field\" data-required=\"1\" aria-required=\"true\" autocomplete=\"email\" \/><\/div><\/div><\/div><div class=\"forminator-row\"><div id=\"phone-1\" class=\"forminator-field-phone forminator-col forminator-col-12\"><div class=\"forminator-field\"><label for=\"forminator-field-phone-1_69e162baa6210\" id=\"forminator-field-phone-1_69e162baa6210-label\" class=\"forminator-label\">Telefoon<\/label><input type=\"text\" name=\"phone-1\" value=\"\" placeholder=\"\" id=\"forminator-field-phone-1_69e162baa6210\" class=\"forminator-input forminator-field--phone\" data-required=\"\" aria-required=\"false\" autocomplete=\"off\" \/><\/div><\/div><\/div><div class=\"forminator-row\"><div id=\"url-1\" class=\"forminator-field-url forminator-col forminator-col-12\"><div class=\"forminator-field\"><label for=\"forminator-field-url-1_69e162baa6210\" id=\"forminator-field-url-1_69e162baa6210-label\" class=\"forminator-label\">Website<\/label><input type=\"url\" name=\"url-1\" value=\"\" placeholder=\"\" id=\"forminator-field-url-1_69e162baa6210\" class=\"forminator-input forminator-website--field\" data-required=\"\" aria-required=\"false\" \/><\/div><\/div><\/div><div class=\"forminator-row\"><div id=\"select-1\" class=\"forminator-field-select forminator-col forminator-col-12\"><div class=\"forminator-field\"><label for=\"forminator-form-110__field--select-1_69e162baa6210\" id=\"forminator-form-110__field--select-1_69e162baa6210-label\" class=\"forminator-label\">Hoofdactiviteit<\/label><select  id=\"forminator-form-110__field--select-1_69e162baa6210\" class=\"forminator-select--field forminator-select2 forminator-select2-multiple\" data-required=\"\" name=\"select-1\" data-default-value=\"\" data-hidden-behavior=\"zero\" data-placeholder=\"\" data-search=\"false\" data-search-placeholder=\"\" data-checkbox=\"false\" data-allow-clear=\"false\" aria-labelledby=\"forminator-form-110__field--select-1_69e162baa6210-label\"><option value=\"one\"  data-calculation=\"0\">Leverancier van houtblokken<\/option><option value=\"two\"  data-calculation=\"0\">Leverancier van korrels \/ pellets<\/option><option value=\"Ramoneur-ou-fumiste\"  data-calculation=\"0\">Schoorsteenveger<\/option><option value=\"Poseur-d\u2019appareils-de-chauffage\"  data-calculation=\"0\">Verwarmingsmonteur<\/option><option value=\"Autre\"  data-calculation=\"0\">Andere<\/option><\/select><\/div><\/div><\/div><div class=\"forminator-row\"><div id=\"textarea-1\" class=\"forminator-field-textarea forminator-col forminator-col-12\"><div class=\"forminator-field\"><label for=\"forminator-field-textarea-1_69e162baa6210\" id=\"forminator-field-textarea-1_69e162baa6210-label\" class=\"forminator-label\">Bericht \/ bedrijfspresentatie <span class=\"forminator-required\">*<\/span><\/label><textarea name=\"textarea-1\" placeholder=\"\" id=\"forminator-field-textarea-1_69e162baa6210\" class=\"forminator-textarea\" rows=\"6\" style=\"min-height:140px;\" ><\/textarea><\/div><\/div><\/div><div class=\"forminator-row\"><div id=\"upload-1\" class=\"forminator-field-upload forminator-col forminator-col-12\"><div class=\"forminator-field\"><label for=\"forminator-field-upload-1_69e162baa6210\" id=\"forminator-field-upload-1_69e162baa6210-label\" class=\"forminator-label\">Een bestand uploaden<\/label><div class=\"forminator-file-upload\" data-element=\"upload-1_69e162baa6210\"><input type=\"file\" name=\"upload-1\" id=\"forminator-field-upload-1_69e162baa6210\" class=\"forminator-input-file\" accept=\".jpg,.jpeg,.jpe,.gif,.png,.bmp,.tiff,.tif,.webp,.avif,.ico,.heic,.heif,.heics,.heifs,.asf,.asx,.wmv,.wmx,.wm,.avi,.divx,.flv,.mov,.qt,.mpeg,.mpg,.mpe,.mp4,.m4v,.ogv,.webm,.mkv,.3gp,.3gpp,.3g2,.3gp2,.txt,.asc,.c,.cc,.h,.srt,.csv,.tsv,.ics,.rtx,.vtt,.mp3,.m4a,.m4b,.aac,.ra,.ram,.wav,.x-wav,.ogg,.oga,.flac,.mid,.midi,.wma,.wax,.mka,.rtf,.pdf,.class,.tar,.zip,.gz,.gzip,.7z,.psd,.xcf,.doc,.pot,.pps,.ppt,.wri,.xla,.xls,.xlt,.xlw,.mdb,.mpp,.docx,.docm,.dotx,.dotm,.xlsx,.xlsm,.xlsb,.xltx,.xltm,.xlam,.pptx,.pptm,.ppsx,.ppsm,.potx,.potm,.ppam,.sldx,.sldm,.onetoc,.onetoc2,.onetmp,.onepkg,.oxps,.xps,.odt,.odp,.ods,.odg,.odc,.odb,.odf,.wp,.wpd,.key,.numbers,.pages\" tabindex=\"-1\"><button id=\"forminator-field-upload-1_69e162baa6210_button\" class=\"forminator-button forminator-button-upload\" data-id=\"forminator-field-upload-1_69e162baa6210\">Kies bestand<\/button><span data-empty-text=\"Geen bestand gekozen\">Geen bestand gekozen<\/span><button class=\"forminator-button-delete\" style=\"display: none;\"><i class=\"forminator-icon-close\" aria-hidden=\"true\"><\/i><span class=\"forminator-screen-reader-only\">Ge\u00fcpload bestand verwijderen<\/span><\/button><\/div><\/div><\/div><\/div><div class=\"forminator-row\"><div id=\"checkbox-1\" class=\"forminator-field-checkbox forminator-col forminator-col-12\"><div role=\"group\" class=\"forminator-field required\" aria-labelledby=\"forminator-checkbox-group-forminator-field-checkbox-1-69e162baa6210-label\"><label id=\"forminator-field-checkbox-1-1-69e162baa6210-label\" for=\"forminator-field-checkbox-1-1-69e162baa6210\" class=\"forminator-checkbox\" title=\"Ik ga ermee akkoord dat mijn gegevens worden gebruikt om contact met mij op te nemen.\"><input type=\"checkbox\" name=\"checkbox-1[]\" value=\"one\" id=\"forminator-field-checkbox-1-1-69e162baa6210\" aria-labelledby=\"forminator-field-checkbox-1-1-69e162baa6210-label\" data-calculation=\"0\"   data-hidden-behavior=\"zero\"\/><span class=\"forminator-checkbox-box\" aria-hidden=\"true\"><\/span><span class=\"forminator-checkbox-label\">Ik ga ermee akkoord dat mijn gegevens worden gebruikt om contact met mij op te nemen.<\/span><\/label><\/div><\/div><\/div><input type=\"hidden\" name=\"referer_url\" value=\"\" \/><div class=\"forminator-row forminator-row-last\"><div class=\"forminator-col\"><div class=\"forminator-field\"><button class=\"forminator-button forminator-button-submit\">Stuur<\/button><\/div><\/div><\/div><input type=\"hidden\" id=\"forminator_nonce\" name=\"forminator_nonce\" value=\"239bbfeeaf\" \/><input type=\"hidden\" name=\"_wp_http_referer\" value=\"\/nl\/wp-json\/wp\/v2\/pages\/101\" \/><input type=\"hidden\" name=\"form_id\" value=\"110\"><input type=\"hidden\" name=\"page_id\" value=\"101\"><input type=\"hidden\" name=\"form_type\" value=\"default\"><input type=\"hidden\" name=\"current_url\" value=\"https:\/\/www.leramoneurdeseglien.bzh\/nl\/101-2\/\"><input type=\"hidden\" name=\"render_id\" value=\"0\"><input type=\"hidden\" name=\"action\" value=\"forminator_submit_form_custom-forms\"><input type=\"hidden\" name=\"trp-form-language\" value=\"nl\"\/><\/form><\/div>","protected":false},"excerpt":{"rendered":"<p>\ud83d\udd38 Nos partenaires r\u00e9gionaux Nous privil\u00e9gions des partenaires locaux, dipl\u00f4m\u00e9s et engag\u00e9s dans la qualit\u00e9 du combustible bois. Les entreprises pr\u00e9sent\u00e9es ci-dessous participent \u00e0 une dynamique bretonne en faveur du chauffage durable et responsable. CelticWood \u00c9nergie \u2013 Rostrenen (22) Producteur local de bois sec et de granul\u00e9s certifi\u00e9s, issus de for\u00eats bretonnes g\u00e9r\u00e9es durablement. CelticWood&#8230;<\/p>","protected":false},"author":1,"featured_media":0,"parent":0,"menu_order":0,"comment_status":"closed","ping_status":"closed","template":"","meta":{"_kadence_starter_templates_imported_post":false,"_kad_post_transparent":"","_kad_post_title":"","_kad_post_layout":"","_kad_post_sidebar_id":"","_kad_post_content_style":"","_kad_post_vertical_padding":"","_kad_post_feature":"","_kad_post_feature_position":"","_kad_post_header":false,"_kad_post_footer":false,"_kad_post_classname":"","footnotes":""},"class_list":["post-101","page","type-page","status-publish","hentry"],"_links":{"self":[{"href":"https:\/\/www.leramoneurdeseglien.bzh\/nl\/wp-json\/wp\/v2\/pages\/101","targetHints":{"allow":["GET"]}}],"collection":[{"href":"https:\/\/www.leramoneurdeseglien.bzh\/nl\/wp-json\/wp\/v2\/pages"}],"about":[{"href":"https:\/\/www.leramoneurdeseglien.bzh\/nl\/wp-json\/wp\/v2\/types\/page"}],"author":[{"embeddable":true,"href":"https:\/\/www.leramoneurdeseglien.bzh\/nl\/wp-json\/wp\/v2\/users\/1"}],"replies":[{"embeddable":true,"href":"https:\/\/www.leramoneurdeseglien.bzh\/nl\/wp-json\/wp\/v2\/comments?post=101"}],"version-history":[{"count":12,"href":"https:\/\/www.leramoneurdeseglien.bzh\/nl\/wp-json\/wp\/v2\/pages\/101\/revisions"}],"predecessor-version":[{"id":126,"href":"https:\/\/www.leramoneurdeseglien.bzh\/nl\/wp-json\/wp\/v2\/pages\/101\/revisions\/126"}],"wp:attachment":[{"href":"https:\/\/www.leramoneurdeseglien.bzh\/nl\/wp-json\/wp\/v2\/media?parent=101"}],"curies":[{"name":"wp","href":"https:\/\/api.w.org\/{rel}","templated":true}]}}