{"id":143,"date":"2025-10-26T13:18:52","date_gmt":"2025-10-26T12:18:52","guid":{"rendered":"https:\/\/leramoneurdeseglien.bzh\/?page_id=143"},"modified":"2025-12-24T18:27:10","modified_gmt":"2025-12-24T17:27:10","slug":"a-propos","status":"publish","type":"page","link":"https:\/\/www.leramoneurdeseglien.bzh\/nl\/a-propos\/","title":{"rendered":"Schoorsteenveger Morbihan - COSTIC gekwalificeerde vakman | Le Ramoneur de S\u00e9glien"},"content":{"rendered":"<p><strong>De Ramoneur van S\u00e9glien<\/strong> is een ambachtelijk bedrijf gevestigd in <strong>S\u00e9glien<\/strong>, in het hart van de <strong>Morbihan<\/strong>. Gespecialiseerd in <strong>schoorsteenvegen Morbihan<\/strong>, l\u2019entretien de po\u00eales \u00e0 bois , ainsi que la cr\u00e9ation de conduits de fum\u00e9e conformes aux normes <a href=\"https:\/\/www.boutique.afnor.org\/fr-fr\/norme\/nf-dtu-241-p12\/travaux-de-batiment-travaux-de-fumisterie-installation-de-systemes-devacuat\/fa179998\/323066\" target=\"_blank\" rel=\"noreferrer noopener\">DTU 24.1 en 24.2<\/a>, Ik werk in een gebied van 30 km rond S\u00e9glien.<\/p>\n\n\n\n<figure class=\"wp-block-image\"><img decoding=\"async\" src=\"https:\/\/leramoneurdeseglien.bzh\/wp-content\/uploads\/2025\/10\/ramonage-morbihan.jpg\" alt=\"Ramonage Morbihan \u2013 Le Ramoneur de S\u00e9glien\"\/><figcaption class=\"wp-element-caption\">Schoorsteenvegen in S\u00e9glien, Morbihan.<\/figcaption><\/figure>\n\n\n\n<h2 class=\"wp-block-heading\" id=\"un-professionnel-du-ramonage-au-service-de-votre-securite\">Een professionele schoorsteenveger om uw veiligheid te garanderen<\/h2>\n\n\n\n<p>Elke interventie is ontworpen om het volgende te garanderen <strong>beveiliging<\/strong> en de <strong>prestaties<\/strong> van je verwarmingssysteem.<br>Schoorsteenvegen is meer dan alleen schoonmaken: het is een essenti\u00eble stap in het voorkomen van schoorsteenbranden, het beperken van de uitstoot van deeltjes en het zorgen voor een goede trek.<br>Ik pas strenge, moderne methoden toe, in het bijzonder de <strong>mechanisch roterend vegen<\/strong>, voor langdurige, effectieve resultaten.<\/p>\n\n\n\n<p>Naast de interventie neem ik altijd de tijd om <strong>mijn klanten adviseren<\/strong> Uitleggen hoe hun systeem werkt, hen informeren over goede huishoudpraktijken en hen in staat stellen om <strong>het technische aspect begrijpen<\/strong> van mijn baan.<br>Deze pedagogische benadering is een integraal onderdeel van mijn werk en helpt om een gevoel van saamhorigheid te cre\u00ebren. <strong>vertrouwensrelatie<\/strong> met elk huishouden.<\/p>\n\n\n\n<h2 class=\"wp-block-heading\" id=\"des-prestations-completes-en-ramonage-et-entretien\">Uitgebreide schoorsteenveeg- en onderhoudsdiensten<\/h2>\n\n\n\n<ul class=\"wp-block-list\">\n<li>Schoorsteenvegen voor houtkachels, inzethaarden en traditionele haarden<\/li>\n\n\n\n<li>Controle en inspectie van rookkanalen per drone<\/li>\n\n\n\n<li>Aanleg of verbetering van kanalen in overeenstemming met <strong>DTU 24.1 en 24.2<\/strong><\/li>\n\n\n\n<li>Onderhoudstips om de levensduur van uw systeem te verlengen<\/li>\n<\/ul>\n\n\n\n<p>Voor alle interventies wordt een certificaat uitgegeven. <strong>digitaal certificaat schoorsteenvegen<\/strong> in lijn met <a href=\"https:\/\/www.legifrance.gouv.fr\/jorf\/id\/JORFTEXT000047746353\" target=\"_blank\" rel=\"noreferrer noopener\">besluit<\/a><a href=\"https:\/\/www.legifrance.gouv.fr\/jorf\/id\/JORFTEXT000047867286\" target=\"_blank\" rel=\"noreferrer noopener\">e<\/a><a href=\"https:\/\/www.legifrance.gouv.fr\/jorf\/id\/JORFTEXT000047746353\" target=\"_blank\" rel=\"noreferrer noopener\">t nr. 2023-641<\/a>.<\/p>\n\n\n\n<h2 class=\"wp-block-heading\" id=\"pourquoi-choisir-le-ramoneur-de-seglien\">Waarom kiezen voor Le Ramoneur de S\u00e9glien?<\/h2>\n\n\n\n<p>Getraind en <strong>afgestudeerd aan <a href=\"https:\/\/www.costic.com\/formations\/presentiel\/maintenance-chauffage\/complet-devenir-ramoneur-fumiste-preparation-au-titre\" target=\"_blank\" rel=\"noopener\">KOSTEN<\/a><\/strong>, Ik maak er een erezaak van om technische nauwkeurigheid te combineren met een educatieve aanpak. Ik leg elke opdracht uit, wijs op eventuele non-conformiteiten en stel oplossingen op maat voor. Mijn engagement: een <strong>professioneel schoorsteenvegen in Morbihan<\/strong> die de normen, je veiligheid en je comfort respecteert.<\/p>\n\n\n\n<h2 class=\"wp-block-heading\" id=\"zone-dintervention\">Interventiegebied<\/h2>\n\n\n\n<p>Ik werk bij <strong>S\u00e9glien<\/strong> en door de <strong>Morbihan<\/strong>, evenals in naburige gemeenten in de C\u00f4tes-d'Armor: Pontivy, Gu\u00e9men\u00e9-sur-Scorff, Silfiac, Plo\u00ebrdut, Guern, Sainte-Brigitte, Plouray, Malgu\u00e9nac, Persquen, Bubry, Perret, Cl\u00e9gu\u00e9rec, Neulliac, Saint-Aignan, Guerl\u00e9dan, Bon-Repos-sur-Blavet, Mellionnec, Plelauff, Plouguern\u00e9vel, enz.<\/p>\n\n\n\n<p>Heb een <strong>schoorsteenvegen in Pontivy<\/strong> of pelletkachel onderhoud in Cl\u00e9gu\u00e9rec? Le Ramoneur de S\u00e9glien komt bij u thuis om een schone, veilige en effici\u00ebnte installatie te garanderen.<\/p>\n\n\n\n<h3 class=\"wp-block-heading\" id=\"une-entreprise-locale-et-responsable\">Een lokaal en verantwoordelijk bedrijf<\/h3>\n\n\n\n<p>Omdat ik me zorgen maak over het milieu, moedig ik het gebruik van <strong>gecertificeerd hout<\/strong> en effici\u00ebnte apparaten. Elke veeg helpt om de energie-effici\u00ebntie te verbeteren en de uitstoot van deeltjes in de lucht te verminderen. Het is mijn manier om vakmanschap en respect voor de natuur te combineren.<\/p>\n\n\n\n<h3 class=\"wp-block-heading\" id=\"contactez-votre-artisan-ramoneur\">Neem contact op met uw schoorsteenveger<\/h3>\n\n\n\n<p>\ud83d\udcde <a href=\"tel:0607853083\">06 07 85 30 83<\/a> - <a href=\"mailto:contact@leramoneurdeseglien.bzh\">contact@leramoneurdeseglien.bzh<\/a><\/p>\n\n\n\n<p>Ga voor meer informatie naar onze <a href=\"https:\/\/www.leramoneurdeseglien.bzh\/nl\/prestations\/\">Diensten<\/a> en <a href=\"https:\/\/www.leramoneurdeseglien.bzh\/nl\/contact\/\">Neem contact op met<\/a>.<\/p>\n\n\n\n<div class=\"wp-block-rank-math-toc-block\" id=\"rank-math-toc\"><h2>Inhoudsopgave<\/h2><nav><ul><li class=\"\"><a href=\"#un-professionnel-du-ramonage-au-service-de-votre-securite\">Een professionele schoorsteenveger om uw veiligheid te garanderen<\/a><\/li><li class=\"\"><a href=\"#des-prestations-completes-en-ramonage-et-entretien\">Uitgebreide schoorsteenveeg- en onderhoudsdiensten<\/a><\/li><li class=\"\"><a href=\"#pourquoi-choisir-le-ramoneur-de-seglien\">Waarom kiezen voor Le Ramoneur de S\u00e9glien?<\/a><\/li><li class=\"\"><a href=\"#zone-dintervention\">Interventiegebied<\/a><ul><li class=\"\"><a href=\"#une-entreprise-locale-et-responsable\">Een lokaal en verantwoordelijk bedrijf<\/a><\/li><li class=\"\"><a href=\"#contactez-votre-artisan-ramoneur\">Neem contact op met uw schoorsteenveger<\/a><\/li><\/ul><\/li><\/ul><\/nav><\/div>","protected":false},"excerpt":{"rendered":"<p>Le Ramoneur de S\u00e9glien est une entreprise artisanale bas\u00e9e \u00e0 S\u00e9glien, au c\u0153ur du Morbihan. Sp\u00e9cialis\u00e9 dans le ramonage Morbihan, l\u2019entretien de po\u00eales \u00e0 bois , ainsi que la cr\u00e9ation de conduits de fum\u00e9e conformes aux normes DTU 24.1 et 24.2, j\u2019interviens dans un secteur de 30km autour de s\u00e9glien Un professionnel du ramonage au&#8230;<\/p>","protected":false},"author":1,"featured_media":0,"parent":0,"menu_order":0,"comment_status":"closed","ping_status":"closed","template":"","meta":{"_kadence_starter_templates_imported_post":false,"_kad_post_transparent":"","_kad_post_title":"","_kad_post_layout":"","_kad_post_sidebar_id":"","_kad_post_content_style":"","_kad_post_vertical_padding":"","_kad_post_feature":"","_kad_post_feature_position":"","_kad_post_header":false,"_kad_post_footer":false,"_kad_post_classname":"","footnotes":""},"class_list":["post-143","page","type-page","status-publish","hentry"],"_links":{"self":[{"href":"https:\/\/www.leramoneurdeseglien.bzh\/nl\/wp-json\/wp\/v2\/pages\/143","targetHints":{"allow":["GET"]}}],"collection":[{"href":"https:\/\/www.leramoneurdeseglien.bzh\/nl\/wp-json\/wp\/v2\/pages"}],"about":[{"href":"https:\/\/www.leramoneurdeseglien.bzh\/nl\/wp-json\/wp\/v2\/types\/page"}],"author":[{"embeddable":true,"href":"https:\/\/www.leramoneurdeseglien.bzh\/nl\/wp-json\/wp\/v2\/users\/1"}],"replies":[{"embeddable":true,"href":"https:\/\/www.leramoneurdeseglien.bzh\/nl\/wp-json\/wp\/v2\/comments?post=143"}],"version-history":[{"count":7,"href":"https:\/\/www.leramoneurdeseglien.bzh\/nl\/wp-json\/wp\/v2\/pages\/143\/revisions"}],"predecessor-version":[{"id":362,"href":"https:\/\/www.leramoneurdeseglien.bzh\/nl\/wp-json\/wp\/v2\/pages\/143\/revisions\/362"}],"wp:attachment":[{"href":"https:\/\/www.leramoneurdeseglien.bzh\/nl\/wp-json\/wp\/v2\/media?parent=143"}],"curies":[{"name":"wp","href":"https:\/\/api.w.org\/{rel}","templated":true}]}}