{"id":147,"date":"2025-10-26T14:00:49","date_gmt":"2025-10-26T13:00:49","guid":{"rendered":"https:\/\/leramoneurdeseglien.bzh\/?page_id=147"},"modified":"2025-10-26T14:24:52","modified_gmt":"2025-10-26T13:24:52","slug":"147-2","status":"publish","type":"page","link":"https:\/\/www.leramoneurdeseglien.bzh\/nl\/147-2\/","title":{"rendered":"Video-inspectie"},"content":{"rendered":"<h1 class=\"wp-block-heading\">Video-inspectie en fotogrammetrie van schoorstenen - visuele diagnose met hoge precisie<\/h1>\n\n\n\n<p>In S\u00e9glien en in de hele regio Morbihan voer ik het volgende uit <strong>video-inspecties van schoorstenen<\/strong> om te controleren of de schoorsteen leeg is na het vegen, en snel <strong>3D-diagnostiek met fotogrammetrie<\/strong> om de interne toestand van elk rookkanaal nauwkeurig te analyseren. Geavanceerde technologie voor veiligheid, naleving en energieprestaties.<\/p>\n\n\n\n<h2 class=\"wp-block-heading\">Video-inspectie na de ramp<\/h2>\n\n\n\n<p>Na elke veegbeurt stel ik een <strong>video vacu\u00fcminspectie<\/strong> om te controleren of het kanaal volkomen vrij is, zonder obstakels of gevaarlijke afzettingen. Deze visuele stap bevestigt de onmiddellijke veiligheid van de installatie voordat het apparaat weer in gebruik wordt genomen.<\/p>\n\n\n\n<ul class=\"wp-block-list\">\n<li>Controle van vacu\u00fcm en kanaalintegriteit<\/li>\n\n\n\n<li>Scheuren, roetdruppels, nesten of omleidingen identificeren<\/li>\n\n\n\n<li>Afbeeldingen en observaties in het rapport<\/li>\n<\/ul>\n\n\n\n<h2 class=\"wp-block-heading\">Diepgaande videodiagnose (in ontwikkeling)<\/h2>\n\n\n\n<p>In de nabije toekomst zal ik een <strong>onafhankelijke videodiagnose<\/strong> dankzij een <strong>roterende camera met hoge resolutie<\/strong> en een <strong>ge\u00efntegreerd LED-verlichtingssysteem<\/strong>. Deze service zal <strong>nauwkeurig in kaart brengen en meten<\/strong> interne fouten in een pijp - scheuren, corrosie, open verbindingen, offsets - en om een gedetailleerd inspectierapport op te stellen. <strong>ge\u00efllustreerd rapport binnen 48 uur<\/strong>.<\/p>\n\n\n\n<p><em>Service beschikbaar op offerte, afhankelijk van kanaalhoogte en configuratie.<\/em><\/p>\n\n\n\n<h2 class=\"wp-block-heading\">3D-fotogrammetrie van kanalen - een nieuwe visie op het onzichtbare<\/h2>\n\n\n\n<p>Dit innovatieve proces bevindt zich momenteel in de ontwikkelingsfase en is gebaseerd op de <strong>fotogrammetrie<\/strong> Hierbij wordt de binnenkant van een pijp driedimensionaal gereconstrueerd aan de hand van videobeelden die tijdens de inspectie zijn opgenomen.<\/p>\n\n\n\n<p>Deze 3D-modellering zal :<\/p>\n\n\n\n<ul class=\"wp-block-list\">\n<li>van <strong>de volledige geometrie van het kanaal visualiseren<\/strong> hoeken, afwijkingen, veranderingen in doorsnede ;<\/li>\n\n\n\n<li>d\u2019<strong>gebieden met beperkingen beoordelen<\/strong> of structurele zwakte ;<\/li>\n\n\n\n<li>van <strong>een digitale tweeling bijhouden<\/strong> van de doorvoer voor bewaking in de loop van de tijd ;<\/li>\n\n\n\n<li>d\u2019<strong>de traceerbaarheid van activiteiten verbeteren<\/strong> en transparantie tegenover klanten en verzekeraars.<\/li>\n<\/ul>\n\n\n\n<p>Deze <strong>fotogrammetrie van schoorstenen<\/strong> positioneren de schoorsteenveger S\u00e9glien als een van de weinige vakmensen die in staat is om een complete <strong>Visuele 3D-expertise<\/strong> huiselijk en collectief roken.<\/p>\n\n\n\n<p><a href=\"https:\/\/www.leramoneurdeseglien.bzh\/nl\/je-souhaite-un-audit-avant-achat-vente\/\">Ontdek de installatie-audit<\/a><\/p>\n\n\n\n<h2 class=\"wp-block-heading\">Interventiegebied<\/h2>\n\n\n\n<p>Gevestigd in <strong>S\u00e9glien (56160)<\/strong>, Ik werk in Pontivy, Cl\u00e9gu\u00e9rec, Gu\u00e9men\u00e9-sur-Scorff en in de hele regio. <strong>Morbihan (56)<\/strong>. Reizen naar naburige steden en departementen op aanvraag.<\/p>\n\n\n\n<p><strong>Belangrijke informatie:<\/strong> deze inspectie vervangt geen <strong>volledige wettelijke controle<\/strong> noch een <strong>standaardberekening EN 13384-1<\/strong>. Ga voor een algemene beoordeling van naleving en prestaties naar de <a href=\"https:\/\/www.leramoneurdeseglien.bzh\/nl\/je-souhaite-un-audit-avant-achat-vente\/\">Audit voor aankoop of verkoop<\/a>.<\/p>\n\n\n\n<h2 class=\"wp-block-heading\">Veelgestelde vragen<\/h2>\n\n\n\n<p> <\/p>\n\n\n\n<div class=\"wp-block-esab-accordion esab-b5zh59h0\" data-mode=\"global\"><div class=\"esab__container\">\n<div class=\"wp-block-esab-accordion-child\"><div class=\"esab__head\" role=\"button\" aria-expanded=\"false\"><div class=\"esab__heading_txt\"><p class=\"esab__heading_tag\">Wat is fotogrammetrie?<\/p><\/div><div class=\"esab__icon\"><div class=\"esab__collapse\"> <svg version=\"1.2\" viewbox=\"0 0 24 24\" width=\"24\" height=\"24\"><path fill-rule=\"evenodd\" d=\"m3.5 20.5c-4.7-4.7-4.7-12.3 0-17 4.7-4.7 12.3-4.7 17 0 4.6 4.7 4.6 12.3 0 17-4.7 4.6-12.3 4.6-17 0zm0.9-0.9c4.2 4.2 11 4.2 15.2 0 4.2-4.2 4.2-11 0-15.2-4.2-4.3-11-4.3-15.2 0-4.3 4.2-4.3 11 0 15.2z\"><\/path><path d=\"m11.4 15.9v-3.3h-3.3c-0.3 0-0.6-0.3-0.6-0.6 0-0.4 0.3-0.6 0.6-0.6h3.3v-3.3c0-0.3 0.3-0.6 0.6-0.6 0.3 0 0.6 0.3 0.6 0.6v3.3h3.3c0.3 0 0.6 0.2 0.6 0.6q0 0.2-0.2 0.4-0.2 0.2-0.4 0.2h-3.3v3.3q0 0.2-0.2 0.4-0.2 0.2-0.4 0.2c-0.4 0-0.6-0.3-0.6-0.6z\"><\/path><\/svg> <\/div><div class=\"esab__expand\"> <svg version=\"1.2\" viewbox=\"0 0 24 24\" width=\"24\" height=\"24\"><path fill-rule=\"evenodd\" d=\"m12 24c-6.6 0-12-5.4-12-12 0-6.6 5.4-12 12-12 6.6 0 12 5.4 12 12 0 6.6-5.4 12-12 12zm10.6-12c0-5.9-4.7-10.6-10.6-10.6-5.9 0-10.6 4.7-10.6 10.6 0 5.9 4.7 10.6 10.6 10.6 5.9 0 10.6-4.7 10.6-10.6z\"><\/path><path d=\"m5.6 11.3h12.8v1.4h-12.8z\"><\/path><\/svg> <\/div><\/div><\/div><div class=\"esab__body\">\n<p>Dit is een techniek die is afgeleid van topografie en architectuur en die een 3D-model reconstrueert uit videobeelden. Toegepast op rookkanalen kan het rookkanaal vanuit alle hoeken worden bekeken en kunnen eventuele vervormingen worden gemeten. <\/p>\n<\/div><\/div>\n\n\n\n<div class=\"wp-block-esab-accordion-child\"><div class=\"esab__head\" role=\"button\" aria-expanded=\"false\"><div class=\"esab__heading_txt\"><p class=\"esab__heading_tag\">Waarom een leiding in 3D modelleren?<\/p><\/div><div class=\"esab__icon\"><div class=\"esab__collapse\"> <svg version=\"1.2\" viewbox=\"0 0 24 24\" width=\"24\" height=\"24\"><path fill-rule=\"evenodd\" d=\"m3.5 20.5c-4.7-4.7-4.7-12.3 0-17 4.7-4.7 12.3-4.7 17 0 4.6 4.7 4.6 12.3 0 17-4.7 4.6-12.3 4.6-17 0zm0.9-0.9c4.2 4.2 11 4.2 15.2 0 4.2-4.2 4.2-11 0-15.2-4.2-4.3-11-4.3-15.2 0-4.3 4.2-4.3 11 0 15.2z\"><\/path><path d=\"m11.4 15.9v-3.3h-3.3c-0.3 0-0.6-0.3-0.6-0.6 0-0.4 0.3-0.6 0.6-0.6h3.3v-3.3c0-0.3 0.3-0.6 0.6-0.6 0.3 0 0.6 0.3 0.6 0.6v3.3h3.3c0.3 0 0.6 0.2 0.6 0.6q0 0.2-0.2 0.4-0.2 0.2-0.4 0.2h-3.3v3.3q0 0.2-0.2 0.4-0.2 0.2-0.4 0.2c-0.4 0-0.6-0.3-0.6-0.6z\"><\/path><\/svg> <\/div><div class=\"esab__expand\"> <svg version=\"1.2\" viewbox=\"0 0 24 24\" width=\"24\" height=\"24\"><path fill-rule=\"evenodd\" d=\"m12 24c-6.6 0-12-5.4-12-12 0-6.6 5.4-12 12-12 6.6 0 12 5.4 12 12 0 6.6-5.4 12-12 12zm10.6-12c0-5.9-4.7-10.6-10.6-10.6-5.9 0-10.6 4.7-10.6 10.6 0 5.9 4.7 10.6 10.6 10.6 5.9 0 10.6-4.7 10.6-10.6z\"><\/path><path d=\"m5.6 11.3h12.8v1.4h-12.8z\"><\/path><\/svg> <\/div><\/div><\/div><div class=\"esab__body\">\n<p>Documenteer de structurele staat, anticipeer op risico's en plan piping- of renovatiewerkzaamheden met onge\u00ebvenaarde precisie. 3D wordt een betrouwbaar visueel technisch bewijs.<\/p>\n<\/div><\/div>\n\n\n\n<div class=\"wp-block-esab-accordion-child\"><div class=\"esab__head\" role=\"button\" aria-expanded=\"false\"><div class=\"esab__heading_txt\"><p class=\"esab__heading_tag\">Hoe lang duurt de analyse?<\/p><\/div><div class=\"esab__icon\"><div class=\"esab__collapse\"> <svg version=\"1.2\" viewbox=\"0 0 24 24\" width=\"24\" height=\"24\"><path fill-rule=\"evenodd\" d=\"m3.5 20.5c-4.7-4.7-4.7-12.3 0-17 4.7-4.7 12.3-4.7 17 0 4.6 4.7 4.6 12.3 0 17-4.7 4.6-12.3 4.6-17 0zm0.9-0.9c4.2 4.2 11 4.2 15.2 0 4.2-4.2 4.2-11 0-15.2-4.2-4.3-11-4.3-15.2 0-4.3 4.2-4.3 11 0 15.2z\"><\/path><path d=\"m11.4 15.9v-3.3h-3.3c-0.3 0-0.6-0.3-0.6-0.6 0-0.4 0.3-0.6 0.6-0.6h3.3v-3.3c0-0.3 0.3-0.6 0.6-0.6 0.3 0 0.6 0.3 0.6 0.6v3.3h3.3c0.3 0 0.6 0.2 0.6 0.6q0 0.2-0.2 0.4-0.2 0.2-0.4 0.2h-3.3v3.3q0 0.2-0.2 0.4-0.2 0.2-0.4 0.2c-0.4 0-0.6-0.3-0.6-0.6z\"><\/path><\/svg> <\/div><div class=\"esab__expand\"> <svg version=\"1.2\" viewbox=\"0 0 24 24\" width=\"24\" height=\"24\"><path fill-rule=\"evenodd\" d=\"m12 24c-6.6 0-12-5.4-12-12 0-6.6 5.4-12 12-12 6.6 0 12 5.4 12 12 0 6.6-5.4 12-12 12zm10.6-12c0-5.9-4.7-10.6-10.6-10.6-5.9 0-10.6 4.7-10.6 10.6 0 5.9 4.7 10.6 10.6 10.6 5.9 0 10.6-4.7 10.6-10.6z\"><\/path><path d=\"m5.6 11.3h12.8v1.4h-12.8z\"><\/path><\/svg> <\/div><\/div><\/div><div class=\"esab__body\">\n<p>De inspectie duurt gemiddeld 30 tot 60 minuten. Het rapport, inclusief video- of 3D-opnames, wordt geleverd in <strong>48 uur<\/strong>.<\/p>\n<\/div><\/div>\n\n\n\n<div class=\"wp-block-esab-accordion-child\"><div class=\"esab__head\" role=\"button\" aria-expanded=\"false\"><div class=\"esab__heading_txt\"><p class=\"esab__heading_tag\">Welke kanalen kunnen worden ge\u00efnspecteerd?<\/p><\/div><div class=\"esab__icon\"><div class=\"esab__collapse\"> <svg version=\"1.2\" viewbox=\"0 0 24 24\" width=\"24\" height=\"24\"><path fill-rule=\"evenodd\" d=\"m3.5 20.5c-4.7-4.7-4.7-12.3 0-17 4.7-4.7 12.3-4.7 17 0 4.6 4.7 4.6 12.3 0 17-4.7 4.6-12.3 4.6-17 0zm0.9-0.9c4.2 4.2 11 4.2 15.2 0 4.2-4.2 4.2-11 0-15.2-4.2-4.3-11-4.3-15.2 0-4.3 4.2-4.3 11 0 15.2z\"><\/path><path d=\"m11.4 15.9v-3.3h-3.3c-0.3 0-0.6-0.3-0.6-0.6 0-0.4 0.3-0.6 0.6-0.6h3.3v-3.3c0-0.3 0.3-0.6 0.6-0.6 0.3 0 0.6 0.3 0.6 0.6v3.3h3.3c0.3 0 0.6 0.2 0.6 0.6q0 0.2-0.2 0.4-0.2 0.2-0.4 0.2h-3.3v3.3q0 0.2-0.2 0.4-0.2 0.2-0.4 0.2c-0.4 0-0.6-0.3-0.6-0.6z\"><\/path><\/svg> <\/div><div class=\"esab__expand\"> <svg version=\"1.2\" viewbox=\"0 0 24 24\" width=\"24\" height=\"24\"><path fill-rule=\"evenodd\" d=\"m12 24c-6.6 0-12-5.4-12-12 0-6.6 5.4-12 12-12 6.6 0 12 5.4 12 12 0 6.6-5.4 12-12 12zm10.6-12c0-5.9-4.7-10.6-10.6-10.6-5.9 0-10.6 4.7-10.6 10.6 0 5.9 4.7 10.6 10.6 10.6 5.9 0 10.6-4.7 10.6-10.6z\"><\/path><path d=\"m5.6 11.3h12.8v1.4h-12.8z\"><\/path><\/svg> <\/div><\/div><\/div><div class=\"esab__body\">\n<p>Alle types: enkel- of dubbelwandig roestvrij staal, flexibele slangen, terracotta doorvoerbuizen, gemetselde kanalen. Afwijkende configuraties kunnen worden ge\u00efnspecteerd binnen de grenzen van veilige toegang.<\/p>\n<\/div><\/div>\n\n\n\n<div class=\"wp-block-esab-accordion-child\"><div class=\"esab__head\" role=\"button\" aria-expanded=\"false\"><div class=\"esab__heading_txt\"><p class=\"esab__heading_tag\">Wordt het gedekt door de verzekering?<\/p><\/div><div class=\"esab__icon\"><div class=\"esab__collapse\"> <svg version=\"1.2\" viewbox=\"0 0 24 24\" width=\"24\" height=\"24\"><path fill-rule=\"evenodd\" d=\"m3.5 20.5c-4.7-4.7-4.7-12.3 0-17 4.7-4.7 12.3-4.7 17 0 4.6 4.7 4.6 12.3 0 17-4.7 4.6-12.3 4.6-17 0zm0.9-0.9c4.2 4.2 11 4.2 15.2 0 4.2-4.2 4.2-11 0-15.2-4.2-4.3-11-4.3-15.2 0-4.3 4.2-4.3 11 0 15.2z\"><\/path><path d=\"m11.4 15.9v-3.3h-3.3c-0.3 0-0.6-0.3-0.6-0.6 0-0.4 0.3-0.6 0.6-0.6h3.3v-3.3c0-0.3 0.3-0.6 0.6-0.6 0.3 0 0.6 0.3 0.6 0.6v3.3h3.3c0.3 0 0.6 0.2 0.6 0.6q0 0.2-0.2 0.4-0.2 0.2-0.4 0.2h-3.3v3.3q0 0.2-0.2 0.4-0.2 0.2-0.4 0.2c-0.4 0-0.6-0.3-0.6-0.6z\"><\/path><\/svg> <\/div><div class=\"esab__expand\"> <svg version=\"1.2\" viewbox=\"0 0 24 24\" width=\"24\" height=\"24\"><path fill-rule=\"evenodd\" d=\"m12 24c-6.6 0-12-5.4-12-12 0-6.6 5.4-12 12-12 6.6 0 12 5.4 12 12 0 6.6-5.4 12-12 12zm10.6-12c0-5.9-4.7-10.6-10.6-10.6-5.9 0-10.6 4.7-10.6 10.6 0 5.9 4.7 10.6 10.6 10.6 5.9 0 10.6-4.7 10.6-10.6z\"><\/path><path d=\"m5.6 11.3h12.8v1.4h-12.8z\"><\/path><\/svg> <\/div><\/div><\/div><div class=\"esab__body\">\n<p>Video- en fotogrammetrische inspecties worden gebruikt om <strong>technisch bewijs<\/strong> maar vormen geen verzekeringsdiagnose. Ze zijn een nuttige aanvulling op een <a href=\"https:\/\/www.leramoneurdeseglien.bzh\/nl\/je-souhaite-un-audit-avant-achat-vente\/\">installatie-audit<\/a>.<\/p>\n<\/div><\/div>\n<\/div><\/div>","protected":false},"excerpt":{"rendered":"<p>Video-inspectie en fotogrammetrie van schoorsteenkanalen - visuele diagnose met hoge precisie In S\u00e9glien en in heel Morbihan voer ik video-inspecties uit van schoorsteenkanalen om te controleren of ze leeg zijn na het vegen, en binnenkort ook 3D-fotogrammetrische diagnoses om de precieze staat van de binnenkant van elk schoorsteenkanaal te analyseren. Geavanceerde technologie...<\/p>","protected":false},"author":1,"featured_media":0,"parent":0,"menu_order":0,"comment_status":"closed","ping_status":"closed","template":"","meta":{"_kadence_starter_templates_imported_post":false,"_kad_post_transparent":"","_kad_post_title":"","_kad_post_layout":"","_kad_post_sidebar_id":"","_kad_post_content_style":"","_kad_post_vertical_padding":"","_kad_post_feature":"","_kad_post_feature_position":"","_kad_post_header":false,"_kad_post_footer":false,"_kad_post_classname":"","footnotes":""},"class_list":["post-147","page","type-page","status-publish","hentry"],"_links":{"self":[{"href":"https:\/\/www.leramoneurdeseglien.bzh\/nl\/wp-json\/wp\/v2\/pages\/147","targetHints":{"allow":["GET"]}}],"collection":[{"href":"https:\/\/www.leramoneurdeseglien.bzh\/nl\/wp-json\/wp\/v2\/pages"}],"about":[{"href":"https:\/\/www.leramoneurdeseglien.bzh\/nl\/wp-json\/wp\/v2\/types\/page"}],"author":[{"embeddable":true,"href":"https:\/\/www.leramoneurdeseglien.bzh\/nl\/wp-json\/wp\/v2\/users\/1"}],"replies":[{"embeddable":true,"href":"https:\/\/www.leramoneurdeseglien.bzh\/nl\/wp-json\/wp\/v2\/comments?post=147"}],"version-history":[{"count":10,"href":"https:\/\/www.leramoneurdeseglien.bzh\/nl\/wp-json\/wp\/v2\/pages\/147\/revisions"}],"predecessor-version":[{"id":165,"href":"https:\/\/www.leramoneurdeseglien.bzh\/nl\/wp-json\/wp\/v2\/pages\/147\/revisions\/165"}],"wp:attachment":[{"href":"https:\/\/www.leramoneurdeseglien.bzh\/nl\/wp-json\/wp\/v2\/media?parent=147"}],"curies":[{"name":"wp","href":"https:\/\/api.w.org\/{rel}","templated":true}]}}