{"id":22,"date":"2025-10-19T19:34:38","date_gmt":"2025-10-19T19:34:38","guid":{"rendered":"https:\/\/leramoneurdeseglien.bzh\/?page_id=22"},"modified":"2025-12-24T18:28:55","modified_gmt":"2025-12-24T17:28:55","slug":"prestations","status":"publish","type":"page","link":"https:\/\/www.leramoneurdeseglien.bzh\/nl\/prestations\/","title":{"rendered":"Diensten"},"content":{"rendered":"<h1 class=\"wp-block-heading\">Onze diensten<\/h1>\n\n\n\n<h2 class=\"wp-block-heading\">Schoorsteenvegen voor hout-, pellet-, olie- en gastoestellen<\/h2>\n\n\n\n<p>Regelmatig de schoorsteen vegen zorgt voor <strong>beveiliging<\/strong>, de <strong>prestaties<\/strong> en de <strong>duurzaamheid<\/strong> van je verwarmingssysteem.<br>Ik werk aan alle huishoudelijke en semi-professionele apparaten:<\/p>\n\n\n\n<ul class=\"wp-block-list\">\n<li>Kachels en inzethaarden <strong>houtblokken<\/strong><\/li>\n\n\n\n<li>Ketels <strong>stookolie<\/strong> en <strong>gas<\/strong><\/li>\n\n\n\n<li>Open haarden, fornuizen en bijverwarmers<\/li>\n<\/ul>\n\n\n\n<p>Elke interventie omvat :<\/p>\n\n\n\n<ul class=\"wp-block-list\">\n<li>Le <strong>volledige mechanische reiniging van het kanaal<\/strong> (borstelen door egel)<\/li>\n\n\n\n<li>Le <strong>de open haard en het rookkanaal ontstoffen<\/strong><\/li>\n\n\n\n<li>Le <strong>visuele controle<\/strong> kanalen en inspectieluiken<\/li>\n\n\n\n<li>De kwestie van een <strong>schoorsteenveegcertificaat volgens DTU 24.1 \/ 24.2<\/strong><\/li>\n<\/ul>\n\n\n\n<blockquote class=\"wp-block-quote is-layout-flow wp-block-quote-is-layout-flow\">\n<p>Voor elke vastgestelde anomalie (gebarsten schoorsteen, bistresten, ventilatieproblemen, enz.) wordt een rapport en gepersonaliseerd technisch advies opgesteld.<\/p>\n<\/blockquote>\n\n\n\n<hr class=\"wp-block-separator has-alpha-channel-opacity\"\/>\n\n\n\n<h2 class=\"wp-block-heading\">\ud83d\udd0d Audit en diagnose v\u00f3\u00f3r installatie<\/h2>\n\n\n\n<p>Voordat ik een nieuwe kachel installeer of een bestaand rookkanaal opnieuw in gebruik neem, voer ik een inspectie van het rookkanaal uit. <strong>voorafgaande technische audit<\/strong> om de haalbaarheid en conformiteit van de installatie te beoordelen.<\/p>\n\n\n\n<p>Deze audit omvat :<\/p>\n\n\n\n<ul class=\"wp-block-list\">\n<li>L\u2019<strong>inspectie rookkanaal<\/strong> (waterdichtheid, afmetingen, materialen)<\/li>\n\n\n\n<li>Le <strong>veiligheidsafstandsbediening<\/strong> en verbrandingsluchttoevoer<\/li>\n\n\n\n<li>L\u2019<strong>analyse van de oplage<\/strong> en het meten van depressies<\/li>\n\n\n\n<li>Verificatie van <strong>dakdoorvoeren en kanaaldoppen<\/strong><\/li>\n\n\n\n<li>Indien nodig kan een <strong>inspectie vanuit de lucht met een drone<\/strong> om de belasting en gebieden die niet toegankelijk zijn te beoordelen<\/li>\n<\/ul>\n\n\n\n<blockquote class=\"wp-block-quote is-layout-flow wp-block-quote-is-layout-flow\">\n<p>Deze audit vormt een betrouwbare basis voordat nieuwe apparatuur wordt gemaakt of vervangen en garandeert het volgende <strong>naleving van DTU- en verzekeringseisen<\/strong>.<\/p>\n<\/blockquote>\n\n\n\n<hr class=\"wp-block-separator has-alpha-channel-opacity\"\/>\n\n\n\n<h2 class=\"wp-block-heading\">Verzorgings- en veiligheidsproducten voor thuis<\/h2>\n\n\n\n<p>Wanneer ik met je werk, stel ik een selectie van <strong>aanvullende producten en apparatuur<\/strong> ontworpen om de levensduur van installaties te verlengen en de veiligheid van de bewoners te verbeteren:<\/p>\n\n\n\n<ul class=\"wp-block-list\">\n<li><strong>Glas- en oppervlaktereinigers<\/strong> voor hout- en pelletkachels<\/li>\n\n\n\n<li><strong>Schoorsteenvegen en stofwerende korrels<\/strong> professionals<\/li>\n\n\n\n<li><strong>Spuitbusontvetters, smeermiddelen en technische reinigingsmiddelen<\/strong><\/li>\n\n\n\n<li><strong>X-Sense rook- en koolmonoxidemelders<\/strong>, gecertificeerd volgens NF EN 14604<\/li>\n<\/ul>\n\n\n\n<blockquote class=\"wp-block-quote is-layout-flow wp-block-quote-is-layout-flow\">\n<p>Deze apparatuur wordt direct tijdens het interview aangeboden, met uitleg over het gebruik en een controle of het goed werkt.<\/p>\n<\/blockquote>\n\n\n\n<hr class=\"wp-block-separator has-alpha-channel-opacity\"\/>\n\n\n\n<h2 class=\"wp-block-heading\">\ud83e\uddf1 Creatie en renovatie van schoorstenen<\/h2>\n\n\n\n<p>Ik maak de <strong>cre\u00ebren, upgraden of renoveren<\/strong> rookkanalen voor kachels, boilers en inzethaarden.<\/p>\n\n\n\n<p>Het werk wordt uitgevoerd in overeenstemming met de eisen van de <strong>DTU 24.1 en 24.2<\/strong> :<\/p>\n\n\n\n<ul class=\"wp-block-list\">\n<li>Technische studie en dimensionering van het kanaal<\/li>\n\n\n\n<li><strong>Stijve of flexibele roestvrijstalen pijp<\/strong> afhankelijk van de configuratie<\/li>\n\n\n\n<li>Installatie van <strong>dubbelwandige ge\u00efsoleerde kanalen<\/strong> (roestvrij staal of ge\u00ebmailleerd)<\/li>\n\n\n\n<li><strong>Vloer- en zolderdoorvoeren<\/strong> met CE-gecertificeerde accessoires<\/li>\n\n\n\n<li>Installatie van <strong>dakkappen, gootstukken en afvoerkanalen<\/strong> aangepast<\/li>\n<\/ul>\n\n\n\n<p>Elke installatie is het onderwerp van een <strong>visuele eindinspectie<\/strong> en een <strong>trekproef<\/strong>.<\/p>\n\n\n\n<hr class=\"wp-block-separator has-alpha-channel-opacity\"\/>\n\n\n\n<h2 class=\"wp-block-heading\">Hoogte-inspectie per drone<\/h2>\n\n\n\n<p>Bepaalde delen van het dak of schoorstenen vereisen een specifieke aanpak.<br>Dankzij inspectie door <strong>drone<\/strong>, Dat kan ik:<\/p>\n\n\n\n<ul class=\"wp-block-list\">\n<li>Controleer kanaalstompen en uitlaten in alle veiligheid<\/li>\n\n\n\n<li>Scheuren, infiltraties of tochtafwijkingen opsporen<\/li>\n\n\n\n<li>Zorg voor een <strong>nauwkeurig visueel verslag<\/strong> vergezeld van high-definition beelden<\/li>\n<\/ul>\n\n\n\n<blockquote class=\"wp-block-quote is-layout-flow wp-block-quote-is-layout-flow\">\n<p>Dankzij deze technologie kan ik elke ingreep nauwkeurig documenteren, zonder onnodige demontage of risico's voor het dak.<\/p>\n<\/blockquote>\n\n\n\n<hr class=\"wp-block-separator has-alpha-channel-opacity\"\/>\n\n\n\n<h2 class=\"wp-block-heading\">Certificering, bewaking en traceerbaarheid<\/h2>\n\n\n\n<p>Elke interventie is het onderwerp van een <strong>volledig verslag<\/strong> :<\/p>\n\n\n\n<ul class=\"wp-block-list\">\n<li>Schoorsteenveegcertificaat of onderhoudscertificaat<\/li>\n\n\n\n<li>Technisch rapport in geval van storing<\/li>\n\n\n\n<li>Persoonlijk advies om veiligheid, prestaties en comfort te verbeteren<\/li>\n<\/ul>\n\n\n\n<blockquote class=\"wp-block-quote is-layout-flow wp-block-quote-is-layout-flow\">\n<p>Mijn doel: een <strong>duidelijke, gedocumenteerde en transparante follow-up<\/strong> voor elke klant, voor een gezonde, conforme en duurzame installatie.<\/p>\n<\/blockquote>\n\n\n\n<hr class=\"wp-block-separator has-alpha-channel-opacity\"\/>\n\n\n\n<h2 class=\"wp-block-heading\">Interventiegebied<\/h2>\n\n\n\n<p>Ik werk aan <strong>S\u00e9glien (56160)<\/strong> en naburige gemeenten:<br><strong>Gu\u00e9men\u00e9-sur-Scorff, Cl\u00e9gu\u00e9rec, Locmalo, Plo\u00ebrdut, Persquen, Silfiac, Ste-Brigitte, plelauff, Gouarec, Mellionnec, Lango\u00eblan, Guern, Neulliac, St-Aignan, Guerledan, Bon-repos-sur-Blavet, Perret, Inguiniel, Malgu\u00e9nac, Bubry<\/strong>, en het omliggende gebied.<\/p>\n\n\n\n<blockquote class=\"wp-block-quote is-layout-flow wp-block-quote-is-layout-flow\">\n<p>Om een offerte of diagnose aan te vragen, <\/p>\n\n\n\n<p>contacteer mij op <strong>06 07 85 30 83<\/strong><\/p>\n\n\n\n<p>per e-mail naar <strong><a>contact@leramoneurdeseglien.bzh<\/a><\/strong><\/p>\n<\/blockquote>","protected":false},"excerpt":{"rendered":"<p>\ud83d\udd25 Nos prestations \ud83e\uddf1 Ramonage d\u2019appareils bois, granul\u00e9s, fioul et gaz Le ramonage r\u00e9gulier garantit la s\u00e9curit\u00e9, la performance et la durabilit\u00e9 de votre installation de chauffage.J\u2019interviens sur l\u2019ensemble des appareils domestiques et semi-professionnels : Chaque intervention comprend : Toute anomalie observ\u00e9e (conduit fissur\u00e9, d\u00e9p\u00f4t de bistre, probl\u00e8me de ventilation, etc.) fait l\u2019objet d\u2019un compte&#8230;<\/p>","protected":false},"author":1,"featured_media":0,"parent":0,"menu_order":2,"comment_status":"closed","ping_status":"closed","template":"","meta":{"_kadence_starter_templates_imported_post":false,"_kad_post_transparent":"","_kad_post_title":"","_kad_post_layout":"","_kad_post_sidebar_id":"","_kad_post_content_style":"","_kad_post_vertical_padding":"","_kad_post_feature":"","_kad_post_feature_position":"","_kad_post_header":false,"_kad_post_footer":false,"_kad_post_classname":"","footnotes":""},"class_list":["post-22","page","type-page","status-publish","hentry"],"_links":{"self":[{"href":"https:\/\/www.leramoneurdeseglien.bzh\/nl\/wp-json\/wp\/v2\/pages\/22","targetHints":{"allow":["GET"]}}],"collection":[{"href":"https:\/\/www.leramoneurdeseglien.bzh\/nl\/wp-json\/wp\/v2\/pages"}],"about":[{"href":"https:\/\/www.leramoneurdeseglien.bzh\/nl\/wp-json\/wp\/v2\/types\/page"}],"author":[{"embeddable":true,"href":"https:\/\/www.leramoneurdeseglien.bzh\/nl\/wp-json\/wp\/v2\/users\/1"}],"replies":[{"embeddable":true,"href":"https:\/\/www.leramoneurdeseglien.bzh\/nl\/wp-json\/wp\/v2\/comments?post=22"}],"version-history":[{"count":4,"href":"https:\/\/www.leramoneurdeseglien.bzh\/nl\/wp-json\/wp\/v2\/pages\/22\/revisions"}],"predecessor-version":[{"id":364,"href":"https:\/\/www.leramoneurdeseglien.bzh\/nl\/wp-json\/wp\/v2\/pages\/22\/revisions\/364"}],"wp:attachment":[{"href":"https:\/\/www.leramoneurdeseglien.bzh\/nl\/wp-json\/wp\/v2\/media?parent=22"}],"curies":[{"name":"wp","href":"https:\/\/api.w.org\/{rel}","templated":true}]}}