{"id":33,"date":"2025-10-20T08:47:42","date_gmt":"2025-10-20T06:47:42","guid":{"rendered":"https:\/\/leramoneurdeseglien.bzh\/?page_id=33"},"modified":"2025-12-11T19:48:17","modified_gmt":"2025-12-11T18:48:17","slug":"tarifs","status":"publish","type":"page","link":"https:\/\/www.leramoneurdeseglien.bzh\/nl\/prestations\/tarifs\/","title":{"rendered":"Tarieven"},"content":{"rendered":"<h2 class=\"wp-block-heading\">Tarieven voor diensten<\/h2>\n\n\n\n<p>Dit zijn de <strong>richtprijzen incl. btw<\/strong> des principales prestations que je propose. <\/p>\n\n\n\n<p>Ils incluent la TVA \u00e0 10 % applicable aux travaux d\u2019entretien ou de maintenance r\u00e9alis\u00e9s dans un logement de plus de deux ans.<\/p>\n\n\n\n<p>Pour les clients professionnels, une TVA \u00e0 20% sera appliqu\u00e9e.<\/p>\n\n\n\n<p><em>Reiskosten kunnen van toepassing zijn, afhankelijk van het interventiegebied.<\/em><\/p>\n\n\n\n<figure class=\"wp-block-table\"><table class=\"has-fixed-layout\"><thead><tr><th>Diensten<\/th><th>Prijs incl. btw<\/th><\/tr><\/thead><tbody><tr><td>Houtkachel<\/td><td><strong>99,00 \u20ac<\/strong><\/td><\/tr><tr><td>Invoegen<\/td><td><strong>99,00 \u20ac<\/strong><\/td><\/tr><tr><td>Massakachel<\/td><td><strong>189,00 \u20ac<\/strong><\/td><\/tr><tr><td>Foyer ouvert (chemin\u00e9e)<\/td><td><strong>A partir de 129,00 \u20ac<\/strong><\/td><\/tr><tr><td>Houtgestookt fornuis<\/td><td><strong>169,00 \u20ac<\/strong><\/td><\/tr><tr><td><\/td><td><\/td><\/tr><tr><td>Chaudi\u00e8re fioul (standard)<\/td><td><strong>129,00 \u20ac<\/strong><\/td><\/tr><tr><td>Chaudi\u00e8re gaz (standard)<\/td><td><strong>79,00 \u20ac<\/strong><\/td><\/tr><tr><td><\/td><td><\/td><\/tr><tr><td>Installatie-audit<\/td><td><strong>149,00 \u20ac<\/strong><\/td><\/tr><tr><td>Drone-operaties (boomstronkcontroles, visuele inspecties)<\/td><td><strong>79,00 \u20ac<\/strong><\/td><\/tr><tr><td>Test d\u2019\u00e9tanch\u00e9it\u00e9 de conduit (obligatoire tout les trois ans)<\/td><td><strong>280,00 \u20ac<\/strong><\/td><\/tr><\/tbody><\/table><\/figure>\n\n\n\n<p><em>Prijzen zijn indicatief en kunnen vari\u00ebren afhankelijk van de configuratie van de installatie, de hoogte van het rookkanaal, de toegankelijkheid en de geografische locatie.<\/em><\/p>\n\n\n\n<blockquote class=\"wp-block-quote is-layout-flow wp-block-quote-is-layout-flow\">\n<p><strong>Schoorsteenveger advies:<\/strong><br>Vergeet niet om, voordat je aan het werk gaat, de toegang tot je apparaat vrij te maken en een stopcontact in de buurt te voorzien. Een goed voorbereide klus bespaart tijd en zorgt ervoor dat je nog zorgvuldiger te werk gaat.<\/p>\n<\/blockquote>\n\n\n\n<p><\/p>","protected":false},"excerpt":{"rendered":"<p>\ud83d\udcb6 Tarifs des prestations Voici les tarifs indicatifs TTC des principales prestations que je propose. Ils incluent la TVA \u00e0 10 % applicable aux travaux d\u2019entretien ou de maintenance r\u00e9alis\u00e9s dans un logement de plus de deux ans. Pour les clients professionnels, une TVA \u00e0 20% sera appliqu\u00e9e. Des frais de d\u00e9placement peuvent s\u2019appliquer selon&#8230;<\/p>","protected":false},"author":1,"featured_media":0,"parent":22,"menu_order":6,"comment_status":"closed","ping_status":"closed","template":"","meta":{"_kadence_starter_templates_imported_post":false,"_kad_post_transparent":"","_kad_post_title":"","_kad_post_layout":"","_kad_post_sidebar_id":"","_kad_post_content_style":"","_kad_post_vertical_padding":"","_kad_post_feature":"","_kad_post_feature_position":"","_kad_post_header":false,"_kad_post_footer":false,"_kad_post_classname":"","footnotes":""},"class_list":["post-33","page","type-page","status-publish","hentry"],"_links":{"self":[{"href":"https:\/\/www.leramoneurdeseglien.bzh\/nl\/wp-json\/wp\/v2\/pages\/33","targetHints":{"allow":["GET"]}}],"collection":[{"href":"https:\/\/www.leramoneurdeseglien.bzh\/nl\/wp-json\/wp\/v2\/pages"}],"about":[{"href":"https:\/\/www.leramoneurdeseglien.bzh\/nl\/wp-json\/wp\/v2\/types\/page"}],"author":[{"embeddable":true,"href":"https:\/\/www.leramoneurdeseglien.bzh\/nl\/wp-json\/wp\/v2\/users\/1"}],"replies":[{"embeddable":true,"href":"https:\/\/www.leramoneurdeseglien.bzh\/nl\/wp-json\/wp\/v2\/comments?post=33"}],"version-history":[{"count":5,"href":"https:\/\/www.leramoneurdeseglien.bzh\/nl\/wp-json\/wp\/v2\/pages\/33\/revisions"}],"predecessor-version":[{"id":356,"href":"https:\/\/www.leramoneurdeseglien.bzh\/nl\/wp-json\/wp\/v2\/pages\/33\/revisions\/356"}],"up":[{"embeddable":true,"href":"https:\/\/www.leramoneurdeseglien.bzh\/nl\/wp-json\/wp\/v2\/pages\/22"}],"wp:attachment":[{"href":"https:\/\/www.leramoneurdeseglien.bzh\/nl\/wp-json\/wp\/v2\/media?parent=33"}],"curies":[{"name":"wp","href":"https:\/\/api.w.org\/{rel}","templated":true}]}}