{"id":82,"date":"2025-10-21T08:15:21","date_gmt":"2025-10-21T06:15:21","guid":{"rendered":"https:\/\/leramoneurdeseglien.bzh\/?page_id=82"},"modified":"2025-10-26T21:30:44","modified_gmt":"2025-10-26T20:30:44","slug":"bois-de-chauffage","status":"publish","type":"page","link":"https:\/\/www.leramoneurdeseglien.bzh\/nl\/bois-de-chauffage\/","title":{"rendered":"Brandhout"},"content":{"rendered":"<h1 class=\"wp-block-heading\" id=\"\ud83d\udd25-bois-de-chauffage-cadre-reglementaire-et-garanties-de-conformite\">Brandhout: regelgevend kader en nalevingsgaranties<\/h1>\n\n\n\n<h2 class=\"wp-block-heading\" id=\"1-la-reglementation-francaise-du-bois-de-chauffage\">1. Franse voorschriften voor brandhout<\/h2>\n\n\n\n<p>Sinds <strong>1 september 2022<\/strong>, de verkoop van brandhout aan particulieren valt onder de <strong>Decreet nr. 2022-446 van 30 maart 2022<\/strong> en de\u2019<strong>Besluit van 30 maart 2022<\/strong> met betrekking tot het op de markt brengen van <em>gebruiksklaar\u201c of \u201dbrandklaar\u201c hout\u201d<\/em>.<br>Het doel van deze regelgeving is om consumenten veilig hout van hoge kwaliteit te garanderen dat het milieu respecteert en tegelijkertijd de uitstoot van fijne deeltjes door verbranding vermindert.<\/p>\n\n\n\n<p>Professionals zijn nu verplicht om duidelijke en controleerbare informatie te geven over de kwaliteit van het hout dat ze verkopen, inclusief :<\/p>\n\n\n\n<ul class=\"wp-block-list\">\n<li>Soorten (eik, beuk, haagbeuk, es, enz.)<\/li>\n\n\n\n<li>De lengte van de houtblokken<\/li>\n\n\n\n<li>Vochtigheidsniveaus<\/li>\n\n\n\n<li>Verkochte hoeveelheid (in st\u00e8re, schijnbare m\u00b3 of equivalent)<\/li>\n\n\n\n<li>De oorsprong van hout<\/li>\n\n\n\n<li>De status van drogen :\n<ul class=\"wp-block-list\">\n<li><strong>Droog of \u201cgebruiksklaar\u201d hout :<\/strong> vochtigheid \u2264 23 %<\/li>\n\n\n\n<li><strong>Hout om te drogen :<\/strong> vochtigheid &gt; 23 %<\/li>\n<\/ul>\n<\/li>\n<\/ul>\n\n\n\n<h2 class=\"wp-block-heading\" id=\"2-le-bois-pret-a-bruler\">2. Brandklaar\u00ab hout\u00bb<\/h2>\n\n\n\n<p>De term <strong>\u00abbrandklaar hout\u00bb<\/strong> (of \u00abdroog hout\u00bb) kan alleen worden gebruikt als het hout voldoet aan de criteria die zijn vastgesteld in bovengenoemde beschikking, d.w.z. :<\/p>\n\n\n\n<ul class=\"wp-block-list\">\n<li>Vocht lager dan of gelijk aan 23 %, gemeten op brutomassa.<\/li>\n\n\n\n<li>Beschutte, geventileerde opslag v\u00f3\u00f3r levering.<\/li>\n\n\n\n<li>Verplichte vermelding op de factuur of pakbon:\n<ul class=\"wp-block-list\">\n<li>\u201cGebruiksklaar hout\u201d of \u201cte drogen hout\u201d.<\/li>\n<\/ul>\n<\/li>\n<\/ul>\n\n\n\n<p>Dit onderscheid is <strong>verplicht op alle facturen<\/strong>, om de consument te informeren over de werkelijke kwaliteit van het gekochte product.<\/p>\n\n\n\n<h2 class=\"wp-block-heading\" id=\"3-les-labels-et-normes-de-qualite\">3. Kwaliteitslabels en -normen<\/h2>\n\n\n\n<p>Sommige leveranciers zetten zich vrijwillig in voor een certificeringsproces, een garantie voor kwaliteit en transparantie:<\/p>\n\n\n\n<ul class=\"wp-block-list\">\n<li><strong>NF Vaste biobrandstoffen<\/strong> Voldoet aan norm NF EN ISO 17225-5.<\/li>\n\n\n\n<li><strong>Label Frankrijk Bois B\u00fbche<\/strong> Lokaal, goed gedroogd hout uit duurzaam beheerde bossen.<\/li>\n<\/ul>\n\n\n\n<p>Deze labels zijn niet verplicht, maar ze vertegenwoordigen wel een <strong>extra garantie<\/strong> voor de consument en voor de duurzaamheid van de sector.<\/p>\n\n\n\n<h2 class=\"wp-block-heading\" id=\"4-pourquoi-privilegier-un-bois-sec\">4. Waarom kiezen voor droog hout?<\/h2>\n\n\n\n<p>A <strong>vochtig hout<\/strong> brandt slecht, verstopt het rookkanaal, bevordert de vorming van bistre en vermindert het rendement van de kachel of schoorsteen.<br>Omgekeerd kan een <strong>goed gedroogd hout<\/strong> verzekering :<\/p>\n\n\n\n<ul class=\"wp-block-list\">\n<li>Volledige, schonere verbranding,<\/li>\n\n\n\n<li>Betere energieprestaties,<\/li>\n\n\n\n<li>Een aanzienlijke vermindering van de deeltjesuitstoot,<\/li>\n\n\n\n<li>Langere levensduur van het rookkanaal.<\/li>\n<\/ul>\n\n\n\n<h2 class=\"wp-block-heading\" id=\"5-facturation-et-mentions-obligatoires\">5. Facturering en verplichte informatie<\/h2>\n\n\n\n<p>Alle aankopen van brandhout moeten vergezeld gaan van een <strong>factuur<\/strong> bestaande uit :<\/p>\n\n\n\n<ul class=\"wp-block-list\">\n<li>Naam en adres van de verkoper,<\/li>\n\n\n\n<li>Leverdatum,<\/li>\n\n\n\n<li>Productaanduiding : \u201cHout om te drogen of gebruiksklaar hout,<\/li>\n\n\n\n<li>Essentie, lengte, volume, vochtgehalte,<\/li>\n\n\n\n<li>Prijs per eenheid en totaal incl. btw,<\/li>\n\n\n\n<li>Toepasselijk btw-tarief (<strong>5,5 %<\/strong> voor huishoudelijk gebruik).<\/li>\n<\/ul>\n\n\n\n<p>Deze transparantie beschermt de consument en garandeert volledige traceerbaarheid van de brandstof.<\/p>\n\n\n\n<div class=\"wp-block-rank-math-toc-block\" id=\"rank-math-toc\"><h2>Inhoudsopgave<\/h2><nav><ul><li><a href=\"#\ud83d\udd25-bois-de-chauffage-cadre-reglementaire-et-garanties-de-conformite\">Brandhout: regelgevend kader en nalevingsgaranties<\/a><ul><li><a href=\"#1-la-reglementation-francaise-du-bois-de-chauffage\">1. Franse voorschriften voor brandhout<\/a><\/li><li><a href=\"#2-le-bois-pret-a-bruler\">2. Brandklaar\u00ab hout\u00bb<\/a><\/li><li><a href=\"#3-les-labels-et-normes-de-qualite\">3. Kwaliteitslabels en -normen<\/a><\/li><li><a href=\"#4-pourquoi-privilegier-un-bois-sec\">4. Waarom kiezen voor droog hout?<\/a><\/li><li><a href=\"#5-facturation-et-mentions-obligatoires\">5. Facturering en verplichte informatie<\/a><\/li><\/ul><\/li><\/ul><\/nav><\/div>","protected":false},"excerpt":{"rendered":"<p>\ud83d\udd25 Bois de chauffage : cadre r\u00e9glementaire et garanties de conformit\u00e9 1. La r\u00e9glementation fran\u00e7aise du bois de chauffage Depuis le 1er septembre 2022, la vente de bois de chauffage aux particuliers est encadr\u00e9e par le d\u00e9cret n\u00b0 2022-446 du 30 mars 2022 et l\u2019arr\u00eat\u00e9 du 30 mars 2022 relatifs \u00e0 la commercialisation du bois&#8230;<\/p>","protected":false},"author":1,"featured_media":0,"parent":0,"menu_order":0,"comment_status":"closed","ping_status":"closed","template":"","meta":{"_kadence_starter_templates_imported_post":false,"_kad_post_transparent":"","_kad_post_title":"","_kad_post_layout":"","_kad_post_sidebar_id":"","_kad_post_content_style":"","_kad_post_vertical_padding":"","_kad_post_feature":"","_kad_post_feature_position":"","_kad_post_header":false,"_kad_post_footer":false,"_kad_post_classname":"","footnotes":""},"class_list":["post-82","page","type-page","status-publish","hentry"],"_links":{"self":[{"href":"https:\/\/www.leramoneurdeseglien.bzh\/nl\/wp-json\/wp\/v2\/pages\/82","targetHints":{"allow":["GET"]}}],"collection":[{"href":"https:\/\/www.leramoneurdeseglien.bzh\/nl\/wp-json\/wp\/v2\/pages"}],"about":[{"href":"https:\/\/www.leramoneurdeseglien.bzh\/nl\/wp-json\/wp\/v2\/types\/page"}],"author":[{"embeddable":true,"href":"https:\/\/www.leramoneurdeseglien.bzh\/nl\/wp-json\/wp\/v2\/users\/1"}],"replies":[{"embeddable":true,"href":"https:\/\/www.leramoneurdeseglien.bzh\/nl\/wp-json\/wp\/v2\/comments?post=82"}],"version-history":[{"count":4,"href":"https:\/\/www.leramoneurdeseglien.bzh\/nl\/wp-json\/wp\/v2\/pages\/82\/revisions"}],"predecessor-version":[{"id":281,"href":"https:\/\/www.leramoneurdeseglien.bzh\/nl\/wp-json\/wp\/v2\/pages\/82\/revisions\/281"}],"wp:attachment":[{"href":"https:\/\/www.leramoneurdeseglien.bzh\/nl\/wp-json\/wp\/v2\/media?parent=82"}],"curies":[{"name":"wp","href":"https:\/\/api.w.org\/{rel}","templated":true}]}}