{"id":86,"date":"2025-10-21T19:20:28","date_gmt":"2025-10-21T17:20:28","guid":{"rendered":"https:\/\/leramoneurdeseglien.bzh\/?page_id=86"},"modified":"2025-10-21T19:21:01","modified_gmt":"2025-10-21T17:21:01","slug":"86-2","status":"publish","type":"page","link":"https:\/\/www.leramoneurdeseglien.bzh\/nl\/86-2\/","title":{"rendered":"Partner schoorsteenvegers"},"content":{"rendered":"<h1 class=\"wp-block-heading\">Onze partner schoorsteenvegers<\/h1>\n\n\n\n<p>Alle professionals op deze pagina zijn <strong>gekwalificeerd en vakkundig<\/strong> op het gebied van schoorsteen- en rookvegen. Ze werken in overeenstemming met <strong>huidige normen<\/strong> en een <strong>conform certificaat<\/strong> erkend door verzekeringsmaatschappijen. <img decoding=\"async\" src=\"https:\/\/static.wixstatic.com\/media\/7e0f36_690c55a54df94a41932c4bcd4b0d7fc8~mv2.jpg\/v1\/fit\/w_1200,h_600,al_c\/7e0f36_690c55a54df94a41932c4bcd4b0d7fc8~mv2.jpg\" alt=\"Pimpompin Ramonage\"><\/p>\n\n\n\n<h2 class=\"wp-block-heading\">Pimpompin<\/h2>\n\n\n\n<p><strong>Pimpompin<\/strong> is een schoorsteenveger gevestigd in <strong>Martignas-sur-Jalle<\/strong> (Gironde), werkzaam in het hele departement: Bordeaux, M\u00e9rignac, Le Haillan en omliggende steden.<\/p>\n\n\n\n<ul class=\"wp-block-list\">\n<li>Biedt schoorsteenveegpakketten en behandelingen voor <strong>dak mos verwijderen<\/strong>.<\/li>\n\n\n\n<li>Recente regelgeving: het decreet van 20 juli 2023 vereist nu een <strong>verplicht jaarlijks vegen<\/strong> voor vaste brandstoftoestellen.<\/li>\n\n\n\n<li>Ambachtelijk <strong>gekwalificeerde en gecertificeerde professional in schoorsteenvegen en rookbeheersing<\/strong>.<\/li>\n\n\n\n<li>Een afspraak maken <strong>uitsluitend online<\/strong>, met het \u00abFAST RAMO\u00bb pakket voor het stookseizoen.<\/li>\n\n\n\n<li>Transparante prijzen: duidelijke weergave van prijzen (bijv. \u20ac149 met de code FAST RAMO).<\/li>\n\n\n\n<li>Lokale betrokkenheid en duidelijke communicatie over wettelijke verplichtingen.<\/li>\n<\/ul>\n\n\n\n<p>\ud83d\udc49 Als je in de Gironde bent en een schoorsteenveger of dakbewerker nodig hebt, <strong>Pimpompin<\/strong> is een betrouwbare, moderne en conforme partner. <a href=\"https:\/\/www.pimpompin.com\/\" target=\"_blank\" rel=\"noreferrer noopener\">Bezoek hun site \u2192<\/a><img decoding=\"async\" src=\"https:\/\/www.pagesjaunes.fr\/media\/newdam\/e1\/66\/31\/00\/00\/80\/f3\/bb\/34\/65\/6855e16631000080f3bb3465\/6855e16631000080f3bb3466.jpg\" alt=\"Le Vaillant Ramonage &amp; Frelons\"><\/p>\n\n\n\n<h2 class=\"wp-block-heading\">Le Vaillant Schoorsteenvegen &amp; Horzels<\/h2>\n\n\n\n<p><strong>Le Vaillant Schoorsteenvegen &amp; Horzels<\/strong> is een professionele schoorsteenveger die werkt in de <strong>C\u00f4tes-d'Armor<\/strong> (en af en toe in de Eure-et-Loir). Het is een uitgebreide benadering van <strong>effici\u00ebnte, milieuvriendelijke en veilige verwarming<\/strong>.<\/p>\n\n\n\n<ul class=\"wp-block-list\">\n<li>Gespecialiseerd in <strong>onderhoud, diagnose en schoorsteenvegen<\/strong> schoorsteenpijpen.<\/li>\n\n\n\n<li>Schoorsteenveger <strong>afgestudeerd aan COSTIC<\/strong> (Wetenschappelijk en Technisch Comit\u00e9 voor de Klimaatindustrie).<\/li>\n\n\n\n<li>Levert een <strong>erkend certificaat<\/strong> erkend door huisverzekeringsmaatschappijen.<\/li>\n\n\n\n<li>Belangrijkste verzorgingsgebied: Paimpol, Saint-Quay-Portrieux, Binic, Guingamp, Lannion, Perros-Guirec, met uitbreidingen naar Chartres, Dreux, Nogent-le-Roi en Maintenon.<\/li>\n\n\n\n<li>Adres: 1 Lieu-dit Vin Pont N\u00e9vez - 22260 Quemper-Gu\u00e9zennec<\/li>\n\n\n\n<li>Telefoon: 06 14 70 18 03<\/li>\n\n\n\n<li>We werken ook voor <strong>vernietiging van wespen- en horzelnesten<\/strong>.<\/li>\n<\/ul>\n\n\n\n<p>\ud83d\udc49 Als je in C\u00f4tes-d'Armor of Eure-et-Loir bent, <strong>Le Vaillant Schoorsteenvegen &amp; Horzels<\/strong> is een vertrouwde partner, zowel technisch als responsief. <a href=\"https:\/\/www.levaillant-ramonage.com\/\" target=\"_blank\" rel=\"noreferrer noopener\">Bezoek hun site \u2192<\/a><\/p>","protected":false},"excerpt":{"rendered":"<p>Nos Ramoneurs Partenaires Tous les professionnels pr\u00e9sent\u00e9s sur cette page sont dipl\u00f4m\u00e9s et qualifi\u00e9s dans le domaine du ramonage et de la fumisterie. Ils exercent dans le respect des normes en vigueur et d\u00e9livrent un certificat conforme reconnu par les assurances. Pimpompin Pimpompin est un artisan ramoneur bas\u00e9 \u00e0 Martignas-sur-Jalle (Gironde), intervenant dans tout le&#8230;<\/p>","protected":false},"author":1,"featured_media":0,"parent":0,"menu_order":0,"comment_status":"closed","ping_status":"closed","template":"","meta":{"_kadence_starter_templates_imported_post":false,"_kad_post_transparent":"","_kad_post_title":"","_kad_post_layout":"","_kad_post_sidebar_id":"","_kad_post_content_style":"","_kad_post_vertical_padding":"","_kad_post_feature":"","_kad_post_feature_position":"","_kad_post_header":false,"_kad_post_footer":false,"_kad_post_classname":"","footnotes":""},"class_list":["post-86","page","type-page","status-publish","hentry"],"_links":{"self":[{"href":"https:\/\/www.leramoneurdeseglien.bzh\/nl\/wp-json\/wp\/v2\/pages\/86","targetHints":{"allow":["GET"]}}],"collection":[{"href":"https:\/\/www.leramoneurdeseglien.bzh\/nl\/wp-json\/wp\/v2\/pages"}],"about":[{"href":"https:\/\/www.leramoneurdeseglien.bzh\/nl\/wp-json\/wp\/v2\/types\/page"}],"author":[{"embeddable":true,"href":"https:\/\/www.leramoneurdeseglien.bzh\/nl\/wp-json\/wp\/v2\/users\/1"}],"replies":[{"embeddable":true,"href":"https:\/\/www.leramoneurdeseglien.bzh\/nl\/wp-json\/wp\/v2\/comments?post=86"}],"version-history":[{"count":2,"href":"https:\/\/www.leramoneurdeseglien.bzh\/nl\/wp-json\/wp\/v2\/pages\/86\/revisions"}],"predecessor-version":[{"id":88,"href":"https:\/\/www.leramoneurdeseglien.bzh\/nl\/wp-json\/wp\/v2\/pages\/86\/revisions\/88"}],"wp:attachment":[{"href":"https:\/\/www.leramoneurdeseglien.bzh\/nl\/wp-json\/wp\/v2\/media?parent=86"}],"curies":[{"name":"wp","href":"https:\/\/api.w.org\/{rel}","templated":true}]}}